{"id":27809,"date":"2019-05-02T13:26:35","date_gmt":"2019-05-02T11:26:35","guid":{"rendered":"https:\/\/www.chateau-rieutort.fr\/spa\/"},"modified":"2021-04-16T10:24:03","modified_gmt":"2021-04-16T08:24:03","slug":"spa","status":"publish","type":"page","link":"https:\/\/www.chateau-rieutort.fr\/en\/spa\/","title":{"rendered":"Espace d\u00e9tente &#038; Spa"},"content":{"rendered":"<p>[et_pb_section fb_built=&#8221;1&#8243; fullwidth=&#8221;on&#8221; custom_padding_last_edited=&#8221;off|&#8221; disabled_on=&#8221;off|off|off&#8221; _builder_version=&#8221;3.22.3&#8243;][et_pb_fullwidth_header title=&#8221;Spa %22Campagne CHIC%22&#8243; text_orientation=&#8221;center&#8221; content_max_width=&#8221;none&#8221; module_class=&#8221;rieutort&#8221; _builder_version=&#8221;3.22.5&#8243; title_font=&#8221;||||||||&#8221; content_font=&#8221;||||||||&#8221; subhead_font=&#8221;||||||||&#8221; background_color=&#8221;rgba(255,255,255,0)&#8221; background_image=&#8221;https:\/\/www.chateau-rieutort.fr\/wp-content\/uploads\/espace-detente-spa.jpg&#8221; button_one_text_size__hover_enabled=&#8221;off&#8221; button_two_text_size__hover_enabled=&#8221;off&#8221; button_one_text_color__hover_enabled=&#8221;off&#8221; button_two_text_color__hover_enabled=&#8221;off&#8221; button_one_border_width__hover_enabled=&#8221;off&#8221; button_two_border_width__hover_enabled=&#8221;off&#8221; button_one_border_color__hover_enabled=&#8221;off&#8221; button_two_border_color__hover_enabled=&#8221;off&#8221; button_one_border_radius__hover_enabled=&#8221;off&#8221; button_two_border_radius__hover_enabled=&#8221;off&#8221; button_one_letter_spacing__hover_enabled=&#8221;off&#8221; button_two_letter_spacing__hover_enabled=&#8221;off&#8221; button_one_bg_color__hover_enabled=&#8221;off&#8221; button_two_bg_color__hover_enabled=&#8221;off&#8221;][\/et_pb_fullwidth_header][\/et_pb_section][et_pb_section fb_built=&#8221;1&#8243; _builder_version=&#8221;3.22.3&#8243; custom_padding=&#8221;0px|||&#8221; transparent_background=&#8221;off&#8221;][et_pb_row column_structure=&#8221;3_4,1_4&#8243; _builder_version=&#8221;3.25&#8243; background_size=&#8221;initial&#8221; background_position=&#8221;top_left&#8221; background_repeat=&#8221;repeat&#8221;][et_pb_column type=&#8221;3_4&#8243; module_class=&#8221;ecc-location-interval&#8221; _builder_version=&#8221;3.25&#8243; custom_padding=&#8221;|||&#8221; custom_padding__hover=&#8221;|||&#8221;][et_pb_text admin_label=&#8221;Texte: Intro&#8221; _builder_version=&#8221;4.9.1&#8243; text_font=&#8221;||||||||&#8221; header_font=&#8221;||||||||&#8221; background_size=&#8221;initial&#8221; background_position=&#8221;top_left&#8221; background_repeat=&#8221;repeat&#8221; text_orientation=&#8221;justified&#8221; hover_enabled=&#8221;0&#8243; border_style=&#8221;solid&#8221; sticky_enabled=&#8221;0&#8243;]<\/p>\n<p>The &#8220;Campagne CHIC&#8221; spa was created to offer guests of the ch\u00e2teau moments of intense relaxation during their stay.<\/p>\n<p>In an idyllic setting, the spa is an invitation to relax, with its large jacuzzi, its spacious sauna and its entire range of treatments and massages with essential oils and hot stones.<\/p>\n<p>Come and discover the treatments for the face, body and mind. Choose from a range of facials, body scrubs, wraps and massages. Treat your hands and feet. Release your tensions in the infrared or Finnish sauna before relaxing in the superb Jacuzzi.<\/p>\n<p>Chromatherapy and aromatherapy are also on the menu, in the sauna and during massages.<\/p>\n<p>[\/et_pb_text][et_pb_text admin_label=&#8221;Texte: Intro&#8221; _builder_version=&#8221;4.9.1&#8243; text_font=&#8221;||||||||&#8221; header_font=&#8221;||||||||&#8221; background_size=&#8221;initial&#8221; background_position=&#8221;top_left&#8221; background_repeat=&#8221;repeat&#8221; text_orientation=&#8221;justified&#8221; hover_enabled=&#8221;0&#8243; border_style=&#8221;solid&#8221; sticky_enabled=&#8221;0&#8243;]<\/p>\n<h2>Jeune &amp; Science<\/h2>\n<p><a href=\"https:\/\/jeune-et-science.com\/fr\/\" target=\"_blank\" rel=\"noopener\"><img loading=\"lazy\" decoding=\"async\" src=\"https:\/\/www.chateau-rieutort.fr\/wp-content\/uploads\/jeune-et-science.jpg\" width=\"179\" height=\"108\" alt=\"\" class=\"wp-image-28312 alignright size-full\" \/><\/a>Pamper your skin with innovative, 100% French, luxurious beauty products from JEUNE &amp; SCIENCE.<\/p>\n<p>Experience the ultimate skin care with our exclusive treatments that merge deep relaxation with antioxidant and paraben free cosmetics of our SPA manager, a highly qualified skin specialist &#8211; Jo\u00eblle. Fight oxidative stress for sooth, nourished and relaxed skin radiating with its natural beauty.<\/p>\n<p>[\/et_pb_text][et_pb_text admin_label=&#8221;Texte: Intro&#8221; _builder_version=&#8221;4.9.1&#8243; text_font=&#8221;||||||||&#8221; header_font=&#8221;||||||||&#8221; background_size=&#8221;initial&#8221; background_position=&#8221;top_left&#8221; background_repeat=&#8221;repeat&#8221; text_orientation=&#8221;justified&#8221; hover_enabled=&#8221;0&#8243; border_style=&#8221;solid&#8221; sticky_enabled=&#8221;0&#8243;]<\/p>\n<h2>Access to the SPA<\/h2>\n<p>It is not compulsory to spend the night at the Ch\u00e2teau to enjoy relaxation in our SPA. We offer a DAY PASS at the price of 45 \u20ac per person allowing access to the SPA (Sauna &amp; Jacuzzi) as well as to our swimming pools.\u00a0<\/p>\n<p>[\/et_pb_text][et_pb_gallery gallery_ids=&#8221;28289,28291,28293,28295,28297,28299,28301,28303&#8243; posts_number=&#8221;10&#8243; show_title_and_caption=&#8221;off&#8221; show_pagination=&#8221;off&#8221; module_class=&#8221;rieutort&#8221; _builder_version=&#8221;4.9.1&#8243; _module_preset=&#8221;default&#8221;][\/et_pb_gallery][et_pb_text _builder_version=&#8221;4.9.1&#8243; _module_preset=&#8221;default&#8221; hover_enabled=&#8221;0&#8243; sticky_enabled=&#8221;0&#8243;]<\/p>\n<p><span>Photos by Kate Wyrembelska &#8211; <\/span><a href=\"https:\/\/fr.kwkate.com\/\">https:\/\/fr.kwkate.com\/<\/a><\/p>\n<p>[\/et_pb_text][\/et_pb_column][et_pb_column type=&#8221;1_4&#8243; _builder_version=&#8221;3.25&#8243; custom_padding=&#8221;|||&#8221; custom_padding__hover=&#8221;|||&#8221;][et_pb_cta title=&#8221;SPA Campagne Chic&#8221; button_url=&#8221;https:\/\/www.chateau-rieutort.fr\/wp-content\/uploads\/spa-campagne-chic-catalog.pdf&#8221; url_new_window=&#8221;on&#8221; button_text=&#8221;Spa 2021&#8243; _builder_version=&#8221;4.9.1&#8243; custom_button=&#8221;on&#8221; button_icon=&#8221;%%266%%&#8221; button_icon_placement=&#8221;left&#8221; button_on_hover=&#8221;off&#8221; button_alignment=&#8221;center&#8221; button_custom_padding=&#8221;||||false|false&#8221; module_alignment=&#8221;center&#8221; hover_enabled=&#8221;0&#8243; locked=&#8221;off&#8221; sticky_enabled=&#8221;0&#8243;]Download our 2021 price catalog.[\/et_pb_cta][et_pb_text admin_label=&#8221;Texte: Intro&#8221; _builder_version=&#8221;4.9.1&#8243; text_font=&#8221;||||||||&#8221; header_font=&#8221;||||||||&#8221; background_size=&#8221;initial&#8221; background_position=&#8221;top_left&#8221; background_repeat=&#8221;repeat&#8221; text_orientation=&#8221;justified&#8221; hover_enabled=&#8221;0&#8243; border_style=&#8221;solid&#8221; sticky_enabled=&#8221;0&#8243;]<\/p>\n<h2>Gift ideas<\/h2>\n<p>Are you looking for a gift for someone special to you? Why won&#8217;t you consider our <strong>SPA DAY PASS,<\/strong> a relaxing or a tantric massage or the luxurious cosmetics of <strong>JEUNE &amp; SCIENCE?<\/strong> <\/p>\n<blockquote class=\"wp-embedded-content\" data-secret=\"sbVmMEO0Dy\"><p><a href=\"https:\/\/www.chateau-rieutort.fr\/reservation\/bon-cadeau\/\">Bon Cadeau<\/a><\/p><\/blockquote>\n<p><iframe loading=\"lazy\" class=\"wp-embedded-content\" sandbox=\"allow-scripts\" security=\"restricted\" style=\"position: absolute; clip: rect(1px, 1px, 1px, 1px);\" title=\"\u00ab\u00a0Bon Cadeau\u00a0\u00bb &#8212; G\u00eetes &amp; Chambres d&#039;h\u00f4tes - Ch\u00e2teau Rieutort\" src=\"https:\/\/www.chateau-rieutort.fr\/reservation\/bon-cadeau\/embed\/#?secret=sbVmMEO0Dy\" data-secret=\"sbVmMEO0Dy\" width=\"600\" height=\"338\" frameborder=\"0\" marginwidth=\"0\" marginheight=\"0\" scrolling=\"no\"><\/iframe><\/p>\n<p>[\/et_pb_text][\/et_pb_column][\/et_pb_row][\/et_pb_section]<\/p>\n","protected":false},"excerpt":{"rendered":"<p>[et_pb_section fb_built=&#8221;1&#8243; fullwidth=&#8221;on&#8221; custom_padding_last_edited=&#8221;off|&#8221; disabled_on=&#8221;off|off|off&#8221; _builder_version=&#8221;3.22.3&#8243;][et_pb_fullwidth_header title=&#8221;Spa %22Campagne CHIC%22&#8243; text_orientation=&#8221;center&#8221; content_max_width=&#8221;none&#8221; module_class=&#8221;rieutort&#8221; _builder_version=&#8221;3.22.5&#8243; title_font=&#8221;||||||||&#8221; content_font=&#8221;||||||||&#8221; subhead_font=&#8221;||||||||&#8221; background_color=&#8221;rgba(255,255,255,0)&#8221; background_image=&#8221;https:\/\/www.chateau-rieutort.fr\/wp-content\/uploads\/espace-detente-spa.jpg&#8221; button_one_text_size__hover_enabled=&#8221;off&#8221; button_two_text_size__hover_enabled=&#8221;off&#8221; button_one_text_color__hover_enabled=&#8221;off&#8221; button_two_text_color__hover_enabled=&#8221;off&#8221; button_one_border_width__hover_enabled=&#8221;off&#8221; button_two_border_width__hover_enabled=&#8221;off&#8221; button_one_border_color__hover_enabled=&#8221;off&#8221; button_two_border_color__hover_enabled=&#8221;off&#8221; button_one_border_radius__hover_enabled=&#8221;off&#8221; button_two_border_radius__hover_enabled=&#8221;off&#8221; button_one_letter_spacing__hover_enabled=&#8221;off&#8221; button_two_letter_spacing__hover_enabled=&#8221;off&#8221; button_one_bg_color__hover_enabled=&#8221;off&#8221; button_two_bg_color__hover_enabled=&#8221;off&#8221;][\/et_pb_fullwidth_header][\/et_pb_section][et_pb_section fb_built=&#8221;1&#8243; _builder_version=&#8221;3.22.3&#8243; custom_padding=&#8221;0px|||&#8221; transparent_background=&#8221;off&#8221;][et_pb_row column_structure=&#8221;3_4,1_4&#8243; _builder_version=&#8221;3.25&#8243; background_size=&#8221;initial&#8221; background_position=&#8221;top_left&#8221; background_repeat=&#8221;repeat&#8221;][et_pb_column type=&#8221;3_4&#8243; module_class=&#8221;ecc-location-interval&#8221; _builder_version=&#8221;3.25&#8243; custom_padding=&#8221;|||&#8221; custom_padding__hover=&#8221;|||&#8221;][et_pb_text admin_label=&#8221;Texte: Intro&#8221; _builder_version=&#8221;4.9.1&#8243; text_font=&#8221;||||||||&#8221; header_font=&#8221;||||||||&#8221; background_size=&#8221;initial&#8221; background_position=&#8221;top_left&#8221; background_repeat=&#8221;repeat&#8221; text_orientation=&#8221;justified&#8221; [&hellip;]<\/p>\n","protected":false},"author":4,"featured_media":0,"parent":0,"menu_order":0,"comment_status":"closed","ping_status":"closed","template":"","meta":{"_acf_changed":false,"_et_pb_use_builder":"on","_et_pb_old_content":"","_et_gb_content_width":"","footnotes":""},"class_list":["post-27809","page","type-page","status-publish","hentry"],"acf":[],"yoast_head":"<!-- This site is optimized with the Yoast SEO plugin v26.7 - https:\/\/yoast.com\/wordpress\/plugins\/seo\/ -->\n<title>Espace d\u00e9tente &amp; Spa - G\u00eetes &amp; Chambres d&#039;h\u00f4te Ch\u00e2teau Rieutort<\/title>\n<meta name=\"robots\" content=\"index, follow, max-snippet:-1, max-image-preview:large, max-video-preview:-1\" \/>\n<link rel=\"canonical\" href=\"https:\/\/www.chateau-rieutort.fr\/en\/spa\/\" \/>\n<meta property=\"og:locale\" content=\"en_US\" \/>\n<meta property=\"og:type\" content=\"article\" \/>\n<meta property=\"og:title\" content=\"Espace d\u00e9tente &amp; Spa - G\u00eetes &amp; Chambres d&#039;h\u00f4te Ch\u00e2teau Rieutort\" \/>\n<meta property=\"og:description\" content=\"[et_pb_section fb_built=&#8221;1&#8243; fullwidth=&#8221;on&#8221; custom_padding_last_edited=&#8221;off|&#8221; disabled_on=&#8221;off|off|off&#8221; _builder_version=&#8221;3.22.3&#8243;][et_pb_fullwidth_header title=&#8221;Spa %22Campagne CHIC%22&#8243; text_orientation=&#8221;center&#8221; content_max_width=&#8221;none&#8221; module_class=&#8221;rieutort&#8221; _builder_version=&#8221;3.22.5&#8243; title_font=&#8221;||||||||&#8221; content_font=&#8221;||||||||&#8221; subhead_font=&#8221;||||||||&#8221; background_color=&#8221;rgba(255,255,255,0)&#8221; background_image=&#8221;https:\/\/www.chateau-rieutort.fr\/wp-content\/uploads\/espace-detente-spa.jpg&#8221; button_one_text_size__hover_enabled=&#8221;off&#8221; button_two_text_size__hover_enabled=&#8221;off&#8221; button_one_text_color__hover_enabled=&#8221;off&#8221; button_two_text_color__hover_enabled=&#8221;off&#8221; button_one_border_width__hover_enabled=&#8221;off&#8221; button_two_border_width__hover_enabled=&#8221;off&#8221; button_one_border_color__hover_enabled=&#8221;off&#8221; button_two_border_color__hover_enabled=&#8221;off&#8221; button_one_border_radius__hover_enabled=&#8221;off&#8221; button_two_border_radius__hover_enabled=&#8221;off&#8221; button_one_letter_spacing__hover_enabled=&#8221;off&#8221; button_two_letter_spacing__hover_enabled=&#8221;off&#8221; button_one_bg_color__hover_enabled=&#8221;off&#8221; button_two_bg_color__hover_enabled=&#8221;off&#8221;][\/et_pb_fullwidth_header][\/et_pb_section][et_pb_section fb_built=&#8221;1&#8243; _builder_version=&#8221;3.22.3&#8243; custom_padding=&#8221;0px|||&#8221; transparent_background=&#8221;off&#8221;][et_pb_row column_structure=&#8221;3_4,1_4&#8243; _builder_version=&#8221;3.25&#8243; background_size=&#8221;initial&#8221; background_position=&#8221;top_left&#8221; background_repeat=&#8221;repeat&#8221;][et_pb_column type=&#8221;3_4&#8243; module_class=&#8221;ecc-location-interval&#8221; _builder_version=&#8221;3.25&#8243; custom_padding=&#8221;|||&#8221; custom_padding__hover=&#8221;|||&#8221;][et_pb_text admin_label=&#8221;Texte: Intro&#8221; _builder_version=&#8221;4.9.1&#8243; text_font=&#8221;||||||||&#8221; header_font=&#8221;||||||||&#8221; background_size=&#8221;initial&#8221; background_position=&#8221;top_left&#8221; background_repeat=&#8221;repeat&#8221; text_orientation=&#8221;justified&#8221; [&hellip;]\" \/>\n<meta property=\"og:url\" content=\"https:\/\/www.chateau-rieutort.fr\/en\/spa\/\" \/>\n<meta property=\"og:site_name\" content=\"G\u00eetes &amp; Chambres d&#039;h\u00f4te %%sep%% Ch\u00e2teau Rieutort\" \/>\n<meta property=\"article:modified_time\" content=\"2021-04-16T08:24:03+00:00\" \/>\n<meta property=\"og:image\" content=\"https:\/\/www.chateau-rieutort.fr\/wp-content\/uploads\/jeune-et-science.jpg\" \/>\n<meta name=\"twitter:card\" content=\"summary_large_image\" \/>\n<meta name=\"twitter:label1\" content=\"Est. reading time\" \/>\n\t<meta name=\"twitter:data1\" content=\"4 minutes\" \/>\n<script type=\"application\/ld+json\" class=\"yoast-schema-graph\">{\"@context\":\"https:\/\/schema.org\",\"@graph\":[{\"@type\":\"WebPage\",\"@id\":\"https:\/\/www.chateau-rieutort.fr\/en\/spa\/\",\"url\":\"https:\/\/www.chateau-rieutort.fr\/en\/spa\/\",\"name\":\"Espace d\u00e9tente & Spa - G\u00eetes &amp; Chambres d&#039;h\u00f4te Ch\u00e2teau Rieutort\",\"isPartOf\":{\"@id\":\"https:\/\/www.chateau-rieutort.fr\/#website\"},\"primaryImageOfPage\":{\"@id\":\"https:\/\/www.chateau-rieutort.fr\/en\/spa\/#primaryimage\"},\"image\":{\"@id\":\"https:\/\/www.chateau-rieutort.fr\/en\/spa\/#primaryimage\"},\"thumbnailUrl\":\"https:\/\/www.chateau-rieutort.fr\/wp-content\/uploads\/jeune-et-science.jpg\",\"datePublished\":\"2019-05-02T11:26:35+00:00\",\"dateModified\":\"2021-04-16T08:24:03+00:00\",\"breadcrumb\":{\"@id\":\"https:\/\/www.chateau-rieutort.fr\/en\/spa\/#breadcrumb\"},\"inLanguage\":\"en-US\",\"potentialAction\":[{\"@type\":\"ReadAction\",\"target\":[\"https:\/\/www.chateau-rieutort.fr\/en\/spa\/\"]}]},{\"@type\":\"ImageObject\",\"inLanguage\":\"en-US\",\"@id\":\"https:\/\/www.chateau-rieutort.fr\/en\/spa\/#primaryimage\",\"url\":\"https:\/\/www.chateau-rieutort.fr\/wp-content\/uploads\/jeune-et-science.jpg\",\"contentUrl\":\"https:\/\/www.chateau-rieutort.fr\/wp-content\/uploads\/jeune-et-science.jpg\"},{\"@type\":\"BreadcrumbList\",\"@id\":\"https:\/\/www.chateau-rieutort.fr\/en\/spa\/#breadcrumb\",\"itemListElement\":[{\"@type\":\"ListItem\",\"position\":1,\"name\":\"Accueil\",\"item\":\"https:\/\/www.chateau-rieutort.fr\/en\/\"},{\"@type\":\"ListItem\",\"position\":2,\"name\":\"Espace d\u00e9tente &#038; Spa\"}]},{\"@type\":\"WebSite\",\"@id\":\"https:\/\/www.chateau-rieutort.fr\/#website\",\"url\":\"https:\/\/www.chateau-rieutort.fr\/\",\"name\":\"G\u00eetes &amp; Chambres d&#039;h\u00f4te %%sep%% Ch\u00e2teau Rieutort\",\"description\":\"Vignoble G\u00eetes Chambres d&#039;h\u00f4tes Languedoc Occitanie\",\"potentialAction\":[{\"@type\":\"SearchAction\",\"target\":{\"@type\":\"EntryPoint\",\"urlTemplate\":\"https:\/\/www.chateau-rieutort.fr\/?s={search_term_string}\"},\"query-input\":{\"@type\":\"PropertyValueSpecification\",\"valueRequired\":true,\"valueName\":\"search_term_string\"}}],\"inLanguage\":\"en-US\"}]}<\/script>\n<!-- \/ Yoast SEO plugin. -->","yoast_head_json":{"title":"Espace d\u00e9tente & Spa - G\u00eetes &amp; Chambres d&#039;h\u00f4te Ch\u00e2teau Rieutort","robots":{"index":"index","follow":"follow","max-snippet":"max-snippet:-1","max-image-preview":"max-image-preview:large","max-video-preview":"max-video-preview:-1"},"canonical":"https:\/\/www.chateau-rieutort.fr\/en\/spa\/","og_locale":"en_US","og_type":"article","og_title":"Espace d\u00e9tente & Spa - G\u00eetes &amp; Chambres d&#039;h\u00f4te Ch\u00e2teau Rieutort","og_description":"[et_pb_section fb_built=&#8221;1&#8243; fullwidth=&#8221;on&#8221; custom_padding_last_edited=&#8221;off|&#8221; disabled_on=&#8221;off|off|off&#8221; _builder_version=&#8221;3.22.3&#8243;][et_pb_fullwidth_header title=&#8221;Spa %22Campagne CHIC%22&#8243; text_orientation=&#8221;center&#8221; content_max_width=&#8221;none&#8221; module_class=&#8221;rieutort&#8221; _builder_version=&#8221;3.22.5&#8243; title_font=&#8221;||||||||&#8221; content_font=&#8221;||||||||&#8221; subhead_font=&#8221;||||||||&#8221; background_color=&#8221;rgba(255,255,255,0)&#8221; background_image=&#8221;https:\/\/www.chateau-rieutort.fr\/wp-content\/uploads\/espace-detente-spa.jpg&#8221; button_one_text_size__hover_enabled=&#8221;off&#8221; button_two_text_size__hover_enabled=&#8221;off&#8221; button_one_text_color__hover_enabled=&#8221;off&#8221; button_two_text_color__hover_enabled=&#8221;off&#8221; button_one_border_width__hover_enabled=&#8221;off&#8221; button_two_border_width__hover_enabled=&#8221;off&#8221; button_one_border_color__hover_enabled=&#8221;off&#8221; button_two_border_color__hover_enabled=&#8221;off&#8221; button_one_border_radius__hover_enabled=&#8221;off&#8221; button_two_border_radius__hover_enabled=&#8221;off&#8221; button_one_letter_spacing__hover_enabled=&#8221;off&#8221; button_two_letter_spacing__hover_enabled=&#8221;off&#8221; button_one_bg_color__hover_enabled=&#8221;off&#8221; button_two_bg_color__hover_enabled=&#8221;off&#8221;][\/et_pb_fullwidth_header][\/et_pb_section][et_pb_section fb_built=&#8221;1&#8243; _builder_version=&#8221;3.22.3&#8243; custom_padding=&#8221;0px|||&#8221; transparent_background=&#8221;off&#8221;][et_pb_row column_structure=&#8221;3_4,1_4&#8243; _builder_version=&#8221;3.25&#8243; background_size=&#8221;initial&#8221; background_position=&#8221;top_left&#8221; background_repeat=&#8221;repeat&#8221;][et_pb_column type=&#8221;3_4&#8243; module_class=&#8221;ecc-location-interval&#8221; _builder_version=&#8221;3.25&#8243; custom_padding=&#8221;|||&#8221; custom_padding__hover=&#8221;|||&#8221;][et_pb_text admin_label=&#8221;Texte: Intro&#8221; _builder_version=&#8221;4.9.1&#8243; text_font=&#8221;||||||||&#8221; header_font=&#8221;||||||||&#8221; background_size=&#8221;initial&#8221; background_position=&#8221;top_left&#8221; background_repeat=&#8221;repeat&#8221; text_orientation=&#8221;justified&#8221; [&hellip;]","og_url":"https:\/\/www.chateau-rieutort.fr\/en\/spa\/","og_site_name":"G\u00eetes &amp; Chambres d&#039;h\u00f4te %%sep%% Ch\u00e2teau Rieutort","article_modified_time":"2021-04-16T08:24:03+00:00","og_image":[{"url":"https:\/\/www.chateau-rieutort.fr\/wp-content\/uploads\/jeune-et-science.jpg","type":"","width":"","height":""}],"twitter_card":"summary_large_image","twitter_misc":{"Est. reading time":"4 minutes"},"schema":{"@context":"https:\/\/schema.org","@graph":[{"@type":"WebPage","@id":"https:\/\/www.chateau-rieutort.fr\/en\/spa\/","url":"https:\/\/www.chateau-rieutort.fr\/en\/spa\/","name":"Espace d\u00e9tente & Spa - G\u00eetes &amp; Chambres d&#039;h\u00f4te Ch\u00e2teau Rieutort","isPartOf":{"@id":"https:\/\/www.chateau-rieutort.fr\/#website"},"primaryImageOfPage":{"@id":"https:\/\/www.chateau-rieutort.fr\/en\/spa\/#primaryimage"},"image":{"@id":"https:\/\/www.chateau-rieutort.fr\/en\/spa\/#primaryimage"},"thumbnailUrl":"https:\/\/www.chateau-rieutort.fr\/wp-content\/uploads\/jeune-et-science.jpg","datePublished":"2019-05-02T11:26:35+00:00","dateModified":"2021-04-16T08:24:03+00:00","breadcrumb":{"@id":"https:\/\/www.chateau-rieutort.fr\/en\/spa\/#breadcrumb"},"inLanguage":"en-US","potentialAction":[{"@type":"ReadAction","target":["https:\/\/www.chateau-rieutort.fr\/en\/spa\/"]}]},{"@type":"ImageObject","inLanguage":"en-US","@id":"https:\/\/www.chateau-rieutort.fr\/en\/spa\/#primaryimage","url":"https:\/\/www.chateau-rieutort.fr\/wp-content\/uploads\/jeune-et-science.jpg","contentUrl":"https:\/\/www.chateau-rieutort.fr\/wp-content\/uploads\/jeune-et-science.jpg"},{"@type":"BreadcrumbList","@id":"https:\/\/www.chateau-rieutort.fr\/en\/spa\/#breadcrumb","itemListElement":[{"@type":"ListItem","position":1,"name":"Accueil","item":"https:\/\/www.chateau-rieutort.fr\/en\/"},{"@type":"ListItem","position":2,"name":"Espace d\u00e9tente &#038; Spa"}]},{"@type":"WebSite","@id":"https:\/\/www.chateau-rieutort.fr\/#website","url":"https:\/\/www.chateau-rieutort.fr\/","name":"G\u00eetes &amp; Chambres d&#039;h\u00f4te %%sep%% Ch\u00e2teau Rieutort","description":"Vignoble G\u00eetes Chambres d&#039;h\u00f4tes Languedoc Occitanie","potentialAction":[{"@type":"SearchAction","target":{"@type":"EntryPoint","urlTemplate":"https:\/\/www.chateau-rieutort.fr\/?s={search_term_string}"},"query-input":{"@type":"PropertyValueSpecification","valueRequired":true,"valueName":"search_term_string"}}],"inLanguage":"en-US"}]}},"_links":{"self":[{"href":"https:\/\/www.chateau-rieutort.fr\/en\/wp-json\/wp\/v2\/pages\/27809","targetHints":{"allow":["GET"]}}],"collection":[{"href":"https:\/\/www.chateau-rieutort.fr\/en\/wp-json\/wp\/v2\/pages"}],"about":[{"href":"https:\/\/www.chateau-rieutort.fr\/en\/wp-json\/wp\/v2\/types\/page"}],"author":[{"embeddable":true,"href":"https:\/\/www.chateau-rieutort.fr\/en\/wp-json\/wp\/v2\/users\/4"}],"replies":[{"embeddable":true,"href":"https:\/\/www.chateau-rieutort.fr\/en\/wp-json\/wp\/v2\/comments?post=27809"}],"version-history":[{"count":20,"href":"https:\/\/www.chateau-rieutort.fr\/en\/wp-json\/wp\/v2\/pages\/27809\/revisions"}],"predecessor-version":[{"id":28410,"href":"https:\/\/www.chateau-rieutort.fr\/en\/wp-json\/wp\/v2\/pages\/27809\/revisions\/28410"}],"wp:attachment":[{"href":"https:\/\/www.chateau-rieutort.fr\/en\/wp-json\/wp\/v2\/media?parent=27809"}],"curies":[{"name":"wp","href":"https:\/\/api.w.org\/{rel}","templated":true}]}}