{"id":27238,"date":"2018-03-08T07:54:06","date_gmt":"2018-03-08T06:54:06","guid":{"rendered":"https:\/\/www.chateau-rieutort.fr\/?page_id=27238"},"modified":"2024-08-20T14:15:47","modified_gmt":"2024-08-20T12:15:47","slug":"prices","status":"publish","type":"page","link":"https:\/\/www.chateau-rieutort.fr\/en\/prices\/","title":{"rendered":"Prices 2020"},"content":{"rendered":"<p>[et_pb_section fb_built=&#8221;1&#8243; fullwidth=&#8221;on&#8221; _builder_version=&#8221;3.22&#8243;][et_pb_fullwidth_header title=&#8221;Prices 2024&#8243; text_orientation=&#8221;center&#8221; module_class=&#8221;rieutort&#8221; _builder_version=&#8221;3.16&#8243; background_color=&#8221;rgba(255, 255, 255, 0)&#8221; background_image=&#8221;https:\/\/www.chateau-rieutort.fr\/wp-content\/uploads\/entree-du-chateau.jpg&#8221; max_width_tablet=&#8221;50px&#8221; button_one_text_size__hover_enabled=&#8221;off&#8221; button_two_text_size__hover_enabled=&#8221;off&#8221; button_one_text_color__hover_enabled=&#8221;off&#8221; button_two_text_color__hover_enabled=&#8221;off&#8221; button_one_border_width__hover_enabled=&#8221;off&#8221; button_two_border_width__hover_enabled=&#8221;off&#8221; button_one_border_color__hover_enabled=&#8221;off&#8221; button_two_border_color__hover_enabled=&#8221;off&#8221; button_one_border_radius__hover_enabled=&#8221;off&#8221; button_two_border_radius__hover_enabled=&#8221;off&#8221; button_one_letter_spacing__hover_enabled=&#8221;off&#8221; button_two_letter_spacing__hover_enabled=&#8221;off&#8221; button_one_bg_color__hover_enabled=&#8221;off&#8221; button_two_bg_color__hover_enabled=&#8221;off&#8221;][\/et_pb_fullwidth_header][\/et_pb_section][et_pb_section fb_built=&#8221;1&#8243; _builder_version=&#8221;3.22&#8243; custom_padding=&#8221;56.3594px|0px|0|0px&#8221; locked=&#8221;off&#8221;][et_pb_row _builder_version=&#8221;3.25&#8243; background_size=&#8221;initial&#8221; background_position=&#8221;top_left&#8221; background_repeat=&#8221;repeat&#8221;][et_pb_column type=&#8221;4_4&#8243; _builder_version=&#8221;3.25&#8243; custom_padding=&#8221;|||&#8221; custom_padding__hover=&#8221;|||&#8221;][et_pb_text _builder_version=&#8221;3.27.4&#8243; locked=&#8221;off&#8221;]<\/p>\n<h2>Guest rooms<\/h2>\n<p><div class=\"ecc-table\">\r<div class=\"ecc-row ecc-row-first\"><\/div><div class=\"ecc-row\"><div class=\"ecc-col1\"><a href=\"https:\/\/www.chateau-rieutort.fr\/en\/guest-rooms\/syrah\/\">Suite Syrah<\/a> Air-conditioned luxury suite, 2nd floor, TV, vineyards and garden views, large furnished private terrace with jacuzzi - 70 sq m<br\/>5&nbsp;persons max.<\/div><div class=\"ecc-col2\">starting <span class=\"price\">379 EUR<\/span>per night<\/div><\/div><div class=\"ecc-row\"><div class=\"ecc-col1\"><a href=\"https:\/\/www.chateau-rieutort.fr\/en\/guest-rooms\/grenache\/\">Suite Grenache<\/a> Beautiful bright suite, second floor, garden view - 40 sq m<br\/>4&nbsp;persons max.<\/div><div class=\"ecc-col2\">starting <span class=\"price\">315 EUR<\/span>per night<\/div><\/div><div class=\"ecc-row\"><div class=\"ecc-col1\"><a href=\"https:\/\/www.chateau-rieutort.fr\/en\/guest-rooms\/viognier\/\">Suite Viognier<\/a> Charming Louis XV style suite, first floor, garden view - 40 sq m<br\/>4&nbsp;persons max.<\/div><div class=\"ecc-col2\">starting <span class=\"price\">315 EUR<\/span>per night<\/div><\/div><div class=\"ecc-row\"><div class=\"ecc-col1\"><a href=\"https:\/\/www.chateau-rieutort.fr\/en\/guest-rooms\/cinsault\/\">Suite Cinsault<\/a> Spacious suite with a high ornate ceiling and historic floor, on the ground floor, garden view and fireplace - 40 sq m<br\/>4&nbsp;persons max.<\/div><div class=\"ecc-col2\">starting <span class=\"price\">315 EUR<\/span>per night<\/div><\/div><div class=\"ecc-row\"><div class=\"ecc-col1\"><a href=\"https:\/\/www.chateau-rieutort.fr\/en\/guest-rooms\/merlot\/\">Double room Merlot<\/a> Cozy double room, perfect for a couple, first floor, garden view - 20 sq m<br\/>2&nbsp;persons max.<\/div><div class=\"ecc-col2\">starting <span class=\"price\">215 EUR<\/span>per night<\/div><\/div><\/div>\r<br \/>\n[\/et_pb_text][et_pb_text _builder_version=&#8221;3.27.4&#8243; text_text_color=&#8221;#999999&#8243; text_font_size=&#8221;15px&#8221; text_line_height=&#8221;1.2em&#8221; text_orientation=&#8221;justified&#8221;]<hr \/>\r\n\r\n<strong>For special offers, packages and non-refundable rates, please enter dates into the booking system to see results.<\/strong>\r\n\r\n<hr \/>\r\n\r\n<p>The rooms are available from 15:00 until 11:00 on the day of your departure.<br \/>\nBreakfast is served between 8:30 and 10:00.<\/p>\n<p>Prices depending on the room\/suite and season. Indicated prices are for 2 guests and include VAT. The cost of an additional room occupant is 30 EUR per night. Tourist tax not included to be paid on top.<\/p>\n<p><strong>From November till April reservations are accepted only for groups and events. No individual bookings are accepted during this period.<\/strong><\/p>\n<p><strong>You are welcome to telephone or e-mail us but booking must be made using the online booking system provided ; sorry.<\/strong><\/p>\n<p><strong>Price match:<\/strong> if you find our rooms or gites cheaper on any other web site please contact us with this information. We will match our price and offer you a further 5% discount for booking us directly.<\/p>\n\r\n<p style=\"text-align: center;\"><a href=\"https:\/\/www.chateau-rieutort.fr\/en\/booking\/\" class=\"button\">Book<\/a><\/p><br \/>\n[\/et_pb_text][\/et_pb_column][\/et_pb_row][\/et_pb_section][et_pb_section fb_built=&#8221;1&#8243; _builder_version=&#8221;3.22&#8243; custom_padding=&#8221;0|0px|56.3594px|0px&#8221; locked=&#8221;on&#8221;][et_pb_row _builder_version=&#8221;3.25&#8243; background_size=&#8221;initial&#8221; background_position=&#8221;top_left&#8221; background_repeat=&#8221;repeat&#8221;][et_pb_column type=&#8221;4_4&#8243; _builder_version=&#8221;3.25&#8243; custom_padding=&#8221;|||&#8221; custom_padding__hover=&#8221;|||&#8221;][et_pb_text _builder_version=&#8221;3.27.4&#8243;]<\/p>\n<h2>Gites<\/h2>\n<p><div class=\"ecc-table\">\r<div class=\"ecc-row ecc-row-first\"><\/div><div class=\"ecc-row\"><div class=\"ecc-col1\"><a href=\"https:\/\/www.chateau-rieutort.fr\/en\/gites\/grand-rieutort\/\">Grand Rieutort<\/a> Grande pi\u00e8ce \u00e0 vivre, 4 chambres double et immense terrasse priv\u00e9e de 100m\u00b2 avec une vue magnifique sur le vignoble<br\/>11&nbsp;persons max.<\/div><div class=\"ecc-col2\">starting <span class=\"price\">3148.95 EUR<\/span><\/div><\/div><div class=\"ecc-row\"><div class=\"ecc-col1\"><a href=\"https:\/\/www.chateau-rieutort.fr\/en\/gites\/petit-rieutort\/\">Petit Rieutort<\/a> 3 chambres double, possibilit\u00e9 d'une chambre annexe, terrasse priv\u00e9e avec jacuzzi<br\/>10&nbsp;persons max.<\/div><div class=\"ecc-col2\">starting <span class=\"price\">2623.95 EUR<\/span><\/div><\/div><div class=\"ecc-row\"><div class=\"ecc-col1\"><a href=\"https:\/\/www.chateau-rieutort.fr\/en\/gites\/orangerie\/\">Orangery<\/a> Dans un monument charg\u00e9 d'histoire, 2 chambres double, un salon spacieux et 2 terrasses priv\u00e9es<br\/>4&nbsp;persons max.<\/div><div class=\"ecc-col2\">starting <span class=\"price\">2308.95 EUR<\/span><\/div><\/div><div class=\"ecc-row\"><div class=\"ecc-col1\"><a href=\"https:\/\/www.chateau-rieutort.fr\/en\/gites\/barriques\/\">The Barrels<\/a> En rez-de-chauss\u00e9e, avec vue magnifique de la cave et des f\u00fbts de vin depuis une fen\u00eatre du salon, 2 chambres double et espace ext\u00e9rieur<br\/>6&nbsp;persons max.<\/div><div class=\"ecc-col2\">starting <span class=\"price\">2098.95 EUR<\/span><\/div><\/div><div class=\"ecc-row\"><div class=\"ecc-col1\"><a href=\"https:\/\/www.chateau-rieutort.fr\/en\/gites\/petite-fleur\/\">Petite Fleur<\/a> Perfect for small families<br\/>5&nbsp;persons max.<\/div><div class=\"ecc-col2\">starting <span class=\"price\">1993.95 EUR<\/span><\/div><\/div><div class=\"ecc-row\"><div class=\"ecc-col1\"><a href=\"https:\/\/www.chateau-rieutort.fr\/en\/gites\/pigeonnier\/\">Pigeonnier<\/a> Situated on the ground with the view of the pool and the park<br\/>4&nbsp;persons max.<\/div><div class=\"ecc-col2\">starting <span class=\"price\">1888.95 EUR<\/span><\/div><\/div><div class=\"ecc-row\"><div class=\"ecc-col1\"><a href=\"https:\/\/www.chateau-rieutort.fr\/en\/gites\/duo-amour\/\">Duo d&#8217;Amour<\/a> Id\u00e9al pour un couple, pour de douces nuits dans son lit \u00e0 baldaquin<br\/>3&nbsp;persons max.<\/div><div class=\"ecc-col2\">starting <span class=\"price\">1678.95 EUR<\/span><\/div><\/div><\/div>\r<br \/>\n[\/et_pb_text][et_pb_text _builder_version=&#8221;3.27.4&#8243; text_text_color=&#8221;#999999&#8243; text_font_size=&#8221;15px&#8221; text_line_height=&#8221;1.2em&#8221; text_orientation=&#8221;justified&#8221;]<hr \/>\r\n\r\n<strong>For special offers, packages and non-refundable rates, please enter dates into the booking system to see results.<\/strong>\r\n\r\n<hr \/>\r\n\r\n<p>Gites are available from 16h00 until 11h00 on the day of your departure.<\/p>\n<p>Prices per week depend on the gite and season and they include VAT. Prices for part weeks are available on request.<br \/>\nLow season: -30%<\/p>\n<p><strong>Minimum required stay is 3 nights in low season and 7 nights in high season.<\/strong><\/p>\n<p><strong>You are welcome to telephone or e-mail us but booking must be made using the online booking system provided ; sorry.<\/strong><\/p>\n<p><strong>Price match:<\/strong> if you will find our rooms or gites cheaper on any other web site please contact us with this information. We will match our price and offer you a further 5% discount for booking us directly.<\/p>\n\r\n<p style=\"text-align: center;\"><a href=\"https:\/\/www.chateau-rieutort.fr\/en\/booking\/\" class=\"button\">Book<\/a><\/p><br \/>\n[\/et_pb_text][\/et_pb_column][\/et_pb_row][\/et_pb_section]<\/p>\n","protected":false},"excerpt":{"rendered":"<p>[et_pb_section fb_built=&#8221;1&#8243; fullwidth=&#8221;on&#8221; _builder_version=&#8221;3.22&#8243;][et_pb_fullwidth_header title=&#8221;Prices 2024&#8243; text_orientation=&#8221;center&#8221; module_class=&#8221;rieutort&#8221; _builder_version=&#8221;3.16&#8243; background_color=&#8221;rgba(255, 255, 255, 0)&#8221; background_image=&#8221;https:\/\/www.chateau-rieutort.fr\/wp-content\/uploads\/entree-du-chateau.jpg&#8221; max_width_tablet=&#8221;50px&#8221; button_one_text_size__hover_enabled=&#8221;off&#8221; button_two_text_size__hover_enabled=&#8221;off&#8221; button_one_text_color__hover_enabled=&#8221;off&#8221; button_two_text_color__hover_enabled=&#8221;off&#8221; button_one_border_width__hover_enabled=&#8221;off&#8221; button_two_border_width__hover_enabled=&#8221;off&#8221; button_one_border_color__hover_enabled=&#8221;off&#8221; button_two_border_color__hover_enabled=&#8221;off&#8221; button_one_border_radius__hover_enabled=&#8221;off&#8221; button_two_border_radius__hover_enabled=&#8221;off&#8221; button_one_letter_spacing__hover_enabled=&#8221;off&#8221; button_two_letter_spacing__hover_enabled=&#8221;off&#8221; button_one_bg_color__hover_enabled=&#8221;off&#8221; button_two_bg_color__hover_enabled=&#8221;off&#8221;][\/et_pb_fullwidth_header][\/et_pb_section][et_pb_section fb_built=&#8221;1&#8243; _builder_version=&#8221;3.22&#8243; custom_padding=&#8221;56.3594px|0px|0|0px&#8221; locked=&#8221;off&#8221;][et_pb_row _builder_version=&#8221;3.25&#8243; background_size=&#8221;initial&#8221; background_position=&#8221;top_left&#8221; background_repeat=&#8221;repeat&#8221;][et_pb_column type=&#8221;4_4&#8243; _builder_version=&#8221;3.25&#8243; custom_padding=&#8221;|||&#8221; custom_padding__hover=&#8221;|||&#8221;][et_pb_text _builder_version=&#8221;3.27.4&#8243; locked=&#8221;off&#8221;] Guest rooms [\/et_pb_text][et_pb_text _builder_version=&#8221;3.27.4&#8243; text_text_color=&#8221;#999999&#8243; text_font_size=&#8221;15px&#8221; text_line_height=&#8221;1.2em&#8221; text_orientation=&#8221;justified&#8221;] [\/et_pb_text][\/et_pb_column][\/et_pb_row][\/et_pb_section][et_pb_section fb_built=&#8221;1&#8243; _builder_version=&#8221;3.22&#8243; custom_padding=&#8221;0|0px|56.3594px|0px&#8221; [&hellip;]<\/p>\n","protected":false},"author":4,"featured_media":25824,"parent":0,"menu_order":0,"comment_status":"closed","ping_status":"closed","template":"","meta":{"_acf_changed":false,"_et_pb_use_builder":"on","_et_pb_old_content":"","_et_gb_content_width":"","footnotes":""},"class_list":["post-27238","page","type-page","status-publish","has-post-thumbnail","hentry"],"acf":[],"yoast_head":"<!-- This site is optimized with the Yoast SEO plugin v26.7 - https:\/\/yoast.com\/wordpress\/plugins\/seo\/ -->\n<title>Prices 2020 - G\u00eetes &amp; Chambres d&#039;h\u00f4te Ch\u00e2teau Rieutort - Vineyard G\u00eetes Guest room Languedoc Occitanie<\/title>\n<meta name=\"robots\" content=\"index, follow, max-snippet:-1, max-image-preview:large, max-video-preview:-1\" \/>\n<link rel=\"canonical\" href=\"https:\/\/www.chateau-rieutort.fr\/en\/prices\/\" \/>\n<meta property=\"og:locale\" content=\"en_US\" \/>\n<meta property=\"og:type\" content=\"article\" \/>\n<meta property=\"og:title\" content=\"Prices 2020 - G\u00eetes &amp; Chambres d&#039;h\u00f4te Ch\u00e2teau Rieutort - Vineyard G\u00eetes Guest room Languedoc Occitanie\" \/>\n<meta property=\"og:description\" content=\"[et_pb_section fb_built=&#8221;1&#8243; fullwidth=&#8221;on&#8221; _builder_version=&#8221;3.22&#8243;][et_pb_fullwidth_header title=&#8221;Prices 2024&#8243; text_orientation=&#8221;center&#8221; module_class=&#8221;rieutort&#8221; _builder_version=&#8221;3.16&#8243; background_color=&#8221;rgba(255, 255, 255, 0)&#8221; background_image=&#8221;https:\/\/www.chateau-rieutort.fr\/wp-content\/uploads\/entree-du-chateau.jpg&#8221; max_width_tablet=&#8221;50px&#8221; button_one_text_size__hover_enabled=&#8221;off&#8221; button_two_text_size__hover_enabled=&#8221;off&#8221; button_one_text_color__hover_enabled=&#8221;off&#8221; button_two_text_color__hover_enabled=&#8221;off&#8221; button_one_border_width__hover_enabled=&#8221;off&#8221; button_two_border_width__hover_enabled=&#8221;off&#8221; button_one_border_color__hover_enabled=&#8221;off&#8221; button_two_border_color__hover_enabled=&#8221;off&#8221; button_one_border_radius__hover_enabled=&#8221;off&#8221; button_two_border_radius__hover_enabled=&#8221;off&#8221; button_one_letter_spacing__hover_enabled=&#8221;off&#8221; button_two_letter_spacing__hover_enabled=&#8221;off&#8221; button_one_bg_color__hover_enabled=&#8221;off&#8221; button_two_bg_color__hover_enabled=&#8221;off&#8221;][\/et_pb_fullwidth_header][\/et_pb_section][et_pb_section fb_built=&#8221;1&#8243; _builder_version=&#8221;3.22&#8243; custom_padding=&#8221;56.3594px|0px|0|0px&#8221; locked=&#8221;off&#8221;][et_pb_row _builder_version=&#8221;3.25&#8243; background_size=&#8221;initial&#8221; background_position=&#8221;top_left&#8221; background_repeat=&#8221;repeat&#8221;][et_pb_column type=&#8221;4_4&#8243; _builder_version=&#8221;3.25&#8243; custom_padding=&#8221;|||&#8221; custom_padding__hover=&#8221;|||&#8221;][et_pb_text _builder_version=&#8221;3.27.4&#8243; locked=&#8221;off&#8221;] Guest rooms [\/et_pb_text][et_pb_text _builder_version=&#8221;3.27.4&#8243; text_text_color=&#8221;#999999&#8243; text_font_size=&#8221;15px&#8221; text_line_height=&#8221;1.2em&#8221; text_orientation=&#8221;justified&#8221;] [\/et_pb_text][\/et_pb_column][\/et_pb_row][\/et_pb_section][et_pb_section fb_built=&#8221;1&#8243; _builder_version=&#8221;3.22&#8243; custom_padding=&#8221;0|0px|56.3594px|0px&#8221; [&hellip;]\" \/>\n<meta property=\"og:url\" content=\"https:\/\/www.chateau-rieutort.fr\/en\/prices\/\" \/>\n<meta property=\"og:site_name\" content=\"G\u00eetes &amp; Chambres d&#039;h\u00f4te %%sep%% Ch\u00e2teau Rieutort\" \/>\n<meta property=\"article:modified_time\" content=\"2024-08-20T12:15:47+00:00\" \/>\n<meta property=\"og:image\" content=\"https:\/\/www.chateau-rieutort.fr\/wp-content\/uploads\/entree-du-chateau.jpg\" \/>\n\t<meta property=\"og:image:width\" content=\"1920\" \/>\n\t<meta property=\"og:image:height\" content=\"1280\" \/>\n\t<meta property=\"og:image:type\" content=\"image\/jpeg\" \/>\n<meta name=\"twitter:card\" content=\"summary_large_image\" \/>\n<meta name=\"twitter:label1\" content=\"Est. reading time\" \/>\n\t<meta name=\"twitter:data1\" content=\"2 minutes\" \/>\n<script type=\"application\/ld+json\" class=\"yoast-schema-graph\">{\"@context\":\"https:\/\/schema.org\",\"@graph\":[{\"@type\":\"WebPage\",\"@id\":\"https:\/\/www.chateau-rieutort.fr\/en\/prices\/\",\"url\":\"https:\/\/www.chateau-rieutort.fr\/en\/prices\/\",\"name\":\"Prices 2020 - G\u00eetes &amp; Chambres d&#039;h\u00f4te Ch\u00e2teau Rieutort - Vineyard G\u00eetes Guest room Languedoc Occitanie\",\"isPartOf\":{\"@id\":\"https:\/\/www.chateau-rieutort.fr\/#website\"},\"primaryImageOfPage\":{\"@id\":\"https:\/\/www.chateau-rieutort.fr\/en\/prices\/#primaryimage\"},\"image\":{\"@id\":\"https:\/\/www.chateau-rieutort.fr\/en\/prices\/#primaryimage\"},\"thumbnailUrl\":\"https:\/\/www.chateau-rieutort.fr\/wp-content\/uploads\/entree-du-chateau.jpg\",\"datePublished\":\"2018-03-08T06:54:06+00:00\",\"dateModified\":\"2024-08-20T12:15:47+00:00\",\"breadcrumb\":{\"@id\":\"https:\/\/www.chateau-rieutort.fr\/en\/prices\/#breadcrumb\"},\"inLanguage\":\"en-US\",\"potentialAction\":[{\"@type\":\"ReadAction\",\"target\":[\"https:\/\/www.chateau-rieutort.fr\/en\/prices\/\"]}]},{\"@type\":\"ImageObject\",\"inLanguage\":\"en-US\",\"@id\":\"https:\/\/www.chateau-rieutort.fr\/en\/prices\/#primaryimage\",\"url\":\"https:\/\/www.chateau-rieutort.fr\/wp-content\/uploads\/entree-du-chateau.jpg\",\"contentUrl\":\"https:\/\/www.chateau-rieutort.fr\/wp-content\/uploads\/entree-du-chateau.jpg\",\"width\":1920,\"height\":1280},{\"@type\":\"BreadcrumbList\",\"@id\":\"https:\/\/www.chateau-rieutort.fr\/en\/prices\/#breadcrumb\",\"itemListElement\":[{\"@type\":\"ListItem\",\"position\":1,\"name\":\"Accueil\",\"item\":\"https:\/\/www.chateau-rieutort.fr\/en\/\"},{\"@type\":\"ListItem\",\"position\":2,\"name\":\"Prices 2020\"}]},{\"@type\":\"WebSite\",\"@id\":\"https:\/\/www.chateau-rieutort.fr\/#website\",\"url\":\"https:\/\/www.chateau-rieutort.fr\/\",\"name\":\"G\u00eetes &amp; Chambres d&#039;h\u00f4te %%sep%% Ch\u00e2teau Rieutort\",\"description\":\"Vignoble G\u00eetes Chambres d&#039;h\u00f4tes Languedoc Occitanie\",\"potentialAction\":[{\"@type\":\"SearchAction\",\"target\":{\"@type\":\"EntryPoint\",\"urlTemplate\":\"https:\/\/www.chateau-rieutort.fr\/?s={search_term_string}\"},\"query-input\":{\"@type\":\"PropertyValueSpecification\",\"valueRequired\":true,\"valueName\":\"search_term_string\"}}],\"inLanguage\":\"en-US\"}]}<\/script>\n<!-- \/ Yoast SEO plugin. -->","yoast_head_json":{"title":"Prices 2020 - G\u00eetes &amp; Chambres d&#039;h\u00f4te Ch\u00e2teau Rieutort - Vineyard G\u00eetes Guest room Languedoc Occitanie","robots":{"index":"index","follow":"follow","max-snippet":"max-snippet:-1","max-image-preview":"max-image-preview:large","max-video-preview":"max-video-preview:-1"},"canonical":"https:\/\/www.chateau-rieutort.fr\/en\/prices\/","og_locale":"en_US","og_type":"article","og_title":"Prices 2020 - G\u00eetes &amp; Chambres d&#039;h\u00f4te Ch\u00e2teau Rieutort - Vineyard G\u00eetes Guest room Languedoc Occitanie","og_description":"[et_pb_section fb_built=&#8221;1&#8243; fullwidth=&#8221;on&#8221; _builder_version=&#8221;3.22&#8243;][et_pb_fullwidth_header title=&#8221;Prices 2024&#8243; text_orientation=&#8221;center&#8221; module_class=&#8221;rieutort&#8221; _builder_version=&#8221;3.16&#8243; background_color=&#8221;rgba(255, 255, 255, 0)&#8221; background_image=&#8221;https:\/\/www.chateau-rieutort.fr\/wp-content\/uploads\/entree-du-chateau.jpg&#8221; max_width_tablet=&#8221;50px&#8221; button_one_text_size__hover_enabled=&#8221;off&#8221; button_two_text_size__hover_enabled=&#8221;off&#8221; button_one_text_color__hover_enabled=&#8221;off&#8221; button_two_text_color__hover_enabled=&#8221;off&#8221; button_one_border_width__hover_enabled=&#8221;off&#8221; button_two_border_width__hover_enabled=&#8221;off&#8221; button_one_border_color__hover_enabled=&#8221;off&#8221; button_two_border_color__hover_enabled=&#8221;off&#8221; button_one_border_radius__hover_enabled=&#8221;off&#8221; button_two_border_radius__hover_enabled=&#8221;off&#8221; button_one_letter_spacing__hover_enabled=&#8221;off&#8221; button_two_letter_spacing__hover_enabled=&#8221;off&#8221; button_one_bg_color__hover_enabled=&#8221;off&#8221; button_two_bg_color__hover_enabled=&#8221;off&#8221;][\/et_pb_fullwidth_header][\/et_pb_section][et_pb_section fb_built=&#8221;1&#8243; _builder_version=&#8221;3.22&#8243; custom_padding=&#8221;56.3594px|0px|0|0px&#8221; locked=&#8221;off&#8221;][et_pb_row _builder_version=&#8221;3.25&#8243; background_size=&#8221;initial&#8221; background_position=&#8221;top_left&#8221; background_repeat=&#8221;repeat&#8221;][et_pb_column type=&#8221;4_4&#8243; _builder_version=&#8221;3.25&#8243; custom_padding=&#8221;|||&#8221; custom_padding__hover=&#8221;|||&#8221;][et_pb_text _builder_version=&#8221;3.27.4&#8243; locked=&#8221;off&#8221;] Guest rooms [\/et_pb_text][et_pb_text _builder_version=&#8221;3.27.4&#8243; text_text_color=&#8221;#999999&#8243; text_font_size=&#8221;15px&#8221; text_line_height=&#8221;1.2em&#8221; text_orientation=&#8221;justified&#8221;] [\/et_pb_text][\/et_pb_column][\/et_pb_row][\/et_pb_section][et_pb_section fb_built=&#8221;1&#8243; _builder_version=&#8221;3.22&#8243; custom_padding=&#8221;0|0px|56.3594px|0px&#8221; [&hellip;]","og_url":"https:\/\/www.chateau-rieutort.fr\/en\/prices\/","og_site_name":"G\u00eetes &amp; Chambres d&#039;h\u00f4te %%sep%% Ch\u00e2teau Rieutort","article_modified_time":"2024-08-20T12:15:47+00:00","og_image":[{"width":1920,"height":1280,"url":"https:\/\/www.chateau-rieutort.fr\/wp-content\/uploads\/entree-du-chateau.jpg","type":"image\/jpeg"}],"twitter_card":"summary_large_image","twitter_misc":{"Est. reading time":"2 minutes"},"schema":{"@context":"https:\/\/schema.org","@graph":[{"@type":"WebPage","@id":"https:\/\/www.chateau-rieutort.fr\/en\/prices\/","url":"https:\/\/www.chateau-rieutort.fr\/en\/prices\/","name":"Prices 2020 - G\u00eetes &amp; Chambres d&#039;h\u00f4te Ch\u00e2teau Rieutort - Vineyard G\u00eetes Guest room Languedoc Occitanie","isPartOf":{"@id":"https:\/\/www.chateau-rieutort.fr\/#website"},"primaryImageOfPage":{"@id":"https:\/\/www.chateau-rieutort.fr\/en\/prices\/#primaryimage"},"image":{"@id":"https:\/\/www.chateau-rieutort.fr\/en\/prices\/#primaryimage"},"thumbnailUrl":"https:\/\/www.chateau-rieutort.fr\/wp-content\/uploads\/entree-du-chateau.jpg","datePublished":"2018-03-08T06:54:06+00:00","dateModified":"2024-08-20T12:15:47+00:00","breadcrumb":{"@id":"https:\/\/www.chateau-rieutort.fr\/en\/prices\/#breadcrumb"},"inLanguage":"en-US","potentialAction":[{"@type":"ReadAction","target":["https:\/\/www.chateau-rieutort.fr\/en\/prices\/"]}]},{"@type":"ImageObject","inLanguage":"en-US","@id":"https:\/\/www.chateau-rieutort.fr\/en\/prices\/#primaryimage","url":"https:\/\/www.chateau-rieutort.fr\/wp-content\/uploads\/entree-du-chateau.jpg","contentUrl":"https:\/\/www.chateau-rieutort.fr\/wp-content\/uploads\/entree-du-chateau.jpg","width":1920,"height":1280},{"@type":"BreadcrumbList","@id":"https:\/\/www.chateau-rieutort.fr\/en\/prices\/#breadcrumb","itemListElement":[{"@type":"ListItem","position":1,"name":"Accueil","item":"https:\/\/www.chateau-rieutort.fr\/en\/"},{"@type":"ListItem","position":2,"name":"Prices 2020"}]},{"@type":"WebSite","@id":"https:\/\/www.chateau-rieutort.fr\/#website","url":"https:\/\/www.chateau-rieutort.fr\/","name":"G\u00eetes &amp; Chambres d&#039;h\u00f4te %%sep%% Ch\u00e2teau Rieutort","description":"Vignoble G\u00eetes Chambres d&#039;h\u00f4tes Languedoc Occitanie","potentialAction":[{"@type":"SearchAction","target":{"@type":"EntryPoint","urlTemplate":"https:\/\/www.chateau-rieutort.fr\/?s={search_term_string}"},"query-input":{"@type":"PropertyValueSpecification","valueRequired":true,"valueName":"search_term_string"}}],"inLanguage":"en-US"}]}},"_links":{"self":[{"href":"https:\/\/www.chateau-rieutort.fr\/en\/wp-json\/wp\/v2\/pages\/27238","targetHints":{"allow":["GET"]}}],"collection":[{"href":"https:\/\/www.chateau-rieutort.fr\/en\/wp-json\/wp\/v2\/pages"}],"about":[{"href":"https:\/\/www.chateau-rieutort.fr\/en\/wp-json\/wp\/v2\/types\/page"}],"author":[{"embeddable":true,"href":"https:\/\/www.chateau-rieutort.fr\/en\/wp-json\/wp\/v2\/users\/4"}],"replies":[{"embeddable":true,"href":"https:\/\/www.chateau-rieutort.fr\/en\/wp-json\/wp\/v2\/comments?post=27238"}],"version-history":[{"count":13,"href":"https:\/\/www.chateau-rieutort.fr\/en\/wp-json\/wp\/v2\/pages\/27238\/revisions"}],"predecessor-version":[{"id":28488,"href":"https:\/\/www.chateau-rieutort.fr\/en\/wp-json\/wp\/v2\/pages\/27238\/revisions\/28488"}],"wp:featuredmedia":[{"embeddable":true,"href":"https:\/\/www.chateau-rieutort.fr\/en\/wp-json\/wp\/v2\/media\/25824"}],"wp:attachment":[{"href":"https:\/\/www.chateau-rieutort.fr\/en\/wp-json\/wp\/v2\/media?parent=27238"}],"curies":[{"name":"wp","href":"https:\/\/api.w.org\/{rel}","templated":true}]}}