{"id":26816,"date":"2017-05-10T14:56:17","date_gmt":"2017-05-10T12:56:17","guid":{"rendered":"https:\/\/www.chateau-rieutort.fr\/gites\/barriques\/"},"modified":"2026-01-12T11:55:00","modified_gmt":"2026-01-12T10:55:00","slug":"barriques","status":"publish","type":"page","link":"https:\/\/www.chateau-rieutort.fr\/en\/gites\/barriques\/","title":{"rendered":"The Barrels"},"content":{"rendered":"<p>[et_pb_section fb_built=&#8221;1&#8243; fullwidth=&#8221;on&#8221; custom_padding_last_edited=&#8221;off|&#8221; disabled_on=&#8221;off|off|off&#8221; _builder_version=&#8221;3.22.3&#8243;][et_pb_fullwidth_header title=&#8221;The Barrels&#8221; text_orientation=&#8221;center&#8221; module_class=&#8221;rieutort&#8221; _builder_version=&#8221;3.16&#8243; background_color=&#8221;rgba(255, 255, 255, 0)&#8221; background_image=&#8221;https:\/\/www.chateau-rieutort.fr\/wp-content\/uploads\/gite-languedoc-barriques.jpg&#8221; max_width_tablet=&#8221;50px&#8221; button_one_text_size__hover_enabled=&#8221;off&#8221; button_two_text_size__hover_enabled=&#8221;off&#8221; button_one_text_color__hover_enabled=&#8221;off&#8221; button_two_text_color__hover_enabled=&#8221;off&#8221; button_one_border_width__hover_enabled=&#8221;off&#8221; button_two_border_width__hover_enabled=&#8221;off&#8221; button_one_border_color__hover_enabled=&#8221;off&#8221; button_two_border_color__hover_enabled=&#8221;off&#8221; button_one_border_radius__hover_enabled=&#8221;off&#8221; button_two_border_radius__hover_enabled=&#8221;off&#8221; button_one_letter_spacing__hover_enabled=&#8221;off&#8221; button_two_letter_spacing__hover_enabled=&#8221;off&#8221; button_one_bg_color__hover_enabled=&#8221;off&#8221; button_two_bg_color__hover_enabled=&#8221;off&#8221;][\/et_pb_fullwidth_header][\/et_pb_section][et_pb_section fb_built=&#8221;1&#8243; _builder_version=&#8221;3.22.3&#8243; custom_padding=&#8221;0px|||&#8221; transparent_background=&#8221;off&#8221;][et_pb_row parallax_method_1=&#8221;off&#8221; parallax_method_2=&#8221;off&#8221; module_class_1=&#8221;ecc-location-interval&#8221; _builder_version=&#8221;3.22.3&#8243; background_size=&#8221;initial&#8221; background_position=&#8221;top_left&#8221; background_repeat=&#8221;repeat&#8221;][et_pb_column type=&#8221;3_4&#8243; _builder_version=&#8221;3.0.47&#8243;][et_pb_text _builder_version=&#8221;3.0.85&#8243; background_size=&#8221;initial&#8221; background_position=&#8221;top_left&#8221; background_repeat=&#8221;repeat&#8221; text_orientation=&#8221;justified&#8221;]<\/p>\n<p>An air-conditioned and heated gite, created in the historical winery building, gives you the unforgettable view of the wine cellar barrels. Hence the name of the gite &#8211;\u00a0 The Barrels. You will experience not only the view of wine barrels through the one way glass wall but also the ominipresent seducing <span id=\"result_box\" class=\"short_text\" lang=\"en\" tabindex=\"-1\"><span class=\"\">aroma of it.\u00a0<\/span><\/span><\/p>\n<p><span id=\"result_box\" class=\"short_text\" lang=\"en\" tabindex=\"-1\"><span class=\"\">This spacious cottage is i<\/span><\/span>deal for 2 couples, wine lovers or a small family. It can accommodate 6 guests, offering\u00a0 2 double bedrooms, each with a double (king size) bed and a sofa bed which can be made as a double (king size) bed or 2 single beds.\u00a0<\/p>\n<p>2 en suite bathrooms with a shower are at your disposal and one seperate toilet. A fully equipped kitchen, dining and living area with TV&amp;DVD, music system and a sofa bed are on the ground floor.<\/p>\n<p>In your private garden area you will find a BBQ and garden furniture.<\/p>\n<p>[\/et_pb_text][et_pb_text admin_label=&#8221;Infos&#8221; _builder_version=&#8221;3.0.85&#8243; background_size=&#8221;initial&#8221; background_position=&#8221;top_left&#8221; background_repeat=&#8221;repeat&#8221; text_orientation=&#8221;justified&#8221; module_alignment=&#8221;justified&#8221; locked=&#8221;on&#8221;]<hr \/>\r\n\r\n<strong>For special offers, packages and non-refundable rates, please enter dates into the booking system to see results.<\/strong>\r\n\r\n<hr \/>\r\n\r\n<p>High season: <strong>2098.95\u20ac<\/strong> per week<br \/>\nLow season: -30%<\/p>\n<p>Gites are available from 16h00 until 11h00 on the day of your departure.<\/p>\n<p>Prices are per week and include VAT. Prices for part weeks are available on request.<\/p>\n<p><strong>The minimum stay is 3 nights in low season and 7 nights in high season.<\/strong><\/p>\n<p><strong>You are welcome to telephone or e-mail us but booking must be made using the online booking system provided ; sorry.<\/strong><\/p>\n<p><strong>Price match:<\/strong> if you will find our rooms or gites cheaper on any other web site please contact us with this information. We will match our price and offer you a further 5% discount for booking us directly.<\/p>\n\r\n<p style=\"text-align: center;\"><a href=\"https:\/\/www.chateau-rieutort.fr\/en\/booking\/\" class=\"button\">Book<\/a><\/p>Tourist tax not included to be paid on top.<br \/>\n[\/et_pb_text][et_pb_gallery gallery_ids=&#8221;27094,27097,26439,27099,27101,27105,27103,26441,26443&#8243; posts_number=&#8221;10&#8243; show_title_and_caption=&#8221;off&#8221; module_class=&#8221;rieutort&#8221; _builder_version=&#8221;3.0.100&#8243; pagination_font_size_tablet=&#8221;51&#8243; pagination_line_height_tablet=&#8221;2&#8243;][\/et_pb_gallery][\/et_pb_column][et_pb_column type=&#8221;1_4&#8243; _builder_version=&#8221;3.0.47&#8243;][et_pb_text _builder_version=&#8221;3.22.5&#8243; text_font=&#8221;||||||||&#8221; header_font=&#8221;||||||||&#8221; global_module=&#8221;27777&#8243;][et_pb_blurb admin_label=\"WiFi\" title=\"Free WiFi\" url_new_window=\"off\" use_icon=\"off\" icon_color=\"#c0a97d\" use_circle=\"off\" circle_color=\"#c0a97d\" use_circle_border=\"off\" circle_border_color=\"#c0a97d\" image=\"https:\/\/www.chateau-rieutort.fr\/wp-content\/uploads\/wifi.png\" icon_placement=\"top\" animation=\"off\" background_layout=\"light\" text_orientation=\"center\" use_icon_font_size=\"off\" background_position=\"top_left\" background_repeat=\"repeat\" background_size=\"initial\" _builder_version=\"3.22.5\" \/][et_pb_blurb admin_label=\"Parking\" title=\"Free Parking\" url_new_window=\"off\" use_icon=\"off\" icon_color=\"#c0a97d\" use_circle=\"off\" circle_color=\"#c0a97d\" use_circle_border=\"off\" circle_border_color=\"#c0a97d\" image=\"https:\/\/www.chateau-rieutort.fr\/wp-content\/uploads\/parking.png\" icon_placement=\"top\" animation=\"off\" background_layout=\"light\" text_orientation=\"center\" use_icon_font_size=\"off\" background_position=\"top_left\" background_repeat=\"repeat\" background_size=\"initial\" _builder_version=\"3.0.85\" \/][et_pb_blurb admin_label=\"Piscines\" title=\"Swimming Pools &amp; Park\" url_new_window=\"off\" use_icon=\"off\" icon_color=\"#c0a97d\" use_circle=\"off\" circle_color=\"#c0a97d\" use_circle_border=\"off\" circle_border_color=\"#c0a97d\" image=\"https:\/\/www.chateau-rieutort.fr\/wp-content\/uploads\/swimming.png\" icon_placement=\"top\" animation=\"off\" background_layout=\"light\" text_orientation=\"center\" use_icon_font_size=\"off\" alt=\"Piscines 24h\/24\" background_position=\"top_left\" background_repeat=\"repeat\" background_size=\"initial\" _builder_version=\"3.0.106\"]\r\n\r\n2 swimming pools in the high season (one naturist)\r\n\r\n[\/et_pb_blurb][et_pb_blurb admin_label=\"Spa\" title=\"Spa Area\" url_new_window=\"off\" use_icon=\"off\" icon_color=\"#c0a97d\" use_circle=\"off\" circle_color=\"#c0a97d\" use_circle_border=\"off\" circle_border_color=\"#c0a97d\" image=\"https:\/\/www.chateau-rieutort.fr\/wp-content\/uploads\/spa.png\" icon_placement=\"top\" animation=\"off\" background_layout=\"light\" text_orientation=\"center\" use_icon_font_size=\"off\" alt=\"Piscines 24h\/24\" background_position=\"top_left\" background_repeat=\"repeat\" background_size=\"initial\" _builder_version=\"3.0.106\" \/][et_pb_blurb admin_label=\"Draps\" title=\"Bed linen and towels provided\" url_new_window=\"off\" use_icon=\"off\" icon_color=\"#c0a97d\" use_circle=\"off\" circle_color=\"#c0a97d\" use_circle_border=\"off\" circle_border_color=\"#c0a97d\" image=\"https:\/\/www.chateau-rieutort.fr\/wp-content\/uploads\/bed.png\" icon_placement=\"top\" animation=\"off\" background_layout=\"light\" text_orientation=\"center\" use_icon_font_size=\"off\" use_border_color=\"off\" background_position=\"top_left\" background_repeat=\"repeat\" background_size=\"initial\" _builder_version=\"3.0.106\"]\r\n\r\nas well as hairdryer\r\n\r\n[\/et_pb_blurb][et_pb_blurb admin_label=\"Cleaning\" title=\"Cleaning at the end of your stay included\" url_new_window=\"off\" use_icon=\"off\" icon_color=\"#c0a97d\" use_circle=\"off\" circle_color=\"#c0a97d\" use_circle_border=\"off\" circle_border_color=\"#c0a97d\" image=\"https:\/\/www.chateau-rieutort.fr\/wp-content\/uploads\/cleaning.png\" icon_placement=\"top\" animation=\"off\" background_layout=\"light\" text_orientation=\"center\" use_icon_font_size=\"off\" use_border_color=\"off\" background_position=\"top_left\" background_repeat=\"repeat\" background_size=\"initial\" _builder_version=\"3.0.106\" \/][et_pb_blurb admin_label=\"No Smoking\" title=\"No smoking in buildings\" url_new_window=\"off\" use_icon=\"off\" icon_color=\"#c0a97d\" use_circle=\"off\" circle_color=\"#c0a97d\" use_circle_border=\"off\" circle_border_color=\"#c0a97d\" image=\"https:\/\/www.chateau-rieutort.fr\/wp-content\/uploads\/no-smoking.png\" icon_placement=\"top\" animation=\"off\" background_layout=\"light\" text_orientation=\"center\" use_icon_font_size=\"off\" background_position=\"top_left\" background_repeat=\"repeat\" background_size=\"initial\" _builder_version=\"3.0.85\" \/][\/et_pb_text][\/et_pb_column][\/et_pb_row][\/et_pb_section]<\/p>\n","protected":false},"excerpt":{"rendered":"<p>[et_pb_section fb_built=&#8221;1&#8243; fullwidth=&#8221;on&#8221; custom_padding_last_edited=&#8221;off|&#8221; disabled_on=&#8221;off|off|off&#8221; _builder_version=&#8221;3.22.3&#8243;][et_pb_fullwidth_header title=&#8221;The Barrels&#8221; text_orientation=&#8221;center&#8221; module_class=&#8221;rieutort&#8221; _builder_version=&#8221;3.16&#8243; background_color=&#8221;rgba(255, 255, 255, 0)&#8221; background_image=&#8221;https:\/\/www.chateau-rieutort.fr\/wp-content\/uploads\/gite-languedoc-barriques.jpg&#8221; max_width_tablet=&#8221;50px&#8221; button_one_text_size__hover_enabled=&#8221;off&#8221; button_two_text_size__hover_enabled=&#8221;off&#8221; button_one_text_color__hover_enabled=&#8221;off&#8221; button_two_text_color__hover_enabled=&#8221;off&#8221; button_one_border_width__hover_enabled=&#8221;off&#8221; button_two_border_width__hover_enabled=&#8221;off&#8221; button_one_border_color__hover_enabled=&#8221;off&#8221; button_two_border_color__hover_enabled=&#8221;off&#8221; button_one_border_radius__hover_enabled=&#8221;off&#8221; button_two_border_radius__hover_enabled=&#8221;off&#8221; button_one_letter_spacing__hover_enabled=&#8221;off&#8221; button_two_letter_spacing__hover_enabled=&#8221;off&#8221; button_one_bg_color__hover_enabled=&#8221;off&#8221; button_two_bg_color__hover_enabled=&#8221;off&#8221;][\/et_pb_fullwidth_header][\/et_pb_section][et_pb_section fb_built=&#8221;1&#8243; _builder_version=&#8221;3.22.3&#8243; custom_padding=&#8221;0px|||&#8221; transparent_background=&#8221;off&#8221;][et_pb_row parallax_method_1=&#8221;off&#8221; parallax_method_2=&#8221;off&#8221; module_class_1=&#8221;ecc-location-interval&#8221; _builder_version=&#8221;3.22.3&#8243; background_size=&#8221;initial&#8221; background_position=&#8221;top_left&#8221; background_repeat=&#8221;repeat&#8221;][et_pb_column type=&#8221;3_4&#8243; _builder_version=&#8221;3.0.47&#8243;][et_pb_text _builder_version=&#8221;3.0.85&#8243; background_size=&#8221;initial&#8221; background_position=&#8221;top_left&#8221; background_repeat=&#8221;repeat&#8221; text_orientation=&#8221;justified&#8221;] An air-conditioned and heated gite, created [&hellip;]<\/p>\n","protected":false},"author":4,"featured_media":27094,"parent":26667,"menu_order":40,"comment_status":"closed","ping_status":"closed","template":"","meta":{"_acf_changed":false,"_et_pb_use_builder":"on","_et_pb_old_content":"","_et_gb_content_width":"","footnotes":""},"class_list":["post-26816","page","type-page","status-publish","has-post-thumbnail","hentry"],"acf":[],"yoast_head":"<!-- This site is optimized with the Yoast SEO plugin v26.7 - https:\/\/yoast.com\/wordpress\/plugins\/seo\/ -->\n<title>G\u00eete &quot;The Barrels&quot; - G\u00eetes &amp; Chambres d&#039;h\u00f4te Ch\u00e2teau Rieutort<\/title>\n<meta name=\"robots\" content=\"index, follow, max-snippet:-1, max-image-preview:large, max-video-preview:-1\" \/>\n<link rel=\"canonical\" href=\"https:\/\/www.chateau-rieutort.fr\/en\/gites\/barriques\/\" \/>\n<meta property=\"og:locale\" content=\"en_US\" \/>\n<meta property=\"og:type\" content=\"article\" \/>\n<meta property=\"og:title\" content=\"G\u00eete &quot;The Barrels&quot; - G\u00eetes &amp; Chambres d&#039;h\u00f4te Ch\u00e2teau Rieutort\" \/>\n<meta property=\"og:description\" content=\"[et_pb_section fb_built=&#8221;1&#8243; fullwidth=&#8221;on&#8221; custom_padding_last_edited=&#8221;off|&#8221; disabled_on=&#8221;off|off|off&#8221; _builder_version=&#8221;3.22.3&#8243;][et_pb_fullwidth_header title=&#8221;The Barrels&#8221; text_orientation=&#8221;center&#8221; module_class=&#8221;rieutort&#8221; _builder_version=&#8221;3.16&#8243; background_color=&#8221;rgba(255, 255, 255, 0)&#8221; background_image=&#8221;https:\/\/www.chateau-rieutort.fr\/wp-content\/uploads\/gite-languedoc-barriques.jpg&#8221; max_width_tablet=&#8221;50px&#8221; button_one_text_size__hover_enabled=&#8221;off&#8221; button_two_text_size__hover_enabled=&#8221;off&#8221; button_one_text_color__hover_enabled=&#8221;off&#8221; button_two_text_color__hover_enabled=&#8221;off&#8221; button_one_border_width__hover_enabled=&#8221;off&#8221; button_two_border_width__hover_enabled=&#8221;off&#8221; button_one_border_color__hover_enabled=&#8221;off&#8221; button_two_border_color__hover_enabled=&#8221;off&#8221; button_one_border_radius__hover_enabled=&#8221;off&#8221; button_two_border_radius__hover_enabled=&#8221;off&#8221; button_one_letter_spacing__hover_enabled=&#8221;off&#8221; button_two_letter_spacing__hover_enabled=&#8221;off&#8221; button_one_bg_color__hover_enabled=&#8221;off&#8221; button_two_bg_color__hover_enabled=&#8221;off&#8221;][\/et_pb_fullwidth_header][\/et_pb_section][et_pb_section fb_built=&#8221;1&#8243; _builder_version=&#8221;3.22.3&#8243; custom_padding=&#8221;0px|||&#8221; transparent_background=&#8221;off&#8221;][et_pb_row parallax_method_1=&#8221;off&#8221; parallax_method_2=&#8221;off&#8221; module_class_1=&#8221;ecc-location-interval&#8221; _builder_version=&#8221;3.22.3&#8243; background_size=&#8221;initial&#8221; background_position=&#8221;top_left&#8221; background_repeat=&#8221;repeat&#8221;][et_pb_column type=&#8221;3_4&#8243; _builder_version=&#8221;3.0.47&#8243;][et_pb_text _builder_version=&#8221;3.0.85&#8243; background_size=&#8221;initial&#8221; background_position=&#8221;top_left&#8221; background_repeat=&#8221;repeat&#8221; text_orientation=&#8221;justified&#8221;] An air-conditioned and heated gite, created [&hellip;]\" \/>\n<meta property=\"og:url\" content=\"https:\/\/www.chateau-rieutort.fr\/en\/gites\/barriques\/\" \/>\n<meta property=\"og:site_name\" content=\"G\u00eetes &amp; Chambres d&#039;h\u00f4te %%sep%% Ch\u00e2teau Rieutort\" \/>\n<meta property=\"article:modified_time\" content=\"2026-01-12T10:55:00+00:00\" \/>\n<meta property=\"og:image\" content=\"https:\/\/www.chateau-rieutort.fr\/wp-content\/uploads\/gite-languedoc-barriques.jpg\" \/>\n\t<meta property=\"og:image:width\" content=\"2048\" \/>\n\t<meta property=\"og:image:height\" content=\"1365\" \/>\n\t<meta property=\"og:image:type\" content=\"image\/jpeg\" \/>\n<meta name=\"twitter:card\" content=\"summary_large_image\" \/>\n<meta name=\"twitter:label1\" content=\"Est. reading time\" \/>\n\t<meta name=\"twitter:data1\" content=\"2 minutes\" \/>\n<script type=\"application\/ld+json\" class=\"yoast-schema-graph\">{\"@context\":\"https:\/\/schema.org\",\"@graph\":[{\"@type\":\"WebPage\",\"@id\":\"https:\/\/www.chateau-rieutort.fr\/en\/gites\/barriques\/\",\"url\":\"https:\/\/www.chateau-rieutort.fr\/en\/gites\/barriques\/\",\"name\":\"G\u00eete \\\"The Barrels\\\" - G\u00eetes &amp; Chambres d&#039;h\u00f4te Ch\u00e2teau Rieutort\",\"isPartOf\":{\"@id\":\"https:\/\/www.chateau-rieutort.fr\/#website\"},\"primaryImageOfPage\":{\"@id\":\"https:\/\/www.chateau-rieutort.fr\/en\/gites\/barriques\/#primaryimage\"},\"image\":{\"@id\":\"https:\/\/www.chateau-rieutort.fr\/en\/gites\/barriques\/#primaryimage\"},\"thumbnailUrl\":\"https:\/\/www.chateau-rieutort.fr\/wp-content\/uploads\/gite-languedoc-barriques.jpg\",\"datePublished\":\"2017-05-10T12:56:17+00:00\",\"dateModified\":\"2026-01-12T10:55:00+00:00\",\"breadcrumb\":{\"@id\":\"https:\/\/www.chateau-rieutort.fr\/en\/gites\/barriques\/#breadcrumb\"},\"inLanguage\":\"en-US\",\"potentialAction\":[{\"@type\":\"ReadAction\",\"target\":[\"https:\/\/www.chateau-rieutort.fr\/en\/gites\/barriques\/\"]}]},{\"@type\":\"ImageObject\",\"inLanguage\":\"en-US\",\"@id\":\"https:\/\/www.chateau-rieutort.fr\/en\/gites\/barriques\/#primaryimage\",\"url\":\"https:\/\/www.chateau-rieutort.fr\/wp-content\/uploads\/gite-languedoc-barriques.jpg\",\"contentUrl\":\"https:\/\/www.chateau-rieutort.fr\/wp-content\/uploads\/gite-languedoc-barriques.jpg\",\"width\":2048,\"height\":1365},{\"@type\":\"BreadcrumbList\",\"@id\":\"https:\/\/www.chateau-rieutort.fr\/en\/gites\/barriques\/#breadcrumb\",\"itemListElement\":[{\"@type\":\"ListItem\",\"position\":1,\"name\":\"Accueil\",\"item\":\"https:\/\/www.chateau-rieutort.fr\/en\/\"},{\"@type\":\"ListItem\",\"position\":2,\"name\":\"G\u00eetes\",\"item\":\"https:\/\/www.chateau-rieutort.fr\/gites\/\"},{\"@type\":\"ListItem\",\"position\":3,\"name\":\"The Barrels\"}]},{\"@type\":\"WebSite\",\"@id\":\"https:\/\/www.chateau-rieutort.fr\/#website\",\"url\":\"https:\/\/www.chateau-rieutort.fr\/\",\"name\":\"G\u00eetes &amp; Chambres d&#039;h\u00f4te %%sep%% Ch\u00e2teau Rieutort\",\"description\":\"Vignoble G\u00eetes Chambres d&#039;h\u00f4tes Languedoc Occitanie\",\"potentialAction\":[{\"@type\":\"SearchAction\",\"target\":{\"@type\":\"EntryPoint\",\"urlTemplate\":\"https:\/\/www.chateau-rieutort.fr\/?s={search_term_string}\"},\"query-input\":{\"@type\":\"PropertyValueSpecification\",\"valueRequired\":true,\"valueName\":\"search_term_string\"}}],\"inLanguage\":\"en-US\"}]}<\/script>\n<!-- \/ Yoast SEO plugin. -->","yoast_head_json":{"title":"G\u00eete \"The Barrels\" - G\u00eetes &amp; Chambres d&#039;h\u00f4te Ch\u00e2teau Rieutort","robots":{"index":"index","follow":"follow","max-snippet":"max-snippet:-1","max-image-preview":"max-image-preview:large","max-video-preview":"max-video-preview:-1"},"canonical":"https:\/\/www.chateau-rieutort.fr\/en\/gites\/barriques\/","og_locale":"en_US","og_type":"article","og_title":"G\u00eete \"The Barrels\" - G\u00eetes &amp; Chambres d&#039;h\u00f4te Ch\u00e2teau Rieutort","og_description":"[et_pb_section fb_built=&#8221;1&#8243; fullwidth=&#8221;on&#8221; custom_padding_last_edited=&#8221;off|&#8221; disabled_on=&#8221;off|off|off&#8221; _builder_version=&#8221;3.22.3&#8243;][et_pb_fullwidth_header title=&#8221;The Barrels&#8221; text_orientation=&#8221;center&#8221; module_class=&#8221;rieutort&#8221; _builder_version=&#8221;3.16&#8243; background_color=&#8221;rgba(255, 255, 255, 0)&#8221; background_image=&#8221;https:\/\/www.chateau-rieutort.fr\/wp-content\/uploads\/gite-languedoc-barriques.jpg&#8221; max_width_tablet=&#8221;50px&#8221; button_one_text_size__hover_enabled=&#8221;off&#8221; button_two_text_size__hover_enabled=&#8221;off&#8221; button_one_text_color__hover_enabled=&#8221;off&#8221; button_two_text_color__hover_enabled=&#8221;off&#8221; button_one_border_width__hover_enabled=&#8221;off&#8221; button_two_border_width__hover_enabled=&#8221;off&#8221; button_one_border_color__hover_enabled=&#8221;off&#8221; button_two_border_color__hover_enabled=&#8221;off&#8221; button_one_border_radius__hover_enabled=&#8221;off&#8221; button_two_border_radius__hover_enabled=&#8221;off&#8221; button_one_letter_spacing__hover_enabled=&#8221;off&#8221; button_two_letter_spacing__hover_enabled=&#8221;off&#8221; button_one_bg_color__hover_enabled=&#8221;off&#8221; button_two_bg_color__hover_enabled=&#8221;off&#8221;][\/et_pb_fullwidth_header][\/et_pb_section][et_pb_section fb_built=&#8221;1&#8243; _builder_version=&#8221;3.22.3&#8243; custom_padding=&#8221;0px|||&#8221; transparent_background=&#8221;off&#8221;][et_pb_row parallax_method_1=&#8221;off&#8221; parallax_method_2=&#8221;off&#8221; module_class_1=&#8221;ecc-location-interval&#8221; _builder_version=&#8221;3.22.3&#8243; background_size=&#8221;initial&#8221; background_position=&#8221;top_left&#8221; background_repeat=&#8221;repeat&#8221;][et_pb_column type=&#8221;3_4&#8243; _builder_version=&#8221;3.0.47&#8243;][et_pb_text _builder_version=&#8221;3.0.85&#8243; background_size=&#8221;initial&#8221; background_position=&#8221;top_left&#8221; background_repeat=&#8221;repeat&#8221; text_orientation=&#8221;justified&#8221;] An air-conditioned and heated gite, created [&hellip;]","og_url":"https:\/\/www.chateau-rieutort.fr\/en\/gites\/barriques\/","og_site_name":"G\u00eetes &amp; Chambres d&#039;h\u00f4te %%sep%% Ch\u00e2teau Rieutort","article_modified_time":"2026-01-12T10:55:00+00:00","og_image":[{"width":2048,"height":1365,"url":"https:\/\/www.chateau-rieutort.fr\/wp-content\/uploads\/gite-languedoc-barriques.jpg","type":"image\/jpeg"}],"twitter_card":"summary_large_image","twitter_misc":{"Est. reading time":"2 minutes"},"schema":{"@context":"https:\/\/schema.org","@graph":[{"@type":"WebPage","@id":"https:\/\/www.chateau-rieutort.fr\/en\/gites\/barriques\/","url":"https:\/\/www.chateau-rieutort.fr\/en\/gites\/barriques\/","name":"G\u00eete \"The Barrels\" - G\u00eetes &amp; Chambres d&#039;h\u00f4te Ch\u00e2teau Rieutort","isPartOf":{"@id":"https:\/\/www.chateau-rieutort.fr\/#website"},"primaryImageOfPage":{"@id":"https:\/\/www.chateau-rieutort.fr\/en\/gites\/barriques\/#primaryimage"},"image":{"@id":"https:\/\/www.chateau-rieutort.fr\/en\/gites\/barriques\/#primaryimage"},"thumbnailUrl":"https:\/\/www.chateau-rieutort.fr\/wp-content\/uploads\/gite-languedoc-barriques.jpg","datePublished":"2017-05-10T12:56:17+00:00","dateModified":"2026-01-12T10:55:00+00:00","breadcrumb":{"@id":"https:\/\/www.chateau-rieutort.fr\/en\/gites\/barriques\/#breadcrumb"},"inLanguage":"en-US","potentialAction":[{"@type":"ReadAction","target":["https:\/\/www.chateau-rieutort.fr\/en\/gites\/barriques\/"]}]},{"@type":"ImageObject","inLanguage":"en-US","@id":"https:\/\/www.chateau-rieutort.fr\/en\/gites\/barriques\/#primaryimage","url":"https:\/\/www.chateau-rieutort.fr\/wp-content\/uploads\/gite-languedoc-barriques.jpg","contentUrl":"https:\/\/www.chateau-rieutort.fr\/wp-content\/uploads\/gite-languedoc-barriques.jpg","width":2048,"height":1365},{"@type":"BreadcrumbList","@id":"https:\/\/www.chateau-rieutort.fr\/en\/gites\/barriques\/#breadcrumb","itemListElement":[{"@type":"ListItem","position":1,"name":"Accueil","item":"https:\/\/www.chateau-rieutort.fr\/en\/"},{"@type":"ListItem","position":2,"name":"G\u00eetes","item":"https:\/\/www.chateau-rieutort.fr\/gites\/"},{"@type":"ListItem","position":3,"name":"The Barrels"}]},{"@type":"WebSite","@id":"https:\/\/www.chateau-rieutort.fr\/#website","url":"https:\/\/www.chateau-rieutort.fr\/","name":"G\u00eetes &amp; Chambres d&#039;h\u00f4te %%sep%% Ch\u00e2teau Rieutort","description":"Vignoble G\u00eetes Chambres d&#039;h\u00f4tes Languedoc Occitanie","potentialAction":[{"@type":"SearchAction","target":{"@type":"EntryPoint","urlTemplate":"https:\/\/www.chateau-rieutort.fr\/?s={search_term_string}"},"query-input":{"@type":"PropertyValueSpecification","valueRequired":true,"valueName":"search_term_string"}}],"inLanguage":"en-US"}]}},"_links":{"self":[{"href":"https:\/\/www.chateau-rieutort.fr\/en\/wp-json\/wp\/v2\/pages\/26816","targetHints":{"allow":["GET"]}}],"collection":[{"href":"https:\/\/www.chateau-rieutort.fr\/en\/wp-json\/wp\/v2\/pages"}],"about":[{"href":"https:\/\/www.chateau-rieutort.fr\/en\/wp-json\/wp\/v2\/types\/page"}],"author":[{"embeddable":true,"href":"https:\/\/www.chateau-rieutort.fr\/en\/wp-json\/wp\/v2\/users\/4"}],"replies":[{"embeddable":true,"href":"https:\/\/www.chateau-rieutort.fr\/en\/wp-json\/wp\/v2\/comments?post=26816"}],"version-history":[{"count":13,"href":"https:\/\/www.chateau-rieutort.fr\/en\/wp-json\/wp\/v2\/pages\/26816\/revisions"}],"predecessor-version":[{"id":28581,"href":"https:\/\/www.chateau-rieutort.fr\/en\/wp-json\/wp\/v2\/pages\/26816\/revisions\/28581"}],"up":[{"embeddable":true,"href":"https:\/\/www.chateau-rieutort.fr\/en\/wp-json\/wp\/v2\/pages\/26667"}],"wp:featuredmedia":[{"embeddable":true,"href":"https:\/\/www.chateau-rieutort.fr\/en\/wp-json\/wp\/v2\/media\/27094"}],"wp:attachment":[{"href":"https:\/\/www.chateau-rieutort.fr\/en\/wp-json\/wp\/v2\/media?parent=26816"}],"curies":[{"name":"wp","href":"https:\/\/api.w.org\/{rel}","templated":true}]}}