{"id":26683,"date":"2017-05-10T15:31:20","date_gmt":"2017-05-10T13:31:20","guid":{"rendered":"https:\/\/www.chateau-rieutort.fr\/guest-rooms\/grenache\/"},"modified":"2026-01-12T12:09:42","modified_gmt":"2026-01-12T11:09:42","slug":"grenache","status":"publish","type":"page","link":"https:\/\/www.chateau-rieutort.fr\/en\/guest-rooms\/grenache\/","title":{"rendered":"Suite Grenache"},"content":{"rendered":"<p>[et_pb_section fb_built=&#8221;1&#8243; fullwidth=&#8221;on&#8221; disabled_on=&#8221;off|off|off&#8221; custom_padding_last_edited=&#8221;off|&#8221; _builder_version=&#8221;3.0.69&#8243;][et_pb_fullwidth_header title=&#8221;Suite Grenache&#8221; background_layout=&#8221;dark&#8221; text_orientation=&#8221;center&#8221; module_class=&#8221;rieutort&#8221; _builder_version=&#8221;3.0.100&#8243; background_image=&#8221;https:\/\/www.chateau-rieutort.fr\/wp-content\/uploads\/chambre-suite-hotes-languedoc-grenache.jpg&#8221; max_width_tablet=&#8221;50px&#8221;][\/et_pb_fullwidth_header][\/et_pb_section][et_pb_section fb_built=&#8221;1&#8243; _builder_version=&#8221;3.0.47&#8243; custom_padding=&#8221;0px|||&#8221; transparent_background=&#8221;off&#8221;][et_pb_row parallax_method_1=&#8221;off&#8221; parallax_method_2=&#8221;off&#8221; module_class_1=&#8221;ecc-location-interval&#8221; _builder_version=&#8221;3.0.69&#8243; background_size=&#8221;initial&#8221; background_position=&#8221;top_left&#8221; background_repeat=&#8221;repeat&#8221;][et_pb_column type=&#8221;3_4&#8243; _builder_version=&#8221;3.0.47&#8243; parallax=&#8221;off&#8221; parallax_method=&#8221;off&#8221; module_class=&#8221;ecc-location-interval&#8221;][et_pb_text _builder_version=&#8221;3.0.85&#8243; background_size=&#8221;initial&#8221; background_position=&#8221;top_left&#8221; background_repeat=&#8221;repeat&#8221; text_orientation=&#8221;justified&#8221;]<\/p>\n<p>Air-conditioned, bright and spacious suite, situated on the second floor of the chateau, with a garden view.<\/p>\n<p>Thanks to the white colour and elaborated\u00a0 &#8220;lace carvings&#8221; on the furniture, suite Grenache is often called a bridal suite by guests of Rieutort.<\/p>\n<p>While perfect for one or two, it can easily accommodate up to 4 guests in the open plan space offering a double bed (160&#215;200 cm), a double sofa bed (160&#215;190 cm). The suite is also equipped with a private bathroom with a shower and a separate toilet.<\/p>\n<p>Among amenities there is a mini bar, safe, hair dryer and alarm clock with a radio.<\/p>\n<p>[\/et_pb_text][et_pb_text admin_label=&#8221;Description commune&#8221; _builder_version=&#8221;3.0.85&#8243; background_size=&#8221;initial&#8221; background_position=&#8221;top_left&#8221; background_repeat=&#8221;repeat&#8221; text_orientation=&#8221;justified&#8221; module_alignment=&#8221;justified&#8221; locked=&#8221;on&#8221;]<hr \/>\r\n\r\n<strong>For special offers, packages and , non-refundable rates, please enter dates into the booking system to see results. Email us if you cannot find availability in your preferred dates; maybe the entire property is indeed fully booked or maybe we miss availability in consecutive days in the same room but we could offer you some days in a different room<\/strong>\r\n\r\n<hr \/>\r\n<p>\r\n\t<p><strong>315\u20ac<\/strong> per night.<br \/>\n\tPrices are for 2 guests and include VAT. Tourist tax not included to be paid on top.<\/p>\n\r\n<\/p>\r\n\r\n<p>\r\nRooms are available from 16:00 until 11:00 on the day of your departure.\r\nBreakfast is served between 8:30 and 10:00.\r\n<\/p>\r\n\r\n<p>\r\n\t\r\n<\/p>\r\n\r\n<p>\r\n\t<strong>From November till April reservations are accepted only for groups and events. No individual bookings are accepted during this period.<\/strong>\r\n<\/p>\r\n\r\n\r\n<strong>You are welcome to telephone or e-mail us but booking must be made using the online booking system provided to symultanously close all booking channels and avoid over bookings; sorry. <\/strong>\r\n\r\n\r\n<p style=\"text-align: center;\"><a href=\"https:\/\/www.chateau-rieutort.fr\/en\/booking\/\" class=\"button\">Book<\/a><\/p><br \/>\n[\/et_pb_text][et_pb_gallery gallery_ids=&#8221;26956,26940,26946,26942,26944&#8243; posts_number=&#8221;10&#8243; show_title_and_caption=&#8221;off&#8221; module_class=&#8221;rieutort&#8221; _builder_version=&#8221;3.0.100&#8243; pagination_font_size_tablet=&#8221;51&#8243; pagination_line_height_tablet=&#8221;2&#8243;][\/et_pb_gallery][\/et_pb_column][et_pb_column type=&#8221;1_4&#8243; _builder_version=&#8221;3.0.47&#8243; parallax=&#8221;off&#8221; parallax_method=&#8221;off&#8221;][et_pb_code disabled_on=&#8221;off|off|off&#8221; module_class=&#8221;custom-sidebar&#8221; _builder_version=&#8221;3.0.85&#8243; global_module=&#8221;26609&#8243; locked=&#8221;on&#8221;][et_pb_blurb title=\"7th Night for free\" image=\"https:\/\/www.chateau-rieutort.fr\/wp-content\/uploads\/7.png\" admin_label=\"7e Nuit Offerte\" _builder_version=\"3.0.85\" background_size=\"initial\" background_position=\"top_left\" background_repeat=\"repeat\" text_orientation=\"center\" animation=\"off\"]7th night for free when booking with code \"7\"\r[\/et_pb_blurb][et_pb_blurb title=\"Breakfast included\" image=\"https:\/\/www.chateau-rieutort.fr\/wp-content\/uploads\/coffee-time.png\" alt=\"Petit d\u00e9jeuner inclus dans le prix\" admin_label=\"D\u00e9jeuner\" _builder_version=\"4.9.1\" background_size=\"initial\" background_position=\"top_left\" background_repeat=\"repeat\" text_orientation=\"center\" animation=\"off\" hover_enabled=\"0\" sticky_enabled=\"0\"]Served from 8:30 until 10 in the park or dining room depending on weather condition\n[\/et_pb_blurb][et_pb_blurb title=\"Swimming Pools & Park\" image=\"https:\/\/www.chateau-rieutort.fr\/wp-content\/uploads\/swimming.png\" alt=\"Piscines 24h\/24\" admin_label=\"Piscines\" _builder_version=\"3.0.106\" background_size=\"initial\" background_position=\"top_left\" background_repeat=\"repeat\" text_orientation=\"center\" animation=\"off\"]2 swimming pools in the high season (one naturist)\r[\/et_pb_blurb][et_pb_blurb title=\"Spa Area\" image=\"https:\/\/www.chateau-rieutort.fr\/wp-content\/uploads\/spa.png\" alt=\"Petit d\u00e9jeuner inclus dans le prix\" admin_label=\"Spa\" _builder_version=\"3.0.106\" background_size=\"initial\" background_position=\"top_left\" background_repeat=\"repeat\" text_orientation=\"center\" animation=\"off\"][\/et_pb_blurb][et_pb_blurb title=\"Evening Dinners on request\" image=\"https:\/\/www.chateau-rieutort.fr\/wp-content\/uploads\/restauration.png\" alt=\"Petit d\u00e9jeuner inclus dans le prix\" admin_label=\"Diners\" _builder_version=\"3.0.106\" background_size=\"initial\" background_position=\"top_left\" background_repeat=\"repeat\" text_orientation=\"center\" animation=\"off\"][\/et_pb_blurb][et_pb_blurb title=\"Free WiFi\" image=\"https:\/\/www.chateau-rieutort.fr\/wp-content\/uploads\/wifi.png\" admin_label=\"WiFi\" _builder_version=\"3.0.85\" background_size=\"initial\" background_position=\"top_left\" background_repeat=\"repeat\" text_orientation=\"center\" animation=\"off\"][\/et_pb_blurb][et_pb_blurb title=\"Free Parking\" image=\"https:\/\/www.chateau-rieutort.fr\/wp-content\/uploads\/parking.png\" admin_label=\"Parking\" _builder_version=\"3.0.85\" background_size=\"initial\" background_position=\"top_left\" background_repeat=\"repeat\" text_orientation=\"center\" animation=\"off\"][\/et_pb_blurb][et_pb_blurb title=\"No smoking in buildings\" image=\"https:\/\/www.chateau-rieutort.fr\/wp-content\/uploads\/no-smoking.png\" admin_label=\"No Smoking\" _builder_version=\"3.0.85\" background_size=\"initial\" background_position=\"top_left\" background_repeat=\"repeat\" text_orientation=\"center\" animation=\"off\"][\/et_pb_blurb][\/et_pb_code][\/et_pb_column][\/et_pb_row][\/et_pb_section]<\/p>\n","protected":false},"excerpt":{"rendered":"<p>[et_pb_section fb_built=&#8221;1&#8243; fullwidth=&#8221;on&#8221; disabled_on=&#8221;off|off|off&#8221; custom_padding_last_edited=&#8221;off|&#8221; _builder_version=&#8221;3.0.69&#8243;][et_pb_fullwidth_header title=&#8221;Suite Grenache&#8221; background_layout=&#8221;dark&#8221; text_orientation=&#8221;center&#8221; module_class=&#8221;rieutort&#8221; _builder_version=&#8221;3.0.100&#8243; background_image=&#8221;https:\/\/www.chateau-rieutort.fr\/wp-content\/uploads\/chambre-suite-hotes-languedoc-grenache.jpg&#8221; max_width_tablet=&#8221;50px&#8221;][\/et_pb_fullwidth_header][\/et_pb_section][et_pb_section fb_built=&#8221;1&#8243; _builder_version=&#8221;3.0.47&#8243; custom_padding=&#8221;0px|||&#8221; transparent_background=&#8221;off&#8221;][et_pb_row parallax_method_1=&#8221;off&#8221; parallax_method_2=&#8221;off&#8221; module_class_1=&#8221;ecc-location-interval&#8221; _builder_version=&#8221;3.0.69&#8243; background_size=&#8221;initial&#8221; background_position=&#8221;top_left&#8221; background_repeat=&#8221;repeat&#8221;][et_pb_column type=&#8221;3_4&#8243; _builder_version=&#8221;3.0.47&#8243; parallax=&#8221;off&#8221; parallax_method=&#8221;off&#8221; module_class=&#8221;ecc-location-interval&#8221;][et_pb_text _builder_version=&#8221;3.0.85&#8243; background_size=&#8221;initial&#8221; background_position=&#8221;top_left&#8221; background_repeat=&#8221;repeat&#8221; text_orientation=&#8221;justified&#8221;] Air-conditioned, bright and spacious suite, situated on the second floor of the chateau, with a garden view. Thanks to the [&hellip;]<\/p>\n","protected":false},"author":4,"featured_media":26951,"parent":26600,"menu_order":10,"comment_status":"closed","ping_status":"closed","template":"","meta":{"_acf_changed":false,"_et_pb_use_builder":"on","_et_pb_old_content":"<p>C'est une grande et lumineuse suite avec la climatisation qui peut recevoir jusqu'\u00e0 4 personnes. Elle est au second \u00e9tage avec une vue sur le jardin. Elle est compos\u00e9e d'un lit double (160x200cm), d'un canap\u00e9 lit deux places (160x190cm), d'une salle d'eau privative et des toilettes s\u00e9par\u00e9es.<\/p><p>Le prix d\u00e9pend du nombre d'invit\u00e9s s\u00e9journant dans la chambre .<\/p><p>La 7\u00e8me nuit est gratuite si vous r\u00e9serv\u00e9 directement avec nous.<\/p>","_et_gb_content_width":"","footnotes":""},"class_list":["post-26683","page","type-page","status-publish","has-post-thumbnail","hentry"],"acf":[],"yoast_head":"<!-- This site is optimized with the Yoast SEO plugin v26.7 - https:\/\/yoast.com\/wordpress\/plugins\/seo\/ -->\n<title>&quot;Suite Grenache&quot; - Chambre d&#039;h\u00f4te - G\u00eetes &amp; Chambres d&#039;h\u00f4te Ch\u00e2teau Rieutort<\/title>\n<meta name=\"robots\" content=\"index, follow, max-snippet:-1, max-image-preview:large, max-video-preview:-1\" \/>\n<link rel=\"canonical\" href=\"https:\/\/www.chateau-rieutort.fr\/en\/guest-rooms\/grenache\/\" \/>\n<meta property=\"og:locale\" content=\"en_US\" \/>\n<meta property=\"og:type\" content=\"article\" \/>\n<meta property=\"og:title\" content=\"&quot;Suite Grenache&quot; - Chambre d&#039;h\u00f4te - G\u00eetes &amp; Chambres d&#039;h\u00f4te Ch\u00e2teau Rieutort\" \/>\n<meta property=\"og:description\" content=\"[et_pb_section fb_built=&#8221;1&#8243; fullwidth=&#8221;on&#8221; disabled_on=&#8221;off|off|off&#8221; custom_padding_last_edited=&#8221;off|&#8221; _builder_version=&#8221;3.0.69&#8243;][et_pb_fullwidth_header title=&#8221;Suite Grenache&#8221; background_layout=&#8221;dark&#8221; text_orientation=&#8221;center&#8221; module_class=&#8221;rieutort&#8221; _builder_version=&#8221;3.0.100&#8243; background_image=&#8221;https:\/\/www.chateau-rieutort.fr\/wp-content\/uploads\/chambre-suite-hotes-languedoc-grenache.jpg&#8221; max_width_tablet=&#8221;50px&#8221;][\/et_pb_fullwidth_header][\/et_pb_section][et_pb_section fb_built=&#8221;1&#8243; _builder_version=&#8221;3.0.47&#8243; custom_padding=&#8221;0px|||&#8221; transparent_background=&#8221;off&#8221;][et_pb_row parallax_method_1=&#8221;off&#8221; parallax_method_2=&#8221;off&#8221; module_class_1=&#8221;ecc-location-interval&#8221; _builder_version=&#8221;3.0.69&#8243; background_size=&#8221;initial&#8221; background_position=&#8221;top_left&#8221; background_repeat=&#8221;repeat&#8221;][et_pb_column type=&#8221;3_4&#8243; _builder_version=&#8221;3.0.47&#8243; parallax=&#8221;off&#8221; parallax_method=&#8221;off&#8221; module_class=&#8221;ecc-location-interval&#8221;][et_pb_text _builder_version=&#8221;3.0.85&#8243; background_size=&#8221;initial&#8221; background_position=&#8221;top_left&#8221; background_repeat=&#8221;repeat&#8221; text_orientation=&#8221;justified&#8221;] Air-conditioned, bright and spacious suite, situated on the second floor of the chateau, with a garden view. Thanks to the [&hellip;]\" \/>\n<meta property=\"og:url\" content=\"https:\/\/www.chateau-rieutort.fr\/en\/guest-rooms\/grenache\/\" \/>\n<meta property=\"og:site_name\" content=\"G\u00eetes &amp; Chambres d&#039;h\u00f4te %%sep%% Ch\u00e2teau Rieutort\" \/>\n<meta property=\"article:modified_time\" content=\"2026-01-12T11:09:42+00:00\" \/>\n<meta property=\"og:image\" content=\"https:\/\/www.chateau-rieutort.fr\/wp-content\/uploads\/chambre-suite-hotes-languedoc-grenache.jpg\" \/>\n\t<meta property=\"og:image:width\" content=\"2048\" \/>\n\t<meta property=\"og:image:height\" content=\"1365\" \/>\n\t<meta property=\"og:image:type\" content=\"image\/jpeg\" \/>\n<meta name=\"twitter:card\" content=\"summary_large_image\" \/>\n<meta name=\"twitter:label1\" content=\"Est. reading time\" \/>\n\t<meta name=\"twitter:data1\" content=\"1 minute\" \/>\n<script type=\"application\/ld+json\" class=\"yoast-schema-graph\">{\"@context\":\"https:\/\/schema.org\",\"@graph\":[{\"@type\":\"WebPage\",\"@id\":\"https:\/\/www.chateau-rieutort.fr\/en\/guest-rooms\/grenache\/\",\"url\":\"https:\/\/www.chateau-rieutort.fr\/en\/guest-rooms\/grenache\/\",\"name\":\"\\\"Suite Grenache\\\" - Chambre d'h\u00f4te - G\u00eetes &amp; Chambres d&#039;h\u00f4te Ch\u00e2teau Rieutort\",\"isPartOf\":{\"@id\":\"https:\/\/www.chateau-rieutort.fr\/#website\"},\"primaryImageOfPage\":{\"@id\":\"https:\/\/www.chateau-rieutort.fr\/en\/guest-rooms\/grenache\/#primaryimage\"},\"image\":{\"@id\":\"https:\/\/www.chateau-rieutort.fr\/en\/guest-rooms\/grenache\/#primaryimage\"},\"thumbnailUrl\":\"https:\/\/www.chateau-rieutort.fr\/wp-content\/uploads\/chambre-suite-hotes-languedoc-grenache.jpg\",\"datePublished\":\"2017-05-10T13:31:20+00:00\",\"dateModified\":\"2026-01-12T11:09:42+00:00\",\"breadcrumb\":{\"@id\":\"https:\/\/www.chateau-rieutort.fr\/en\/guest-rooms\/grenache\/#breadcrumb\"},\"inLanguage\":\"en-US\",\"potentialAction\":[{\"@type\":\"ReadAction\",\"target\":[\"https:\/\/www.chateau-rieutort.fr\/en\/guest-rooms\/grenache\/\"]}]},{\"@type\":\"ImageObject\",\"inLanguage\":\"en-US\",\"@id\":\"https:\/\/www.chateau-rieutort.fr\/en\/guest-rooms\/grenache\/#primaryimage\",\"url\":\"https:\/\/www.chateau-rieutort.fr\/wp-content\/uploads\/chambre-suite-hotes-languedoc-grenache.jpg\",\"contentUrl\":\"https:\/\/www.chateau-rieutort.fr\/wp-content\/uploads\/chambre-suite-hotes-languedoc-grenache.jpg\",\"width\":2048,\"height\":1365},{\"@type\":\"BreadcrumbList\",\"@id\":\"https:\/\/www.chateau-rieutort.fr\/en\/guest-rooms\/grenache\/#breadcrumb\",\"itemListElement\":[{\"@type\":\"ListItem\",\"position\":1,\"name\":\"Accueil\",\"item\":\"https:\/\/www.chateau-rieutort.fr\/en\/\"},{\"@type\":\"ListItem\",\"position\":2,\"name\":\"Guest rooms\",\"item\":\"https:\/\/www.chateau-rieutort.fr\/en\/guest-rooms\/\"},{\"@type\":\"ListItem\",\"position\":3,\"name\":\"Suite Grenache\"}]},{\"@type\":\"WebSite\",\"@id\":\"https:\/\/www.chateau-rieutort.fr\/#website\",\"url\":\"https:\/\/www.chateau-rieutort.fr\/\",\"name\":\"G\u00eetes &amp; Chambres d&#039;h\u00f4te %%sep%% Ch\u00e2teau Rieutort\",\"description\":\"Vignoble G\u00eetes Chambres d&#039;h\u00f4tes Languedoc Occitanie\",\"potentialAction\":[{\"@type\":\"SearchAction\",\"target\":{\"@type\":\"EntryPoint\",\"urlTemplate\":\"https:\/\/www.chateau-rieutort.fr\/?s={search_term_string}\"},\"query-input\":{\"@type\":\"PropertyValueSpecification\",\"valueRequired\":true,\"valueName\":\"search_term_string\"}}],\"inLanguage\":\"en-US\"}]}<\/script>\n<!-- \/ Yoast SEO plugin. -->","yoast_head_json":{"title":"\"Suite Grenache\" - Chambre d'h\u00f4te - G\u00eetes &amp; Chambres d&#039;h\u00f4te Ch\u00e2teau Rieutort","robots":{"index":"index","follow":"follow","max-snippet":"max-snippet:-1","max-image-preview":"max-image-preview:large","max-video-preview":"max-video-preview:-1"},"canonical":"https:\/\/www.chateau-rieutort.fr\/en\/guest-rooms\/grenache\/","og_locale":"en_US","og_type":"article","og_title":"\"Suite Grenache\" - Chambre d'h\u00f4te - G\u00eetes &amp; Chambres d&#039;h\u00f4te Ch\u00e2teau Rieutort","og_description":"[et_pb_section fb_built=&#8221;1&#8243; fullwidth=&#8221;on&#8221; disabled_on=&#8221;off|off|off&#8221; custom_padding_last_edited=&#8221;off|&#8221; _builder_version=&#8221;3.0.69&#8243;][et_pb_fullwidth_header title=&#8221;Suite Grenache&#8221; background_layout=&#8221;dark&#8221; text_orientation=&#8221;center&#8221; module_class=&#8221;rieutort&#8221; _builder_version=&#8221;3.0.100&#8243; background_image=&#8221;https:\/\/www.chateau-rieutort.fr\/wp-content\/uploads\/chambre-suite-hotes-languedoc-grenache.jpg&#8221; max_width_tablet=&#8221;50px&#8221;][\/et_pb_fullwidth_header][\/et_pb_section][et_pb_section fb_built=&#8221;1&#8243; _builder_version=&#8221;3.0.47&#8243; custom_padding=&#8221;0px|||&#8221; transparent_background=&#8221;off&#8221;][et_pb_row parallax_method_1=&#8221;off&#8221; parallax_method_2=&#8221;off&#8221; module_class_1=&#8221;ecc-location-interval&#8221; _builder_version=&#8221;3.0.69&#8243; background_size=&#8221;initial&#8221; background_position=&#8221;top_left&#8221; background_repeat=&#8221;repeat&#8221;][et_pb_column type=&#8221;3_4&#8243; _builder_version=&#8221;3.0.47&#8243; parallax=&#8221;off&#8221; parallax_method=&#8221;off&#8221; module_class=&#8221;ecc-location-interval&#8221;][et_pb_text _builder_version=&#8221;3.0.85&#8243; background_size=&#8221;initial&#8221; background_position=&#8221;top_left&#8221; background_repeat=&#8221;repeat&#8221; text_orientation=&#8221;justified&#8221;] Air-conditioned, bright and spacious suite, situated on the second floor of the chateau, with a garden view. Thanks to the [&hellip;]","og_url":"https:\/\/www.chateau-rieutort.fr\/en\/guest-rooms\/grenache\/","og_site_name":"G\u00eetes &amp; Chambres d&#039;h\u00f4te %%sep%% Ch\u00e2teau Rieutort","article_modified_time":"2026-01-12T11:09:42+00:00","og_image":[{"width":2048,"height":1365,"url":"https:\/\/www.chateau-rieutort.fr\/wp-content\/uploads\/chambre-suite-hotes-languedoc-grenache.jpg","type":"image\/jpeg"}],"twitter_card":"summary_large_image","twitter_misc":{"Est. reading time":"1 minute"},"schema":{"@context":"https:\/\/schema.org","@graph":[{"@type":"WebPage","@id":"https:\/\/www.chateau-rieutort.fr\/en\/guest-rooms\/grenache\/","url":"https:\/\/www.chateau-rieutort.fr\/en\/guest-rooms\/grenache\/","name":"\"Suite Grenache\" - Chambre d'h\u00f4te - G\u00eetes &amp; Chambres d&#039;h\u00f4te Ch\u00e2teau Rieutort","isPartOf":{"@id":"https:\/\/www.chateau-rieutort.fr\/#website"},"primaryImageOfPage":{"@id":"https:\/\/www.chateau-rieutort.fr\/en\/guest-rooms\/grenache\/#primaryimage"},"image":{"@id":"https:\/\/www.chateau-rieutort.fr\/en\/guest-rooms\/grenache\/#primaryimage"},"thumbnailUrl":"https:\/\/www.chateau-rieutort.fr\/wp-content\/uploads\/chambre-suite-hotes-languedoc-grenache.jpg","datePublished":"2017-05-10T13:31:20+00:00","dateModified":"2026-01-12T11:09:42+00:00","breadcrumb":{"@id":"https:\/\/www.chateau-rieutort.fr\/en\/guest-rooms\/grenache\/#breadcrumb"},"inLanguage":"en-US","potentialAction":[{"@type":"ReadAction","target":["https:\/\/www.chateau-rieutort.fr\/en\/guest-rooms\/grenache\/"]}]},{"@type":"ImageObject","inLanguage":"en-US","@id":"https:\/\/www.chateau-rieutort.fr\/en\/guest-rooms\/grenache\/#primaryimage","url":"https:\/\/www.chateau-rieutort.fr\/wp-content\/uploads\/chambre-suite-hotes-languedoc-grenache.jpg","contentUrl":"https:\/\/www.chateau-rieutort.fr\/wp-content\/uploads\/chambre-suite-hotes-languedoc-grenache.jpg","width":2048,"height":1365},{"@type":"BreadcrumbList","@id":"https:\/\/www.chateau-rieutort.fr\/en\/guest-rooms\/grenache\/#breadcrumb","itemListElement":[{"@type":"ListItem","position":1,"name":"Accueil","item":"https:\/\/www.chateau-rieutort.fr\/en\/"},{"@type":"ListItem","position":2,"name":"Guest rooms","item":"https:\/\/www.chateau-rieutort.fr\/en\/guest-rooms\/"},{"@type":"ListItem","position":3,"name":"Suite Grenache"}]},{"@type":"WebSite","@id":"https:\/\/www.chateau-rieutort.fr\/#website","url":"https:\/\/www.chateau-rieutort.fr\/","name":"G\u00eetes &amp; Chambres d&#039;h\u00f4te %%sep%% Ch\u00e2teau Rieutort","description":"Vignoble G\u00eetes Chambres d&#039;h\u00f4tes Languedoc Occitanie","potentialAction":[{"@type":"SearchAction","target":{"@type":"EntryPoint","urlTemplate":"https:\/\/www.chateau-rieutort.fr\/?s={search_term_string}"},"query-input":{"@type":"PropertyValueSpecification","valueRequired":true,"valueName":"search_term_string"}}],"inLanguage":"en-US"}]}},"_links":{"self":[{"href":"https:\/\/www.chateau-rieutort.fr\/en\/wp-json\/wp\/v2\/pages\/26683","targetHints":{"allow":["GET"]}}],"collection":[{"href":"https:\/\/www.chateau-rieutort.fr\/en\/wp-json\/wp\/v2\/pages"}],"about":[{"href":"https:\/\/www.chateau-rieutort.fr\/en\/wp-json\/wp\/v2\/types\/page"}],"author":[{"embeddable":true,"href":"https:\/\/www.chateau-rieutort.fr\/en\/wp-json\/wp\/v2\/users\/4"}],"replies":[{"embeddable":true,"href":"https:\/\/www.chateau-rieutort.fr\/en\/wp-json\/wp\/v2\/comments?post=26683"}],"version-history":[{"count":13,"href":"https:\/\/www.chateau-rieutort.fr\/en\/wp-json\/wp\/v2\/pages\/26683\/revisions"}],"predecessor-version":[{"id":28596,"href":"https:\/\/www.chateau-rieutort.fr\/en\/wp-json\/wp\/v2\/pages\/26683\/revisions\/28596"}],"up":[{"embeddable":true,"href":"https:\/\/www.chateau-rieutort.fr\/en\/wp-json\/wp\/v2\/pages\/26600"}],"wp:featuredmedia":[{"embeddable":true,"href":"https:\/\/www.chateau-rieutort.fr\/en\/wp-json\/wp\/v2\/media\/26951"}],"wp:attachment":[{"href":"https:\/\/www.chateau-rieutort.fr\/en\/wp-json\/wp\/v2\/media?parent=26683"}],"curies":[{"name":"wp","href":"https:\/\/api.w.org\/{rel}","templated":true}]}}