{"id":26678,"date":"2017-05-10T15:24:52","date_gmt":"2017-05-10T13:24:52","guid":{"rendered":"https:\/\/www.chateau-rieutort.fr\/guest-rooms\/syrah\/"},"modified":"2026-01-12T11:44:50","modified_gmt":"2026-01-12T10:44:50","slug":"syrah","status":"publish","type":"page","link":"https:\/\/www.chateau-rieutort.fr\/en\/guest-rooms\/syrah\/","title":{"rendered":"Suite Syrah"},"content":{"rendered":"<p>[et_pb_section fb_built=&#8221;1&#8243; fullwidth=&#8221;on&#8221; disabled_on=&#8221;off|off|off&#8221; custom_padding_last_edited=&#8221;off|&#8221; _builder_version=&#8221;3.0.69&#8243;][et_pb_fullwidth_header title=&#8221;Suite Syrah&#8221; background_layout=&#8221;dark&#8221; text_orientation=&#8221;center&#8221; module_class=&#8221;rieutort&#8221; _builder_version=&#8221;3.0.84&#8243; background_image=&#8221;https:\/\/www.chateau-rieutort.fr\/wp-content\/uploads\/chambre-chambre-dhote-suite-syrah.jpg&#8221; max_width_tablet=&#8221;50px&#8221;][\/et_pb_fullwidth_header][\/et_pb_section][et_pb_section fb_built=&#8221;1&#8243; _builder_version=&#8221;3.0.47&#8243; custom_padding=&#8221;0px|||&#8221; transparent_background=&#8221;off&#8221;][et_pb_row custom_padding=&#8221;25.2188px|0px|25.2188px|1px&#8221; parallax_method_1=&#8221;off&#8221; parallax_method_2=&#8221;off&#8221; module_class_1=&#8221;ecc-location-interval&#8221; _builder_version=&#8221;3.0.47&#8243; background_size=&#8221;initial&#8221; background_position=&#8221;top_left&#8221; background_repeat=&#8221;repeat&#8221;][et_pb_column type=&#8221;3_4&#8243; _builder_version=&#8221;3.0.47&#8243; parallax=&#8221;off&#8221; parallax_method=&#8221;off&#8221; module_class=&#8221;ecc-location-interval&#8221;][et_pb_text admin_label=&#8221;Description&#8221; _builder_version=&#8221;3.0.85&#8243; background_size=&#8221;initial&#8221; background_position=&#8221;top_left&#8221; background_repeat=&#8221;repeat&#8221; text_orientation=&#8221;justified&#8221;]<\/p>\n<p>While perfect for one or two guests, this air-conditioned luxury suite can easily accommodate 4-5 guests in its dedicated bedroom and private lounge. The suite is situated on the second floor, with garden and vineyard views.<\/p>\n<p>The suite has a TV and large private terrace with a jacuzzi and garden furniture. It is also the only suite with a shower and bathtub while other suites have showers only.<\/p>\n<p>The suite is composed of a bedroom with a double bed (160x200cm), a private living room with a double sofa bed (160&#215;190 cm) and enough space for another supplementary single bed which can be provided on request. The extensive private terrace with a jacuzzi offers a spectacular view of the chateau vineyard and the shade of a hundred year old plane tree.<\/p>\n<p>Among the suite&#8217;s amenities, there is a safe, mini bar, coffee machine, hair dryer, alarm clock with a radio and TV with a built in DVD.<\/p>\n<p>[\/et_pb_text][et_pb_text admin_label=&#8221;Description commune&#8221; _builder_version=&#8221;3.0.85&#8243; background_size=&#8221;initial&#8221; background_position=&#8221;top_left&#8221; background_repeat=&#8221;repeat&#8221; text_orientation=&#8221;justified&#8221; module_alignment=&#8221;justified&#8221; locked=&#8221;on&#8221;]<hr \/>\r\n\r\n<strong>For special offers, packages and , non-refundable rates, please enter dates into the booking system to see results. Email us if you cannot find availability in your preferred dates; maybe the entire property is indeed fully booked or maybe we miss availability in consecutive days in the same room but we could offer you some days in a different room<\/strong>\r\n\r\n<hr \/>\r\n<p>\r\n\t<p><strong>379\u20ac<\/strong> per night.<br \/>\n\tPrices are for 2 guests and include VAT. Tourist tax not included to be paid on top.<\/p>\n\r\n<\/p>\r\n\r\n<p>\r\nRooms are available from 16:00 until 11:00 on the day of your departure.\r\nBreakfast is served between 8:30 and 10:00.\r\n<\/p>\r\n\r\n<p>\r\n\t\r\n<\/p>\r\n\r\n<p>\r\n\t<strong>From November till April reservations are accepted only for groups and events. No individual bookings are accepted during this period.<\/strong>\r\n<\/p>\r\n\r\n\r\n<strong>You are welcome to telephone or e-mail us but booking must be made using the online booking system provided to symultanously close all booking channels and avoid over bookings; sorry. <\/strong>\r\n\r\n\r\n<p style=\"text-align: center;\"><a href=\"https:\/\/www.chateau-rieutort.fr\/en\/booking\/\" class=\"button\">Book<\/a><\/p><br \/>\n[\/et_pb_text][et_pb_gallery gallery_ids=&#8221;26922,26924,26920,26928,26926,26338,26930&#8243; posts_number=&#8221;10&#8243; show_title_and_caption=&#8221;off&#8221; module_class=&#8221;rieutort&#8221; _builder_version=&#8221;3.0.100&#8243; pagination_font_size_tablet=&#8221;51&#8243; pagination_line_height_tablet=&#8221;2&#8243;][\/et_pb_gallery][\/et_pb_column][et_pb_column type=&#8221;1_4&#8243; _builder_version=&#8221;3.0.47&#8243; parallax=&#8221;off&#8221; parallax_method=&#8221;off&#8221;][et_pb_code disabled_on=&#8221;off|off|off&#8221; module_class=&#8221;custom-sidebar&#8221; _builder_version=&#8221;3.0.85&#8243; global_module=&#8221;26609&#8243; locked=&#8221;on&#8221;][\/et_pb_code][\/et_pb_column][\/et_pb_row][\/et_pb_section]<\/p>\n","protected":false},"excerpt":{"rendered":"<p>[et_pb_section fb_built=&#8221;1&#8243; fullwidth=&#8221;on&#8221; disabled_on=&#8221;off|off|off&#8221; custom_padding_last_edited=&#8221;off|&#8221; _builder_version=&#8221;3.0.69&#8243;][et_pb_fullwidth_header title=&#8221;Suite Syrah&#8221; background_layout=&#8221;dark&#8221; text_orientation=&#8221;center&#8221; module_class=&#8221;rieutort&#8221; _builder_version=&#8221;3.0.84&#8243; background_image=&#8221;https:\/\/www.chateau-rieutort.fr\/wp-content\/uploads\/chambre-chambre-dhote-suite-syrah.jpg&#8221; max_width_tablet=&#8221;50px&#8221;][\/et_pb_fullwidth_header][\/et_pb_section][et_pb_section fb_built=&#8221;1&#8243; _builder_version=&#8221;3.0.47&#8243; custom_padding=&#8221;0px|||&#8221; transparent_background=&#8221;off&#8221;][et_pb_row custom_padding=&#8221;25.2188px|0px|25.2188px|1px&#8221; parallax_method_1=&#8221;off&#8221; parallax_method_2=&#8221;off&#8221; module_class_1=&#8221;ecc-location-interval&#8221; _builder_version=&#8221;3.0.47&#8243; background_size=&#8221;initial&#8221; background_position=&#8221;top_left&#8221; background_repeat=&#8221;repeat&#8221;][et_pb_column type=&#8221;3_4&#8243; _builder_version=&#8221;3.0.47&#8243; parallax=&#8221;off&#8221; parallax_method=&#8221;off&#8221; module_class=&#8221;ecc-location-interval&#8221;][et_pb_text admin_label=&#8221;Description&#8221; _builder_version=&#8221;3.0.85&#8243; background_size=&#8221;initial&#8221; background_position=&#8221;top_left&#8221; background_repeat=&#8221;repeat&#8221; text_orientation=&#8221;justified&#8221;] While perfect for one or two guests, this air-conditioned luxury suite can easily accommodate 4-5 guests in its [&hellip;]<\/p>\n","protected":false},"author":4,"featured_media":26917,"parent":26600,"menu_order":5,"comment_status":"closed","ping_status":"closed","template":"","meta":{"_acf_changed":false,"_et_pb_use_builder":"on","_et_pb_old_content":"<p>'est une suite luxueuse avec la climatisation qui peut recevoir jusqu'\u00e0 4 ou 5 invit\u00e9s. Elle est au second \u00e9tage avec une vue sur le jardin et les vignobles. La suite est compos\u00e9e d'une chambre avec un lit double (160x200cm), d'un spacieux salon avec t\u00e9l\u00e9vision, d'un canap\u00e9 lit deux places, une salle de bain privative avec douche et baignoire ainsi que des toilettes s\u00e9par\u00e9es. Le salon est suffisamment spacieux pour y placer un lit simple que nous vous installerons (suppl\u00e9ment de 25\u20ac par jours). Il y a \u00e9galement une vaste terrasse priv\u00e9e avec du mobilier de jardin.<\/p><p>Le prix d\u00e9pend du nombre d'invit\u00e9s s\u00e9journant dans la chambre .<\/p><p>La 7\u00e8me nuit est gratuite si vous r\u00e9serv\u00e9 directement avec nous.<\/p>","_et_gb_content_width":"","footnotes":""},"class_list":["post-26678","page","type-page","status-publish","has-post-thumbnail","hentry"],"acf":[],"yoast_head":"<!-- This site is optimized with the Yoast SEO plugin v26.7 - https:\/\/yoast.com\/wordpress\/plugins\/seo\/ -->\n<title>&quot;Suite Syrah&quot; - Chambre d&#039;h\u00f4te - G\u00eetes &amp; Chambres d&#039;h\u00f4te Ch\u00e2teau Rieutort<\/title>\n<meta name=\"robots\" content=\"index, follow, max-snippet:-1, max-image-preview:large, max-video-preview:-1\" \/>\n<link rel=\"canonical\" href=\"https:\/\/www.chateau-rieutort.fr\/en\/guest-rooms\/syrah\/\" \/>\n<meta property=\"og:locale\" content=\"en_US\" \/>\n<meta property=\"og:type\" content=\"article\" \/>\n<meta property=\"og:title\" content=\"&quot;Suite Syrah&quot; - Chambre d&#039;h\u00f4te - G\u00eetes &amp; Chambres d&#039;h\u00f4te Ch\u00e2teau Rieutort\" \/>\n<meta property=\"og:description\" content=\"[et_pb_section fb_built=&#8221;1&#8243; fullwidth=&#8221;on&#8221; disabled_on=&#8221;off|off|off&#8221; custom_padding_last_edited=&#8221;off|&#8221; _builder_version=&#8221;3.0.69&#8243;][et_pb_fullwidth_header title=&#8221;Suite Syrah&#8221; background_layout=&#8221;dark&#8221; text_orientation=&#8221;center&#8221; module_class=&#8221;rieutort&#8221; _builder_version=&#8221;3.0.84&#8243; background_image=&#8221;https:\/\/www.chateau-rieutort.fr\/wp-content\/uploads\/chambre-chambre-dhote-suite-syrah.jpg&#8221; max_width_tablet=&#8221;50px&#8221;][\/et_pb_fullwidth_header][\/et_pb_section][et_pb_section fb_built=&#8221;1&#8243; _builder_version=&#8221;3.0.47&#8243; custom_padding=&#8221;0px|||&#8221; transparent_background=&#8221;off&#8221;][et_pb_row custom_padding=&#8221;25.2188px|0px|25.2188px|1px&#8221; parallax_method_1=&#8221;off&#8221; parallax_method_2=&#8221;off&#8221; module_class_1=&#8221;ecc-location-interval&#8221; _builder_version=&#8221;3.0.47&#8243; background_size=&#8221;initial&#8221; background_position=&#8221;top_left&#8221; background_repeat=&#8221;repeat&#8221;][et_pb_column type=&#8221;3_4&#8243; _builder_version=&#8221;3.0.47&#8243; parallax=&#8221;off&#8221; parallax_method=&#8221;off&#8221; module_class=&#8221;ecc-location-interval&#8221;][et_pb_text admin_label=&#8221;Description&#8221; _builder_version=&#8221;3.0.85&#8243; background_size=&#8221;initial&#8221; background_position=&#8221;top_left&#8221; background_repeat=&#8221;repeat&#8221; text_orientation=&#8221;justified&#8221;] While perfect for one or two guests, this air-conditioned luxury suite can easily accommodate 4-5 guests in its [&hellip;]\" \/>\n<meta property=\"og:url\" content=\"https:\/\/www.chateau-rieutort.fr\/en\/guest-rooms\/syrah\/\" \/>\n<meta property=\"og:site_name\" content=\"G\u00eetes &amp; Chambres d&#039;h\u00f4te %%sep%% Ch\u00e2teau Rieutort\" \/>\n<meta property=\"article:modified_time\" content=\"2026-01-12T10:44:50+00:00\" \/>\n<meta property=\"og:image\" content=\"https:\/\/www.chateau-rieutort.fr\/wp-content\/uploads\/chambre-hote-languedoc-syrah.jpg\" \/>\n\t<meta property=\"og:image:width\" content=\"2048\" \/>\n\t<meta property=\"og:image:height\" content=\"1365\" \/>\n\t<meta property=\"og:image:type\" content=\"image\/jpeg\" \/>\n<meta name=\"twitter:card\" content=\"summary_large_image\" \/>\n<meta name=\"twitter:label1\" content=\"Est. reading time\" \/>\n\t<meta name=\"twitter:data1\" content=\"2 minutes\" \/>\n<script type=\"application\/ld+json\" class=\"yoast-schema-graph\">{\"@context\":\"https:\/\/schema.org\",\"@graph\":[{\"@type\":\"WebPage\",\"@id\":\"https:\/\/www.chateau-rieutort.fr\/en\/guest-rooms\/syrah\/\",\"url\":\"https:\/\/www.chateau-rieutort.fr\/en\/guest-rooms\/syrah\/\",\"name\":\"\\\"Suite Syrah\\\" - Chambre d'h\u00f4te - G\u00eetes &amp; Chambres d&#039;h\u00f4te Ch\u00e2teau Rieutort\",\"isPartOf\":{\"@id\":\"https:\/\/www.chateau-rieutort.fr\/#website\"},\"primaryImageOfPage\":{\"@id\":\"https:\/\/www.chateau-rieutort.fr\/en\/guest-rooms\/syrah\/#primaryimage\"},\"image\":{\"@id\":\"https:\/\/www.chateau-rieutort.fr\/en\/guest-rooms\/syrah\/#primaryimage\"},\"thumbnailUrl\":\"https:\/\/www.chateau-rieutort.fr\/wp-content\/uploads\/chambre-hote-languedoc-syrah.jpg\",\"datePublished\":\"2017-05-10T13:24:52+00:00\",\"dateModified\":\"2026-01-12T10:44:50+00:00\",\"breadcrumb\":{\"@id\":\"https:\/\/www.chateau-rieutort.fr\/en\/guest-rooms\/syrah\/#breadcrumb\"},\"inLanguage\":\"en-US\",\"potentialAction\":[{\"@type\":\"ReadAction\",\"target\":[\"https:\/\/www.chateau-rieutort.fr\/en\/guest-rooms\/syrah\/\"]}]},{\"@type\":\"ImageObject\",\"inLanguage\":\"en-US\",\"@id\":\"https:\/\/www.chateau-rieutort.fr\/en\/guest-rooms\/syrah\/#primaryimage\",\"url\":\"https:\/\/www.chateau-rieutort.fr\/wp-content\/uploads\/chambre-hote-languedoc-syrah.jpg\",\"contentUrl\":\"https:\/\/www.chateau-rieutort.fr\/wp-content\/uploads\/chambre-hote-languedoc-syrah.jpg\",\"width\":2048,\"height\":1365},{\"@type\":\"BreadcrumbList\",\"@id\":\"https:\/\/www.chateau-rieutort.fr\/en\/guest-rooms\/syrah\/#breadcrumb\",\"itemListElement\":[{\"@type\":\"ListItem\",\"position\":1,\"name\":\"Accueil\",\"item\":\"https:\/\/www.chateau-rieutort.fr\/en\/\"},{\"@type\":\"ListItem\",\"position\":2,\"name\":\"Guest rooms\",\"item\":\"https:\/\/www.chateau-rieutort.fr\/en\/guest-rooms\/\"},{\"@type\":\"ListItem\",\"position\":3,\"name\":\"Suite Syrah\"}]},{\"@type\":\"WebSite\",\"@id\":\"https:\/\/www.chateau-rieutort.fr\/#website\",\"url\":\"https:\/\/www.chateau-rieutort.fr\/\",\"name\":\"G\u00eetes &amp; Chambres d&#039;h\u00f4te %%sep%% Ch\u00e2teau Rieutort\",\"description\":\"Vignoble G\u00eetes Chambres d&#039;h\u00f4tes Languedoc Occitanie\",\"potentialAction\":[{\"@type\":\"SearchAction\",\"target\":{\"@type\":\"EntryPoint\",\"urlTemplate\":\"https:\/\/www.chateau-rieutort.fr\/?s={search_term_string}\"},\"query-input\":{\"@type\":\"PropertyValueSpecification\",\"valueRequired\":true,\"valueName\":\"search_term_string\"}}],\"inLanguage\":\"en-US\"}]}<\/script>\n<!-- \/ Yoast SEO plugin. -->","yoast_head_json":{"title":"\"Suite Syrah\" - Chambre d'h\u00f4te - G\u00eetes &amp; Chambres d&#039;h\u00f4te Ch\u00e2teau Rieutort","robots":{"index":"index","follow":"follow","max-snippet":"max-snippet:-1","max-image-preview":"max-image-preview:large","max-video-preview":"max-video-preview:-1"},"canonical":"https:\/\/www.chateau-rieutort.fr\/en\/guest-rooms\/syrah\/","og_locale":"en_US","og_type":"article","og_title":"\"Suite Syrah\" - Chambre d'h\u00f4te - G\u00eetes &amp; Chambres d&#039;h\u00f4te Ch\u00e2teau Rieutort","og_description":"[et_pb_section fb_built=&#8221;1&#8243; fullwidth=&#8221;on&#8221; disabled_on=&#8221;off|off|off&#8221; custom_padding_last_edited=&#8221;off|&#8221; _builder_version=&#8221;3.0.69&#8243;][et_pb_fullwidth_header title=&#8221;Suite Syrah&#8221; background_layout=&#8221;dark&#8221; text_orientation=&#8221;center&#8221; module_class=&#8221;rieutort&#8221; _builder_version=&#8221;3.0.84&#8243; background_image=&#8221;https:\/\/www.chateau-rieutort.fr\/wp-content\/uploads\/chambre-chambre-dhote-suite-syrah.jpg&#8221; max_width_tablet=&#8221;50px&#8221;][\/et_pb_fullwidth_header][\/et_pb_section][et_pb_section fb_built=&#8221;1&#8243; _builder_version=&#8221;3.0.47&#8243; custom_padding=&#8221;0px|||&#8221; transparent_background=&#8221;off&#8221;][et_pb_row custom_padding=&#8221;25.2188px|0px|25.2188px|1px&#8221; parallax_method_1=&#8221;off&#8221; parallax_method_2=&#8221;off&#8221; module_class_1=&#8221;ecc-location-interval&#8221; _builder_version=&#8221;3.0.47&#8243; background_size=&#8221;initial&#8221; background_position=&#8221;top_left&#8221; background_repeat=&#8221;repeat&#8221;][et_pb_column type=&#8221;3_4&#8243; _builder_version=&#8221;3.0.47&#8243; parallax=&#8221;off&#8221; parallax_method=&#8221;off&#8221; module_class=&#8221;ecc-location-interval&#8221;][et_pb_text admin_label=&#8221;Description&#8221; _builder_version=&#8221;3.0.85&#8243; background_size=&#8221;initial&#8221; background_position=&#8221;top_left&#8221; background_repeat=&#8221;repeat&#8221; text_orientation=&#8221;justified&#8221;] While perfect for one or two guests, this air-conditioned luxury suite can easily accommodate 4-5 guests in its [&hellip;]","og_url":"https:\/\/www.chateau-rieutort.fr\/en\/guest-rooms\/syrah\/","og_site_name":"G\u00eetes &amp; Chambres d&#039;h\u00f4te %%sep%% Ch\u00e2teau Rieutort","article_modified_time":"2026-01-12T10:44:50+00:00","og_image":[{"width":2048,"height":1365,"url":"https:\/\/www.chateau-rieutort.fr\/wp-content\/uploads\/chambre-hote-languedoc-syrah.jpg","type":"image\/jpeg"}],"twitter_card":"summary_large_image","twitter_misc":{"Est. reading time":"2 minutes"},"schema":{"@context":"https:\/\/schema.org","@graph":[{"@type":"WebPage","@id":"https:\/\/www.chateau-rieutort.fr\/en\/guest-rooms\/syrah\/","url":"https:\/\/www.chateau-rieutort.fr\/en\/guest-rooms\/syrah\/","name":"\"Suite Syrah\" - Chambre d'h\u00f4te - G\u00eetes &amp; Chambres d&#039;h\u00f4te Ch\u00e2teau Rieutort","isPartOf":{"@id":"https:\/\/www.chateau-rieutort.fr\/#website"},"primaryImageOfPage":{"@id":"https:\/\/www.chateau-rieutort.fr\/en\/guest-rooms\/syrah\/#primaryimage"},"image":{"@id":"https:\/\/www.chateau-rieutort.fr\/en\/guest-rooms\/syrah\/#primaryimage"},"thumbnailUrl":"https:\/\/www.chateau-rieutort.fr\/wp-content\/uploads\/chambre-hote-languedoc-syrah.jpg","datePublished":"2017-05-10T13:24:52+00:00","dateModified":"2026-01-12T10:44:50+00:00","breadcrumb":{"@id":"https:\/\/www.chateau-rieutort.fr\/en\/guest-rooms\/syrah\/#breadcrumb"},"inLanguage":"en-US","potentialAction":[{"@type":"ReadAction","target":["https:\/\/www.chateau-rieutort.fr\/en\/guest-rooms\/syrah\/"]}]},{"@type":"ImageObject","inLanguage":"en-US","@id":"https:\/\/www.chateau-rieutort.fr\/en\/guest-rooms\/syrah\/#primaryimage","url":"https:\/\/www.chateau-rieutort.fr\/wp-content\/uploads\/chambre-hote-languedoc-syrah.jpg","contentUrl":"https:\/\/www.chateau-rieutort.fr\/wp-content\/uploads\/chambre-hote-languedoc-syrah.jpg","width":2048,"height":1365},{"@type":"BreadcrumbList","@id":"https:\/\/www.chateau-rieutort.fr\/en\/guest-rooms\/syrah\/#breadcrumb","itemListElement":[{"@type":"ListItem","position":1,"name":"Accueil","item":"https:\/\/www.chateau-rieutort.fr\/en\/"},{"@type":"ListItem","position":2,"name":"Guest rooms","item":"https:\/\/www.chateau-rieutort.fr\/en\/guest-rooms\/"},{"@type":"ListItem","position":3,"name":"Suite Syrah"}]},{"@type":"WebSite","@id":"https:\/\/www.chateau-rieutort.fr\/#website","url":"https:\/\/www.chateau-rieutort.fr\/","name":"G\u00eetes &amp; Chambres d&#039;h\u00f4te %%sep%% Ch\u00e2teau Rieutort","description":"Vignoble G\u00eetes Chambres d&#039;h\u00f4tes Languedoc Occitanie","potentialAction":[{"@type":"SearchAction","target":{"@type":"EntryPoint","urlTemplate":"https:\/\/www.chateau-rieutort.fr\/?s={search_term_string}"},"query-input":{"@type":"PropertyValueSpecification","valueRequired":true,"valueName":"search_term_string"}}],"inLanguage":"en-US"}]}},"_links":{"self":[{"href":"https:\/\/www.chateau-rieutort.fr\/en\/wp-json\/wp\/v2\/pages\/26678","targetHints":{"allow":["GET"]}}],"collection":[{"href":"https:\/\/www.chateau-rieutort.fr\/en\/wp-json\/wp\/v2\/pages"}],"about":[{"href":"https:\/\/www.chateau-rieutort.fr\/en\/wp-json\/wp\/v2\/types\/page"}],"author":[{"embeddable":true,"href":"https:\/\/www.chateau-rieutort.fr\/en\/wp-json\/wp\/v2\/users\/4"}],"replies":[{"embeddable":true,"href":"https:\/\/www.chateau-rieutort.fr\/en\/wp-json\/wp\/v2\/comments?post=26678"}],"version-history":[{"count":16,"href":"https:\/\/www.chateau-rieutort.fr\/en\/wp-json\/wp\/v2\/pages\/26678\/revisions"}],"predecessor-version":[{"id":28570,"href":"https:\/\/www.chateau-rieutort.fr\/en\/wp-json\/wp\/v2\/pages\/26678\/revisions\/28570"}],"up":[{"embeddable":true,"href":"https:\/\/www.chateau-rieutort.fr\/en\/wp-json\/wp\/v2\/pages\/26600"}],"wp:featuredmedia":[{"embeddable":true,"href":"https:\/\/www.chateau-rieutort.fr\/en\/wp-json\/wp\/v2\/media\/26917"}],"wp:attachment":[{"href":"https:\/\/www.chateau-rieutort.fr\/en\/wp-json\/wp\/v2\/media?parent=26678"}],"curies":[{"name":"wp","href":"https:\/\/api.w.org\/{rel}","templated":true}]}}