{"id":26672,"date":"2017-05-10T11:42:27","date_gmt":"2017-05-10T09:42:27","guid":{"rendered":"https:\/\/www.chateau-rieutort.fr\/gites\/grand-rieutort\/"},"modified":"2026-01-12T11:47:20","modified_gmt":"2026-01-12T10:47:20","slug":"grand-rieutort","status":"publish","type":"page","link":"https:\/\/www.chateau-rieutort.fr\/en\/gites\/grand-rieutort\/","title":{"rendered":"Grand Rieutort"},"content":{"rendered":"<p>[et_pb_section fb_built=&#8221;1&#8243; fullwidth=&#8221;on&#8221; custom_padding_last_edited=&#8221;off|&#8221; disabled_on=&#8221;off|off|off&#8221; _builder_version=&#8221;3.22&#8243;][et_pb_fullwidth_header title=&#8221;Grand Rieutort&#8221; text_orientation=&#8221;center&#8221; module_class=&#8221;rieutort&#8221; _builder_version=&#8221;3.16&#8243; background_color=&#8221;rgba(255, 255, 255, 0)&#8221; background_image=&#8221;https:\/\/www.chateau-rieutort.fr\/wp-content\/uploads\/terrasse-3-gite-languedoc-grand-rieutort.jpg&#8221; max_width_tablet=&#8221;50px&#8221; button_one_text_size__hover_enabled=&#8221;off&#8221; button_two_text_size__hover_enabled=&#8221;off&#8221; button_one_text_color__hover_enabled=&#8221;off&#8221; button_two_text_color__hover_enabled=&#8221;off&#8221; button_one_border_width__hover_enabled=&#8221;off&#8221; button_two_border_width__hover_enabled=&#8221;off&#8221; button_one_border_color__hover_enabled=&#8221;off&#8221; button_two_border_color__hover_enabled=&#8221;off&#8221; button_one_border_radius__hover_enabled=&#8221;off&#8221; button_two_border_radius__hover_enabled=&#8221;off&#8221; button_one_letter_spacing__hover_enabled=&#8221;off&#8221; button_two_letter_spacing__hover_enabled=&#8221;off&#8221; button_one_bg_color__hover_enabled=&#8221;off&#8221; button_two_bg_color__hover_enabled=&#8221;off&#8221;][\/et_pb_fullwidth_header][\/et_pb_section][et_pb_section fb_built=&#8221;1&#8243; _builder_version=&#8221;3.22&#8243; custom_padding=&#8221;0px|||&#8221; transparent_background=&#8221;off&#8221;][et_pb_row _builder_version=&#8221;3.25&#8243; background_size=&#8221;initial&#8221; background_position=&#8221;top_left&#8221; background_repeat=&#8221;repeat&#8221; column_structure=&#8221;3_4,1_4&#8243;][et_pb_column type=&#8221;3_4&#8243; module_class=&#8221;ecc-location-interval&#8221; _builder_version=&#8221;3.25&#8243; custom_padding=&#8221;|||&#8221; custom_padding__hover=&#8221;|||&#8221;][et_pb_text _builder_version=&#8221;3.27.4&#8243; background_size=&#8221;initial&#8221; background_position=&#8221;top_left&#8221; background_repeat=&#8221;repeat&#8221; text_orientation=&#8221;justified&#8221; module_alignment=&#8221;left&#8221;]<\/p>\n<p><strong>Grand Rieutort<\/strong> has the best view of all Rieutort g\u00eetes, the biggest terrace and the most privacy.<\/p>\n<p>Composed of 4 bedrooms, with 3 double beds, 3 single beds and a double sofa bed (situated in the living room), it offers accommodation for a group of 11 guests. Two single beds can be joined in a double bed on request.<\/p>\n<p>Grand Rieutort is a perfect choice for a bigger family or group of friends. It is air conditioned, has two bathrooms and two toilets, its kitchen is fully equipped and in the living room you will find a Smart TV and a Hi-Fi system. Your meals may be taken equally indoors or on the vast terrace.<\/p>\n<p>Imagine having a BBQ with a vew of Cabernet Sauvignon growing in front of you and Merlot with the river Herault on the near horizon. In the evening you will watch the sun setting over the vines.<br \/>\nThen imagine both grapes blended, aged in oak barrels next door and then poured into a glass in your outstretched hand.<\/p>\n<p>Now put it all together and book Grand Rieutort.<\/p>\n<p>[\/et_pb_text][et_pb_text admin_label=&#8221;Infos&#8221; _builder_version=&#8221;3.27.4&#8243; background_size=&#8221;initial&#8221; background_position=&#8221;top_left&#8221; background_repeat=&#8221;repeat&#8221; text_orientation=&#8221;justified&#8221; module_alignment=&#8221;justified&#8221; locked=&#8221;on&#8221;]<hr \/>\r\n\r\n<strong>For special offers, packages and non-refundable rates, please enter dates into the booking system to see results.<\/strong>\r\n\r\n<hr \/>\r\n\r\n<p>High season: <strong>3148.95\u20ac<\/strong> per week<br \/>\nLow season: -30%<\/p>\n<p>Gites are available from 16h00 until 11h00 on the day of your departure.<\/p>\n<p>Prices are per week and include VAT. Prices for part weeks are available on request.<\/p>\n<p><strong>The minimum stay is 3 nights in low season and 7 nights in high season.<\/strong><\/p>\n<p><strong>You are welcome to telephone or e-mail us but booking must be made using the online booking system provided ; sorry.<\/strong><\/p>\n<p><strong>Price match:<\/strong> if you will find our rooms or gites cheaper on any other web site please contact us with this information. We will match our price and offer you a further 5% discount for booking us directly.<\/p>\n\r\n<p style=\"text-align: center;\"><a href=\"https:\/\/www.chateau-rieutort.fr\/en\/booking\/\" class=\"button\">Book<\/a><\/p>Tourist tax not included to be paid on top.<br \/>\n[\/et_pb_text][et_pb_gallery gallery_ids=&#8221;26896,27021,27023,26385,27027,27029,27031,27033,27035,27037,27039,26381,26397,26395,26401&#8243; posts_number=&#8221;10&#8243; show_title_and_caption=&#8221;off&#8221; module_class=&#8221;rieutort&#8221; _builder_version=&#8221;3.0.100&#8243; pagination_font_size_tablet=&#8221;51&#8243; pagination_line_height_tablet=&#8221;2&#8243;][\/et_pb_gallery][\/et_pb_column][et_pb_column type=&#8221;1_4&#8243; _builder_version=&#8221;3.25&#8243; custom_padding=&#8221;|||&#8221; custom_padding__hover=&#8221;|||&#8221;][et_pb_code admin_label=&#8221;Sidebar&#8221; locked=&#8221;on&#8221;][et_pb_blurb admin_label=\"WiFi\" title=\"Free WiFi\" url_new_window=\"off\" use_icon=\"off\" icon_color=\"#c0a97d\" use_circle=\"off\" circle_color=\"#c0a97d\" use_circle_border=\"off\" circle_border_color=\"#c0a97d\" image=\"https:\/\/www.chateau-rieutort.fr\/wp-content\/uploads\/wifi.png\" icon_placement=\"top\" animation=\"off\" background_layout=\"light\" text_orientation=\"center\" use_icon_font_size=\"off\" background_position=\"top_left\" background_repeat=\"repeat\" background_size=\"initial\" _builder_version=\"3.22.5\" \/][et_pb_blurb admin_label=\"Parking\" title=\"Free Parking\" url_new_window=\"off\" use_icon=\"off\" icon_color=\"#c0a97d\" use_circle=\"off\" circle_color=\"#c0a97d\" use_circle_border=\"off\" circle_border_color=\"#c0a97d\" image=\"https:\/\/www.chateau-rieutort.fr\/wp-content\/uploads\/parking.png\" icon_placement=\"top\" animation=\"off\" background_layout=\"light\" text_orientation=\"center\" use_icon_font_size=\"off\" background_position=\"top_left\" background_repeat=\"repeat\" background_size=\"initial\" _builder_version=\"3.0.85\" \/][et_pb_blurb admin_label=\"Piscines\" title=\"Swimming Pools &amp; Park\" url_new_window=\"off\" use_icon=\"off\" icon_color=\"#c0a97d\" use_circle=\"off\" circle_color=\"#c0a97d\" use_circle_border=\"off\" circle_border_color=\"#c0a97d\" image=\"https:\/\/www.chateau-rieutort.fr\/wp-content\/uploads\/swimming.png\" icon_placement=\"top\" animation=\"off\" background_layout=\"light\" text_orientation=\"center\" use_icon_font_size=\"off\" alt=\"Piscines 24h\/24\" background_position=\"top_left\" background_repeat=\"repeat\" background_size=\"initial\" _builder_version=\"3.0.106\"]\r\n\r\n2 swimming pools in the high season (one naturist)\r\n\r\n[\/et_pb_blurb][et_pb_blurb admin_label=\"Spa\" title=\"Spa Area\" url_new_window=\"off\" use_icon=\"off\" icon_color=\"#c0a97d\" use_circle=\"off\" circle_color=\"#c0a97d\" use_circle_border=\"off\" circle_border_color=\"#c0a97d\" image=\"https:\/\/www.chateau-rieutort.fr\/wp-content\/uploads\/spa.png\" icon_placement=\"top\" animation=\"off\" background_layout=\"light\" text_orientation=\"center\" use_icon_font_size=\"off\" alt=\"Piscines 24h\/24\" background_position=\"top_left\" background_repeat=\"repeat\" background_size=\"initial\" _builder_version=\"3.0.106\" \/][et_pb_blurb admin_label=\"Draps\" title=\"Bed linen and towels provided\" url_new_window=\"off\" use_icon=\"off\" icon_color=\"#c0a97d\" use_circle=\"off\" circle_color=\"#c0a97d\" use_circle_border=\"off\" circle_border_color=\"#c0a97d\" image=\"https:\/\/www.chateau-rieutort.fr\/wp-content\/uploads\/bed.png\" icon_placement=\"top\" animation=\"off\" background_layout=\"light\" text_orientation=\"center\" use_icon_font_size=\"off\" use_border_color=\"off\" background_position=\"top_left\" background_repeat=\"repeat\" background_size=\"initial\" _builder_version=\"3.0.106\"]\r\n\r\nas well as hairdryer\r\n\r\n[\/et_pb_blurb][et_pb_blurb admin_label=\"Cleaning\" title=\"Cleaning at the end of your stay included\" url_new_window=\"off\" use_icon=\"off\" icon_color=\"#c0a97d\" use_circle=\"off\" circle_color=\"#c0a97d\" use_circle_border=\"off\" circle_border_color=\"#c0a97d\" image=\"https:\/\/www.chateau-rieutort.fr\/wp-content\/uploads\/cleaning.png\" icon_placement=\"top\" animation=\"off\" background_layout=\"light\" text_orientation=\"center\" use_icon_font_size=\"off\" use_border_color=\"off\" background_position=\"top_left\" background_repeat=\"repeat\" background_size=\"initial\" _builder_version=\"3.0.106\" \/][et_pb_blurb admin_label=\"No Smoking\" title=\"No smoking in buildings\" url_new_window=\"off\" use_icon=\"off\" icon_color=\"#c0a97d\" use_circle=\"off\" circle_color=\"#c0a97d\" use_circle_border=\"off\" circle_border_color=\"#c0a97d\" image=\"https:\/\/www.chateau-rieutort.fr\/wp-content\/uploads\/no-smoking.png\" icon_placement=\"top\" animation=\"off\" background_layout=\"light\" text_orientation=\"center\" use_icon_font_size=\"off\" background_position=\"top_left\" background_repeat=\"repeat\" background_size=\"initial\" _builder_version=\"3.0.85\" \/][\/et_pb_code][\/et_pb_column][\/et_pb_row][\/et_pb_section]<\/p>\n","protected":false},"excerpt":{"rendered":"<p>[et_pb_section fb_built=&#8221;1&#8243; fullwidth=&#8221;on&#8221; custom_padding_last_edited=&#8221;off|&#8221; disabled_on=&#8221;off|off|off&#8221; _builder_version=&#8221;3.22&#8243;][et_pb_fullwidth_header title=&#8221;Grand Rieutort&#8221; text_orientation=&#8221;center&#8221; module_class=&#8221;rieutort&#8221; _builder_version=&#8221;3.16&#8243; background_color=&#8221;rgba(255, 255, 255, 0)&#8221; background_image=&#8221;https:\/\/www.chateau-rieutort.fr\/wp-content\/uploads\/terrasse-3-gite-languedoc-grand-rieutort.jpg&#8221; max_width_tablet=&#8221;50px&#8221; button_one_text_size__hover_enabled=&#8221;off&#8221; button_two_text_size__hover_enabled=&#8221;off&#8221; button_one_text_color__hover_enabled=&#8221;off&#8221; button_two_text_color__hover_enabled=&#8221;off&#8221; button_one_border_width__hover_enabled=&#8221;off&#8221; button_two_border_width__hover_enabled=&#8221;off&#8221; button_one_border_color__hover_enabled=&#8221;off&#8221; button_two_border_color__hover_enabled=&#8221;off&#8221; button_one_border_radius__hover_enabled=&#8221;off&#8221; button_two_border_radius__hover_enabled=&#8221;off&#8221; button_one_letter_spacing__hover_enabled=&#8221;off&#8221; button_two_letter_spacing__hover_enabled=&#8221;off&#8221; button_one_bg_color__hover_enabled=&#8221;off&#8221; button_two_bg_color__hover_enabled=&#8221;off&#8221;][\/et_pb_fullwidth_header][\/et_pb_section][et_pb_section fb_built=&#8221;1&#8243; _builder_version=&#8221;3.22&#8243; custom_padding=&#8221;0px|||&#8221; transparent_background=&#8221;off&#8221;][et_pb_row _builder_version=&#8221;3.25&#8243; background_size=&#8221;initial&#8221; background_position=&#8221;top_left&#8221; background_repeat=&#8221;repeat&#8221; column_structure=&#8221;3_4,1_4&#8243;][et_pb_column type=&#8221;3_4&#8243; module_class=&#8221;ecc-location-interval&#8221; _builder_version=&#8221;3.25&#8243; custom_padding=&#8221;|||&#8221; custom_padding__hover=&#8221;|||&#8221;][et_pb_text _builder_version=&#8221;3.27.4&#8243; background_size=&#8221;initial&#8221; background_position=&#8221;top_left&#8221; background_repeat=&#8221;repeat&#8221; text_orientation=&#8221;justified&#8221; module_alignment=&#8221;left&#8221;] Grand Rieutort has the [&hellip;]<\/p>\n","protected":false},"author":4,"featured_media":26395,"parent":26667,"menu_order":5,"comment_status":"closed","ping_status":"closed","template":"","meta":{"_acf_changed":false,"_et_pb_use_builder":"off","_et_pb_old_content":"","_et_gb_content_width":"","footnotes":""},"class_list":["post-26672","page","type-page","status-publish","has-post-thumbnail","hentry"],"acf":[],"yoast_head":"<!-- This site is optimized with the Yoast SEO plugin v26.7 - https:\/\/yoast.com\/wordpress\/plugins\/seo\/ -->\n<title>G\u00eete &quot;Grand Rieutort&quot; - G\u00eetes &amp; Chambres d&#039;h\u00f4te Ch\u00e2teau Rieutort<\/title>\n<meta name=\"robots\" content=\"index, follow, max-snippet:-1, max-image-preview:large, max-video-preview:-1\" \/>\n<link rel=\"canonical\" href=\"https:\/\/www.chateau-rieutort.fr\/en\/gites\/grand-rieutort\/\" \/>\n<meta property=\"og:locale\" content=\"en_US\" \/>\n<meta property=\"og:type\" content=\"article\" \/>\n<meta property=\"og:title\" content=\"G\u00eete &quot;Grand Rieutort&quot; - G\u00eetes &amp; Chambres d&#039;h\u00f4te Ch\u00e2teau Rieutort\" \/>\n<meta property=\"og:description\" content=\"[et_pb_section fb_built=&#8221;1&#8243; fullwidth=&#8221;on&#8221; custom_padding_last_edited=&#8221;off|&#8221; disabled_on=&#8221;off|off|off&#8221; _builder_version=&#8221;3.22&#8243;][et_pb_fullwidth_header title=&#8221;Grand Rieutort&#8221; text_orientation=&#8221;center&#8221; module_class=&#8221;rieutort&#8221; _builder_version=&#8221;3.16&#8243; background_color=&#8221;rgba(255, 255, 255, 0)&#8221; background_image=&#8221;https:\/\/www.chateau-rieutort.fr\/wp-content\/uploads\/terrasse-3-gite-languedoc-grand-rieutort.jpg&#8221; max_width_tablet=&#8221;50px&#8221; button_one_text_size__hover_enabled=&#8221;off&#8221; button_two_text_size__hover_enabled=&#8221;off&#8221; button_one_text_color__hover_enabled=&#8221;off&#8221; button_two_text_color__hover_enabled=&#8221;off&#8221; button_one_border_width__hover_enabled=&#8221;off&#8221; button_two_border_width__hover_enabled=&#8221;off&#8221; button_one_border_color__hover_enabled=&#8221;off&#8221; button_two_border_color__hover_enabled=&#8221;off&#8221; button_one_border_radius__hover_enabled=&#8221;off&#8221; button_two_border_radius__hover_enabled=&#8221;off&#8221; button_one_letter_spacing__hover_enabled=&#8221;off&#8221; button_two_letter_spacing__hover_enabled=&#8221;off&#8221; button_one_bg_color__hover_enabled=&#8221;off&#8221; button_two_bg_color__hover_enabled=&#8221;off&#8221;][\/et_pb_fullwidth_header][\/et_pb_section][et_pb_section fb_built=&#8221;1&#8243; _builder_version=&#8221;3.22&#8243; custom_padding=&#8221;0px|||&#8221; transparent_background=&#8221;off&#8221;][et_pb_row _builder_version=&#8221;3.25&#8243; background_size=&#8221;initial&#8221; background_position=&#8221;top_left&#8221; background_repeat=&#8221;repeat&#8221; column_structure=&#8221;3_4,1_4&#8243;][et_pb_column type=&#8221;3_4&#8243; module_class=&#8221;ecc-location-interval&#8221; _builder_version=&#8221;3.25&#8243; custom_padding=&#8221;|||&#8221; custom_padding__hover=&#8221;|||&#8221;][et_pb_text _builder_version=&#8221;3.27.4&#8243; background_size=&#8221;initial&#8221; background_position=&#8221;top_left&#8221; background_repeat=&#8221;repeat&#8221; text_orientation=&#8221;justified&#8221; module_alignment=&#8221;left&#8221;] Grand Rieutort has the [&hellip;]\" \/>\n<meta property=\"og:url\" content=\"https:\/\/www.chateau-rieutort.fr\/en\/gites\/grand-rieutort\/\" \/>\n<meta property=\"og:site_name\" content=\"G\u00eetes &amp; Chambres d&#039;h\u00f4te %%sep%% Ch\u00e2teau Rieutort\" \/>\n<meta property=\"article:modified_time\" content=\"2026-01-12T10:47:20+00:00\" \/>\n<meta property=\"og:image\" content=\"https:\/\/www.chateau-rieutort.fr\/wp-content\/uploads\/terrasse-2-gite-languedoc-grand-rieutort.jpg\" \/>\n\t<meta property=\"og:image:width\" content=\"2048\" \/>\n\t<meta property=\"og:image:height\" content=\"1365\" \/>\n\t<meta property=\"og:image:type\" content=\"image\/jpeg\" \/>\n<meta name=\"twitter:card\" content=\"summary_large_image\" \/>\n<meta name=\"twitter:label1\" content=\"Est. reading time\" \/>\n\t<meta name=\"twitter:data1\" content=\"2 minutes\" \/>\n<script type=\"application\/ld+json\" class=\"yoast-schema-graph\">{\"@context\":\"https:\/\/schema.org\",\"@graph\":[{\"@type\":\"WebPage\",\"@id\":\"https:\/\/www.chateau-rieutort.fr\/en\/gites\/grand-rieutort\/\",\"url\":\"https:\/\/www.chateau-rieutort.fr\/en\/gites\/grand-rieutort\/\",\"name\":\"G\u00eete \\\"Grand Rieutort\\\" - G\u00eetes &amp; Chambres d&#039;h\u00f4te Ch\u00e2teau Rieutort\",\"isPartOf\":{\"@id\":\"https:\/\/www.chateau-rieutort.fr\/#website\"},\"primaryImageOfPage\":{\"@id\":\"https:\/\/www.chateau-rieutort.fr\/en\/gites\/grand-rieutort\/#primaryimage\"},\"image\":{\"@id\":\"https:\/\/www.chateau-rieutort.fr\/en\/gites\/grand-rieutort\/#primaryimage\"},\"thumbnailUrl\":\"https:\/\/www.chateau-rieutort.fr\/wp-content\/uploads\/terrasse-2-gite-languedoc-grand-rieutort.jpg\",\"datePublished\":\"2017-05-10T09:42:27+00:00\",\"dateModified\":\"2026-01-12T10:47:20+00:00\",\"breadcrumb\":{\"@id\":\"https:\/\/www.chateau-rieutort.fr\/en\/gites\/grand-rieutort\/#breadcrumb\"},\"inLanguage\":\"en-US\",\"potentialAction\":[{\"@type\":\"ReadAction\",\"target\":[\"https:\/\/www.chateau-rieutort.fr\/en\/gites\/grand-rieutort\/\"]}]},{\"@type\":\"ImageObject\",\"inLanguage\":\"en-US\",\"@id\":\"https:\/\/www.chateau-rieutort.fr\/en\/gites\/grand-rieutort\/#primaryimage\",\"url\":\"https:\/\/www.chateau-rieutort.fr\/wp-content\/uploads\/terrasse-2-gite-languedoc-grand-rieutort.jpg\",\"contentUrl\":\"https:\/\/www.chateau-rieutort.fr\/wp-content\/uploads\/terrasse-2-gite-languedoc-grand-rieutort.jpg\",\"width\":2048,\"height\":1365},{\"@type\":\"BreadcrumbList\",\"@id\":\"https:\/\/www.chateau-rieutort.fr\/en\/gites\/grand-rieutort\/#breadcrumb\",\"itemListElement\":[{\"@type\":\"ListItem\",\"position\":1,\"name\":\"Accueil\",\"item\":\"https:\/\/www.chateau-rieutort.fr\/en\/\"},{\"@type\":\"ListItem\",\"position\":2,\"name\":\"G\u00eetes\",\"item\":\"https:\/\/www.chateau-rieutort.fr\/gites\/\"},{\"@type\":\"ListItem\",\"position\":3,\"name\":\"Grand Rieutort\"}]},{\"@type\":\"WebSite\",\"@id\":\"https:\/\/www.chateau-rieutort.fr\/#website\",\"url\":\"https:\/\/www.chateau-rieutort.fr\/\",\"name\":\"G\u00eetes &amp; Chambres d&#039;h\u00f4te %%sep%% Ch\u00e2teau Rieutort\",\"description\":\"Vignoble G\u00eetes Chambres d&#039;h\u00f4tes Languedoc Occitanie\",\"potentialAction\":[{\"@type\":\"SearchAction\",\"target\":{\"@type\":\"EntryPoint\",\"urlTemplate\":\"https:\/\/www.chateau-rieutort.fr\/?s={search_term_string}\"},\"query-input\":{\"@type\":\"PropertyValueSpecification\",\"valueRequired\":true,\"valueName\":\"search_term_string\"}}],\"inLanguage\":\"en-US\"}]}<\/script>\n<!-- \/ Yoast SEO plugin. -->","yoast_head_json":{"title":"G\u00eete \"Grand Rieutort\" - G\u00eetes &amp; Chambres d&#039;h\u00f4te Ch\u00e2teau Rieutort","robots":{"index":"index","follow":"follow","max-snippet":"max-snippet:-1","max-image-preview":"max-image-preview:large","max-video-preview":"max-video-preview:-1"},"canonical":"https:\/\/www.chateau-rieutort.fr\/en\/gites\/grand-rieutort\/","og_locale":"en_US","og_type":"article","og_title":"G\u00eete \"Grand Rieutort\" - G\u00eetes &amp; Chambres d&#039;h\u00f4te Ch\u00e2teau Rieutort","og_description":"[et_pb_section fb_built=&#8221;1&#8243; fullwidth=&#8221;on&#8221; custom_padding_last_edited=&#8221;off|&#8221; disabled_on=&#8221;off|off|off&#8221; _builder_version=&#8221;3.22&#8243;][et_pb_fullwidth_header title=&#8221;Grand Rieutort&#8221; text_orientation=&#8221;center&#8221; module_class=&#8221;rieutort&#8221; _builder_version=&#8221;3.16&#8243; background_color=&#8221;rgba(255, 255, 255, 0)&#8221; background_image=&#8221;https:\/\/www.chateau-rieutort.fr\/wp-content\/uploads\/terrasse-3-gite-languedoc-grand-rieutort.jpg&#8221; max_width_tablet=&#8221;50px&#8221; button_one_text_size__hover_enabled=&#8221;off&#8221; button_two_text_size__hover_enabled=&#8221;off&#8221; button_one_text_color__hover_enabled=&#8221;off&#8221; button_two_text_color__hover_enabled=&#8221;off&#8221; button_one_border_width__hover_enabled=&#8221;off&#8221; button_two_border_width__hover_enabled=&#8221;off&#8221; button_one_border_color__hover_enabled=&#8221;off&#8221; button_two_border_color__hover_enabled=&#8221;off&#8221; button_one_border_radius__hover_enabled=&#8221;off&#8221; button_two_border_radius__hover_enabled=&#8221;off&#8221; button_one_letter_spacing__hover_enabled=&#8221;off&#8221; button_two_letter_spacing__hover_enabled=&#8221;off&#8221; button_one_bg_color__hover_enabled=&#8221;off&#8221; button_two_bg_color__hover_enabled=&#8221;off&#8221;][\/et_pb_fullwidth_header][\/et_pb_section][et_pb_section fb_built=&#8221;1&#8243; _builder_version=&#8221;3.22&#8243; custom_padding=&#8221;0px|||&#8221; transparent_background=&#8221;off&#8221;][et_pb_row _builder_version=&#8221;3.25&#8243; background_size=&#8221;initial&#8221; background_position=&#8221;top_left&#8221; background_repeat=&#8221;repeat&#8221; column_structure=&#8221;3_4,1_4&#8243;][et_pb_column type=&#8221;3_4&#8243; module_class=&#8221;ecc-location-interval&#8221; _builder_version=&#8221;3.25&#8243; custom_padding=&#8221;|||&#8221; custom_padding__hover=&#8221;|||&#8221;][et_pb_text _builder_version=&#8221;3.27.4&#8243; background_size=&#8221;initial&#8221; background_position=&#8221;top_left&#8221; background_repeat=&#8221;repeat&#8221; text_orientation=&#8221;justified&#8221; module_alignment=&#8221;left&#8221;] Grand Rieutort has the [&hellip;]","og_url":"https:\/\/www.chateau-rieutort.fr\/en\/gites\/grand-rieutort\/","og_site_name":"G\u00eetes &amp; Chambres d&#039;h\u00f4te %%sep%% Ch\u00e2teau Rieutort","article_modified_time":"2026-01-12T10:47:20+00:00","og_image":[{"width":2048,"height":1365,"url":"https:\/\/www.chateau-rieutort.fr\/wp-content\/uploads\/terrasse-2-gite-languedoc-grand-rieutort.jpg","type":"image\/jpeg"}],"twitter_card":"summary_large_image","twitter_misc":{"Est. reading time":"2 minutes"},"schema":{"@context":"https:\/\/schema.org","@graph":[{"@type":"WebPage","@id":"https:\/\/www.chateau-rieutort.fr\/en\/gites\/grand-rieutort\/","url":"https:\/\/www.chateau-rieutort.fr\/en\/gites\/grand-rieutort\/","name":"G\u00eete \"Grand Rieutort\" - G\u00eetes &amp; Chambres d&#039;h\u00f4te Ch\u00e2teau Rieutort","isPartOf":{"@id":"https:\/\/www.chateau-rieutort.fr\/#website"},"primaryImageOfPage":{"@id":"https:\/\/www.chateau-rieutort.fr\/en\/gites\/grand-rieutort\/#primaryimage"},"image":{"@id":"https:\/\/www.chateau-rieutort.fr\/en\/gites\/grand-rieutort\/#primaryimage"},"thumbnailUrl":"https:\/\/www.chateau-rieutort.fr\/wp-content\/uploads\/terrasse-2-gite-languedoc-grand-rieutort.jpg","datePublished":"2017-05-10T09:42:27+00:00","dateModified":"2026-01-12T10:47:20+00:00","breadcrumb":{"@id":"https:\/\/www.chateau-rieutort.fr\/en\/gites\/grand-rieutort\/#breadcrumb"},"inLanguage":"en-US","potentialAction":[{"@type":"ReadAction","target":["https:\/\/www.chateau-rieutort.fr\/en\/gites\/grand-rieutort\/"]}]},{"@type":"ImageObject","inLanguage":"en-US","@id":"https:\/\/www.chateau-rieutort.fr\/en\/gites\/grand-rieutort\/#primaryimage","url":"https:\/\/www.chateau-rieutort.fr\/wp-content\/uploads\/terrasse-2-gite-languedoc-grand-rieutort.jpg","contentUrl":"https:\/\/www.chateau-rieutort.fr\/wp-content\/uploads\/terrasse-2-gite-languedoc-grand-rieutort.jpg","width":2048,"height":1365},{"@type":"BreadcrumbList","@id":"https:\/\/www.chateau-rieutort.fr\/en\/gites\/grand-rieutort\/#breadcrumb","itemListElement":[{"@type":"ListItem","position":1,"name":"Accueil","item":"https:\/\/www.chateau-rieutort.fr\/en\/"},{"@type":"ListItem","position":2,"name":"G\u00eetes","item":"https:\/\/www.chateau-rieutort.fr\/gites\/"},{"@type":"ListItem","position":3,"name":"Grand Rieutort"}]},{"@type":"WebSite","@id":"https:\/\/www.chateau-rieutort.fr\/#website","url":"https:\/\/www.chateau-rieutort.fr\/","name":"G\u00eetes &amp; Chambres d&#039;h\u00f4te %%sep%% Ch\u00e2teau Rieutort","description":"Vignoble G\u00eetes Chambres d&#039;h\u00f4tes Languedoc Occitanie","potentialAction":[{"@type":"SearchAction","target":{"@type":"EntryPoint","urlTemplate":"https:\/\/www.chateau-rieutort.fr\/?s={search_term_string}"},"query-input":{"@type":"PropertyValueSpecification","valueRequired":true,"valueName":"search_term_string"}}],"inLanguage":"en-US"}]}},"_links":{"self":[{"href":"https:\/\/www.chateau-rieutort.fr\/en\/wp-json\/wp\/v2\/pages\/26672","targetHints":{"allow":["GET"]}}],"collection":[{"href":"https:\/\/www.chateau-rieutort.fr\/en\/wp-json\/wp\/v2\/pages"}],"about":[{"href":"https:\/\/www.chateau-rieutort.fr\/en\/wp-json\/wp\/v2\/types\/page"}],"author":[{"embeddable":true,"href":"https:\/\/www.chateau-rieutort.fr\/en\/wp-json\/wp\/v2\/users\/4"}],"replies":[{"embeddable":true,"href":"https:\/\/www.chateau-rieutort.fr\/en\/wp-json\/wp\/v2\/comments?post=26672"}],"version-history":[{"count":18,"href":"https:\/\/www.chateau-rieutort.fr\/en\/wp-json\/wp\/v2\/pages\/26672\/revisions"}],"predecessor-version":[{"id":28572,"href":"https:\/\/www.chateau-rieutort.fr\/en\/wp-json\/wp\/v2\/pages\/26672\/revisions\/28572"}],"up":[{"embeddable":true,"href":"https:\/\/www.chateau-rieutort.fr\/en\/wp-json\/wp\/v2\/pages\/26667"}],"wp:featuredmedia":[{"embeddable":true,"href":"https:\/\/www.chateau-rieutort.fr\/en\/wp-json\/wp\/v2\/media\/26395"}],"wp:attachment":[{"href":"https:\/\/www.chateau-rieutort.fr\/en\/wp-json\/wp\/v2\/media?parent=26672"}],"curies":[{"name":"wp","href":"https:\/\/api.w.org\/{rel}","templated":true}]}}