{"id":26667,"date":"2017-04-20T11:24:22","date_gmt":"2017-04-20T09:24:22","guid":{"rendered":"https:\/\/www.chateau-rieutort.fr\/gites\/"},"modified":"2020-02-24T16:58:23","modified_gmt":"2020-02-24T15:58:23","slug":"gites","status":"publish","type":"page","link":"https:\/\/www.chateau-rieutort.fr\/en\/gites\/","title":{"rendered":"G\u00eetes"},"content":{"rendered":"<p>[et_pb_section fb_built=&#8221;1&#8243; fullwidth=&#8221;on&#8221; custom_padding_last_edited=&#8221;off|&#8221; disabled_on=&#8221;off|off|off&#8221; _builder_version=&#8221;3.22.3&#8243;][et_pb_fullwidth_header title=&#8221;Gites&#8221; text_orientation=&#8221;center&#8221; module_class=&#8221;rieutort&#8221; _builder_version=&#8221;3.16&#8243; background_color=&#8221;rgba(255, 255, 255, 0)&#8221; background_image=&#8221;https:\/\/www.chateau-rieutort.fr\/wp-content\/uploads\/gite-languedoc-grand-rieutort-1.jpg&#8221; max_width_tablet=&#8221;50px&#8221; button_one_text_size__hover_enabled=&#8221;off&#8221; button_two_text_size__hover_enabled=&#8221;off&#8221; button_one_text_color__hover_enabled=&#8221;off&#8221; button_two_text_color__hover_enabled=&#8221;off&#8221; button_one_border_width__hover_enabled=&#8221;off&#8221; button_two_border_width__hover_enabled=&#8221;off&#8221; button_one_border_color__hover_enabled=&#8221;off&#8221; button_two_border_color__hover_enabled=&#8221;off&#8221; button_one_border_radius__hover_enabled=&#8221;off&#8221; button_two_border_radius__hover_enabled=&#8221;off&#8221; button_one_letter_spacing__hover_enabled=&#8221;off&#8221; button_two_letter_spacing__hover_enabled=&#8221;off&#8221; button_one_bg_color__hover_enabled=&#8221;off&#8221; button_two_bg_color__hover_enabled=&#8221;off&#8221;][\/et_pb_fullwidth_header][\/et_pb_section][et_pb_section fb_built=&#8221;1&#8243; _builder_version=&#8221;3.22.3&#8243; custom_padding=&#8221;0px|||&#8221; transparent_background=&#8221;off&#8221;][et_pb_row _builder_version=&#8221;3.25&#8243; background_size=&#8221;initial&#8221; background_position=&#8221;top_left&#8221; background_repeat=&#8221;repeat&#8221; column_structure=&#8221;3_4,1_4&#8243;][et_pb_column type=&#8221;3_4&#8243; module_class=&#8221;ecc-location-interval&#8221; _builder_version=&#8221;3.25&#8243; custom_padding=&#8221;|||&#8221; custom_padding__hover=&#8221;|||&#8221;][et_pb_text admin_label=&#8221;Texte: Description&#8221; _builder_version=&#8221;3.27.4&#8243; background_size=&#8221;initial&#8221; background_position=&#8221;top_left&#8221; background_repeat=&#8221;repeat&#8221; text_orientation=&#8221;justified&#8221; module_alignment=&#8221;justified&#8221;]<\/p>\n<p>A g\u00eete is the French concept of self catering holiday accommodation in a special rural setting. It can be a cottage, apartment, converted outbuilding, stable, barn or an orangery. In each case with its own front door and space but situated within proximity of the owner&#8217;s principal residence.<\/p>\n<p>Gites de France used to conjure up on image of rural, basic holiday homes, where you had to pay extra for the bed linen rental, for the heating and lighting\u00a0 you used during your stay (a surprising &amp; unexpected part of the bill) with the requirement to clean up the gite at the end of your stay&#8230; This is no more!<\/p>\n<p>G\u00eetes at Chateau Rieutort are renovated historical buildings,\u00a0 full of modern furnishings, fittings and equipment. Air conditioning, Smart TVs, music systems, a projector or a jacuzzi are examples of what you may find in g\u00eetes offered by Rieutort. Bathrooms have italian walk in showers. Kitchens are fully equipped. Each of the 7 gites of the Chateau offers outdoor space with garden furniture and a BBQ. Hair dryers, towels and all linen are provided. The beds will be made for you before your arrival and a welcoming basket will be awaiting you too.<\/p>\n<p>[\/et_pb_text][et_pb_text admin_label=&#8221;Texte: Infos&#8221; _builder_version=&#8221;3.27.4&#8243; text_font=&#8221;||||||||&#8221; header_font=&#8221;||||||||&#8221; module_alignment=&#8221;left&#8221; locked=&#8221;off&#8221;]<hr \/>\r\n\r\n<strong>For special offers, packages and non-refundable rates, please enter dates into the booking system to see results.<\/strong>\r\n\r\n<hr \/>\r\n\r\n<p>Gites are available from 16h00 until 11h00 on the day of your departure.<\/p>\n<p>Prices per week depend on the gite and season and they include VAT. Prices for part weeks are available on request.<br \/>\nLow season: -30%<\/p>\n<p><strong>Minimum required stay is 3 nights in low season and 7 nights in high season.<\/strong><\/p>\n<p><strong>You are welcome to telephone or e-mail us but booking must be made using the online booking system provided ; sorry.<\/strong><\/p>\n<p><strong>Price match:<\/strong> if you will find our rooms or gites cheaper on any other web site please contact us with this information. We will match our price and offer you a further 5% discount for booking us directly.<\/p>\n\r\n<p style=\"text-align: center;\"><a href=\"https:\/\/www.chateau-rieutort.fr\/en\/booking\/\" class=\"button\">Book<\/a><\/p><br \/>\n[\/et_pb_text][et_pb_text admin_label=&#8221;Liste des Suites&#8221; _builder_version=&#8221;3.27.4&#8243; background_size=&#8221;initial&#8221; background_position=&#8221;top_left&#8221; background_repeat=&#8221;repeat&#8221; module_alignment=&#8221;left&#8221; border_style=&#8221;solid&#8221; locked=&#8221;on&#8221;]<div>\r\t<a href=\"https:\/\/www.chateau-rieutort.fr\/en\/gites\/grand-rieutort\/\" class=\"location-listing\">\r\t<div class=\"location-listing-block\" style=\"background-image:url(https:\/\/www.chateau-rieutort.fr\/wp-content\/uploads\/terrasse-2-gite-languedoc-grand-rieutort.jpg)\">\r\t<div class=\"location-listing-title\">\r\t<h2>Grand Rieutort<\/h2>\r\t<span>11 persons max.<\/span>\r\t<\/div>\r\t<p class=\"has-background\">Grande pi\u00e8ce \u00e0 vivre, 4 chambres double et immense terrasse priv\u00e9e de 100m\u00b2 avec une vue magnifique sur le vignoble<\/p>\r\t<div class=\"tarif\"><span class=\"prix\">3148.95<sup class=\"unite\">\u20ac<\/sup><\/span><\/div>\r\t<\/div>\r\t<\/a>\r\t<a href=\"https:\/\/www.chateau-rieutort.fr\/en\/gites\/petit-rieutort\/\" class=\"location-listing\">\r\t<div class=\"location-listing-block\" style=\"background-image:url(https:\/\/www.chateau-rieutort.fr\/wp-content\/uploads\/gite-languedoc-petit-rieutort.jpg)\">\r\t<div class=\"location-listing-title\">\r\t<h2>Petit Rieutort<\/h2>\r\t<span>10 persons max.<\/span>\r\t<\/div>\r\t<p class=\"has-background\">3 chambres double, possibilit\u00e9 d'une chambre annexe, terrasse priv\u00e9e avec jacuzzi<\/p>\r\t<div class=\"tarif\"><span class=\"prix\">2623.95<sup class=\"unite\">\u20ac<\/sup><\/span><\/div>\r\t<\/div>\r\t<\/a>\r\t<a href=\"https:\/\/www.chateau-rieutort.fr\/en\/gites\/orangerie\/\" class=\"location-listing\">\r\t<div class=\"location-listing-block\" style=\"background-image:url(https:\/\/www.chateau-rieutort.fr\/wp-content\/uploads\/salon-gite-languedoc-orangerie.jpg)\">\r\t<div class=\"location-listing-title\">\r\t<h2>Orangery<\/h2>\r\t<span>4 persons max.<\/span>\r\t<\/div>\r\t<p class=\"has-background\">Dans un monument charg\u00e9 d'histoire, 2 chambres double, un salon spacieux et 2 terrasses priv\u00e9es<\/p>\r\t<div class=\"tarif\"><span class=\"prix\">2308.95<sup class=\"unite\">\u20ac<\/sup><\/span><\/div>\r\t<\/div>\r\t<\/a>\r\t<a href=\"https:\/\/www.chateau-rieutort.fr\/en\/gites\/barriques\/\" class=\"location-listing\">\r\t<div class=\"location-listing-block\" style=\"background-image:url(https:\/\/www.chateau-rieutort.fr\/wp-content\/uploads\/gite-languedoc-barriques.jpg)\">\r\t<div class=\"location-listing-title\">\r\t<h2>The Barrels<\/h2>\r\t<span>6 persons max.<\/span>\r\t<\/div>\r\t<p class=\"has-background\">En rez-de-chauss\u00e9e, avec vue magnifique de la cave et des f\u00fbts de vin depuis une fen\u00eatre du salon, 2 chambres double et espace ext\u00e9rieur<\/p>\r\t<div class=\"tarif\"><span class=\"prix\">2098.95<sup class=\"unite\">\u20ac<\/sup><\/span><\/div>\r\t<\/div>\r\t<\/a>\r\t<a href=\"https:\/\/www.chateau-rieutort.fr\/en\/gites\/petite-fleur\/\" class=\"location-listing\">\r\t<div class=\"location-listing-block\" style=\"background-image:url(https:\/\/www.chateau-rieutort.fr\/wp-content\/uploads\/gites-languedoc-petite-fleur.jpg)\">\r\t<div class=\"location-listing-title\">\r\t<h2>Petite Fleur<\/h2>\r\t<span>5 persons max.<\/span>\r\t<\/div>\r\t<p class=\"has-background\">Perfect for small families<\/p>\r\t<div class=\"tarif\"><span class=\"prix\">1993.95<sup class=\"unite\">\u20ac<\/sup><\/span><\/div>\r\t<\/div>\r\t<\/a>\r\t<a href=\"https:\/\/www.chateau-rieutort.fr\/en\/gites\/pigeonnier\/\" class=\"location-listing\">\r\t<div class=\"location-listing-block\" style=\"background-image:url(https:\/\/www.chateau-rieutort.fr\/wp-content\/uploads\/pigeonnier-salon.jpg)\">\r\t<div class=\"location-listing-title\">\r\t<h2>Pigeonnier<\/h2>\r\t<span>4 persons max.<\/span>\r\t<\/div>\r\t<p class=\"has-background\">Situated on the ground with the view of the pool and the park<\/p>\r\t<div class=\"tarif\"><span class=\"prix\">1888.95<sup class=\"unite\">\u20ac<\/sup><\/span><\/div>\r\t<\/div>\r\t<\/a>\r\t<a href=\"https:\/\/www.chateau-rieutort.fr\/en\/gites\/duo-amour\/\" class=\"location-listing\">\r\t<div class=\"location-listing-block\" style=\"background-image:url(https:\/\/www.chateau-rieutort.fr\/wp-content\/uploads\/gites-languedoc-duo-amour.jpg)\">\r\t<div class=\"location-listing-title\">\r\t<h2>Duo d&#8217;Amour<\/h2>\r\t<span>3 persons max.<\/span>\r\t<\/div>\r\t<p class=\"has-background\">Id\u00e9al pour un couple, pour de douces nuits dans son lit \u00e0 baldaquin<\/p>\r\t<div class=\"tarif\"><span class=\"prix\">1678.95<sup class=\"unite\">\u20ac<\/sup><\/span><\/div>\r\t<\/div>\r\t<\/a>\r<\/div>\r<br \/>\n[\/et_pb_text][\/et_pb_column][et_pb_column type=&#8221;1_4&#8243; _builder_version=&#8221;3.25&#8243; custom_padding=&#8221;|||&#8221; custom_padding__hover=&#8221;|||&#8221;][et_pb_text _builder_version=&#8221;3.22.5&#8243; text_font=&#8221;||||||||&#8221; header_font=&#8221;||||||||&#8221; global_module=&#8221;27777&#8243;]<\/p>\n[et_pb_blurb admin_label=\"WiFi\" title=\"Free WiFi\" url_new_window=\"off\" use_icon=\"off\" icon_color=\"#c0a97d\" use_circle=\"off\" circle_color=\"#c0a97d\" use_circle_border=\"off\" circle_border_color=\"#c0a97d\" image=\"https:\/\/www.chateau-rieutort.fr\/wp-content\/uploads\/wifi.png\" icon_placement=\"top\" animation=\"off\" background_layout=\"light\" text_orientation=\"center\" use_icon_font_size=\"off\" background_position=\"top_left\" background_repeat=\"repeat\" background_size=\"initial\" _builder_version=\"3.22.5\" \/][et_pb_blurb admin_label=\"Parking\" title=\"Free Parking\" url_new_window=\"off\" use_icon=\"off\" icon_color=\"#c0a97d\" use_circle=\"off\" circle_color=\"#c0a97d\" use_circle_border=\"off\" circle_border_color=\"#c0a97d\" image=\"https:\/\/www.chateau-rieutort.fr\/wp-content\/uploads\/parking.png\" icon_placement=\"top\" animation=\"off\" background_layout=\"light\" text_orientation=\"center\" use_icon_font_size=\"off\" background_position=\"top_left\" background_repeat=\"repeat\" background_size=\"initial\" _builder_version=\"3.0.85\" \/][et_pb_blurb admin_label=\"Piscines\" title=\"Swimming Pools &amp; Park\" url_new_window=\"off\" use_icon=\"off\" icon_color=\"#c0a97d\" use_circle=\"off\" circle_color=\"#c0a97d\" use_circle_border=\"off\" circle_border_color=\"#c0a97d\" image=\"https:\/\/www.chateau-rieutort.fr\/wp-content\/uploads\/swimming.png\" icon_placement=\"top\" animation=\"off\" background_layout=\"light\" text_orientation=\"center\" use_icon_font_size=\"off\" alt=\"Piscines 24h\/24\" background_position=\"top_left\" background_repeat=\"repeat\" background_size=\"initial\" _builder_version=\"3.0.106\"]\r\n\r\n2 swimming pools in the high season (one naturist)\r\n\r\n[\/et_pb_blurb][et_pb_blurb admin_label=\"Spa\" title=\"Spa Area\" url_new_window=\"off\" use_icon=\"off\" icon_color=\"#c0a97d\" use_circle=\"off\" circle_color=\"#c0a97d\" use_circle_border=\"off\" circle_border_color=\"#c0a97d\" image=\"https:\/\/www.chateau-rieutort.fr\/wp-content\/uploads\/spa.png\" icon_placement=\"top\" animation=\"off\" background_layout=\"light\" text_orientation=\"center\" use_icon_font_size=\"off\" alt=\"Piscines 24h\/24\" background_position=\"top_left\" background_repeat=\"repeat\" background_size=\"initial\" _builder_version=\"3.0.106\" \/][et_pb_blurb admin_label=\"Draps\" title=\"Bed linen and towels provided\" url_new_window=\"off\" use_icon=\"off\" icon_color=\"#c0a97d\" use_circle=\"off\" circle_color=\"#c0a97d\" use_circle_border=\"off\" circle_border_color=\"#c0a97d\" image=\"https:\/\/www.chateau-rieutort.fr\/wp-content\/uploads\/bed.png\" icon_placement=\"top\" animation=\"off\" background_layout=\"light\" text_orientation=\"center\" use_icon_font_size=\"off\" use_border_color=\"off\" background_position=\"top_left\" background_repeat=\"repeat\" background_size=\"initial\" _builder_version=\"3.0.106\"]\r\n\r\nas well as hairdryer\r\n\r\n[\/et_pb_blurb][et_pb_blurb admin_label=\"Cleaning\" title=\"Cleaning at the end of your stay included\" url_new_window=\"off\" use_icon=\"off\" icon_color=\"#c0a97d\" use_circle=\"off\" circle_color=\"#c0a97d\" use_circle_border=\"off\" circle_border_color=\"#c0a97d\" image=\"https:\/\/www.chateau-rieutort.fr\/wp-content\/uploads\/cleaning.png\" icon_placement=\"top\" animation=\"off\" background_layout=\"light\" text_orientation=\"center\" use_icon_font_size=\"off\" use_border_color=\"off\" background_position=\"top_left\" background_repeat=\"repeat\" background_size=\"initial\" _builder_version=\"3.0.106\" \/][et_pb_blurb admin_label=\"No Smoking\" title=\"No smoking in buildings\" url_new_window=\"off\" use_icon=\"off\" icon_color=\"#c0a97d\" use_circle=\"off\" circle_color=\"#c0a97d\" use_circle_border=\"off\" circle_border_color=\"#c0a97d\" image=\"https:\/\/www.chateau-rieutort.fr\/wp-content\/uploads\/no-smoking.png\" icon_placement=\"top\" animation=\"off\" background_layout=\"light\" text_orientation=\"center\" use_icon_font_size=\"off\" background_position=\"top_left\" background_repeat=\"repeat\" background_size=\"initial\" _builder_version=\"3.0.85\" \/]\n<p>[\/et_pb_text][\/et_pb_column][\/et_pb_row][\/et_pb_section]<\/p>\n","protected":false},"excerpt":{"rendered":"<p>Avec nos 6\u00a0g\u00eetes de qualit\u00e9, nous accueillons familles et groupes dans de sublimes logements climatis\u00e9s dot\u00e9s d&#8217;un mobilier neuf et moderne.<\/p>\n","protected":false},"author":4,"featured_media":26896,"parent":0,"menu_order":0,"comment_status":"closed","ping_status":"closed","template":"","meta":{"_acf_changed":false,"_et_pb_use_builder":"on","_et_pb_old_content":"","_et_gb_content_width":"","footnotes":""},"class_list":["post-26667","page","type-page","status-publish","has-post-thumbnail","hentry"],"acf":[],"yoast_head":"<!-- This site is optimized with the Yoast SEO plugin v26.7 - https:\/\/yoast.com\/wordpress\/plugins\/seo\/ -->\n<title>G\u00eetes - G\u00eetes &amp; Chambres d&#039;h\u00f4te Ch\u00e2teau Rieutort<\/title>\n<meta name=\"description\" content=\"Avec nos 6\u00a0g\u00eetes de qualit\u00e9, nous accueillons familles et groupes dans de sublimes logements climatis\u00e9s dot\u00e9s d&#039;un mobilier neuf et moderne.\" \/>\n<meta name=\"robots\" content=\"index, follow, max-snippet:-1, max-image-preview:large, max-video-preview:-1\" \/>\n<link rel=\"canonical\" href=\"https:\/\/www.chateau-rieutort.fr\/gites\/\" \/>\n<meta property=\"og:locale\" content=\"en_US\" \/>\n<meta property=\"og:type\" content=\"article\" \/>\n<meta property=\"og:title\" content=\"G\u00eetes - G\u00eetes &amp; Chambres d&#039;h\u00f4te Ch\u00e2teau Rieutort\" \/>\n<meta property=\"og:description\" content=\"Avec nos 6\u00a0g\u00eetes de qualit\u00e9, nous accueillons familles et groupes dans de sublimes logements climatis\u00e9s dot\u00e9s d&#039;un mobilier neuf et moderne.\" \/>\n<meta property=\"og:url\" content=\"https:\/\/www.chateau-rieutort.fr\/gites\/\" \/>\n<meta property=\"og:site_name\" content=\"G\u00eetes &amp; Chambres d&#039;h\u00f4te %%sep%% Ch\u00e2teau Rieutort\" \/>\n<meta property=\"article:modified_time\" content=\"2020-02-24T15:58:23+00:00\" \/>\n<meta property=\"og:image\" content=\"https:\/\/www.chateau-rieutort.fr\/wp-content\/uploads\/gite-languedoc-grand-rieutort-1.jpg\" \/>\n\t<meta property=\"og:image:width\" content=\"2048\" \/>\n\t<meta property=\"og:image:height\" content=\"1365\" \/>\n\t<meta property=\"og:image:type\" content=\"image\/jpeg\" \/>\n<meta name=\"twitter:card\" content=\"summary_large_image\" \/>\n<meta name=\"twitter:label1\" content=\"Est. reading time\" \/>\n\t<meta name=\"twitter:data1\" content=\"3 minutes\" \/>\n<script type=\"application\/ld+json\" class=\"yoast-schema-graph\">{\"@context\":\"https:\/\/schema.org\",\"@graph\":[{\"@type\":\"WebPage\",\"@id\":\"https:\/\/www.chateau-rieutort.fr\/gites\/\",\"url\":\"https:\/\/www.chateau-rieutort.fr\/gites\/\",\"name\":\"G\u00eetes - G\u00eetes &amp; Chambres d&#039;h\u00f4te Ch\u00e2teau Rieutort\",\"isPartOf\":{\"@id\":\"https:\/\/www.chateau-rieutort.fr\/#website\"},\"primaryImageOfPage\":{\"@id\":\"https:\/\/www.chateau-rieutort.fr\/gites\/#primaryimage\"},\"image\":{\"@id\":\"https:\/\/www.chateau-rieutort.fr\/gites\/#primaryimage\"},\"thumbnailUrl\":\"https:\/\/www.chateau-rieutort.fr\/wp-content\/uploads\/gite-languedoc-grand-rieutort-1.jpg\",\"datePublished\":\"2017-04-20T09:24:22+00:00\",\"dateModified\":\"2020-02-24T15:58:23+00:00\",\"description\":\"Avec nos 6\u00a0g\u00eetes de qualit\u00e9, nous accueillons familles et groupes dans de sublimes logements climatis\u00e9s dot\u00e9s d'un mobilier neuf et moderne.\",\"breadcrumb\":{\"@id\":\"https:\/\/www.chateau-rieutort.fr\/gites\/#breadcrumb\"},\"inLanguage\":\"en-US\",\"potentialAction\":[{\"@type\":\"ReadAction\",\"target\":[\"https:\/\/www.chateau-rieutort.fr\/gites\/\"]}]},{\"@type\":\"ImageObject\",\"inLanguage\":\"en-US\",\"@id\":\"https:\/\/www.chateau-rieutort.fr\/gites\/#primaryimage\",\"url\":\"https:\/\/www.chateau-rieutort.fr\/wp-content\/uploads\/gite-languedoc-grand-rieutort-1.jpg\",\"contentUrl\":\"https:\/\/www.chateau-rieutort.fr\/wp-content\/uploads\/gite-languedoc-grand-rieutort-1.jpg\",\"width\":2048,\"height\":1365},{\"@type\":\"BreadcrumbList\",\"@id\":\"https:\/\/www.chateau-rieutort.fr\/gites\/#breadcrumb\",\"itemListElement\":[{\"@type\":\"ListItem\",\"position\":1,\"name\":\"Accueil\",\"item\":\"https:\/\/www.chateau-rieutort.fr\/en\/\"},{\"@type\":\"ListItem\",\"position\":2,\"name\":\"G\u00eetes\"}]},{\"@type\":\"WebSite\",\"@id\":\"https:\/\/www.chateau-rieutort.fr\/#website\",\"url\":\"https:\/\/www.chateau-rieutort.fr\/\",\"name\":\"G\u00eetes &amp; Chambres d&#039;h\u00f4te %%sep%% Ch\u00e2teau Rieutort\",\"description\":\"Vignoble G\u00eetes Chambres d&#039;h\u00f4tes Languedoc Occitanie\",\"potentialAction\":[{\"@type\":\"SearchAction\",\"target\":{\"@type\":\"EntryPoint\",\"urlTemplate\":\"https:\/\/www.chateau-rieutort.fr\/?s={search_term_string}\"},\"query-input\":{\"@type\":\"PropertyValueSpecification\",\"valueRequired\":true,\"valueName\":\"search_term_string\"}}],\"inLanguage\":\"en-US\"}]}<\/script>\n<!-- \/ Yoast SEO plugin. -->","yoast_head_json":{"title":"G\u00eetes - G\u00eetes &amp; Chambres d&#039;h\u00f4te Ch\u00e2teau Rieutort","description":"Avec nos 6\u00a0g\u00eetes de qualit\u00e9, nous accueillons familles et groupes dans de sublimes logements climatis\u00e9s dot\u00e9s d'un mobilier neuf et moderne.","robots":{"index":"index","follow":"follow","max-snippet":"max-snippet:-1","max-image-preview":"max-image-preview:large","max-video-preview":"max-video-preview:-1"},"canonical":"https:\/\/www.chateau-rieutort.fr\/gites\/","og_locale":"en_US","og_type":"article","og_title":"G\u00eetes - G\u00eetes &amp; Chambres d&#039;h\u00f4te Ch\u00e2teau Rieutort","og_description":"Avec nos 6\u00a0g\u00eetes de qualit\u00e9, nous accueillons familles et groupes dans de sublimes logements climatis\u00e9s dot\u00e9s d'un mobilier neuf et moderne.","og_url":"https:\/\/www.chateau-rieutort.fr\/gites\/","og_site_name":"G\u00eetes &amp; Chambres d&#039;h\u00f4te %%sep%% Ch\u00e2teau Rieutort","article_modified_time":"2020-02-24T15:58:23+00:00","og_image":[{"width":2048,"height":1365,"url":"https:\/\/www.chateau-rieutort.fr\/wp-content\/uploads\/gite-languedoc-grand-rieutort-1.jpg","type":"image\/jpeg"}],"twitter_card":"summary_large_image","twitter_misc":{"Est. reading time":"3 minutes"},"schema":{"@context":"https:\/\/schema.org","@graph":[{"@type":"WebPage","@id":"https:\/\/www.chateau-rieutort.fr\/gites\/","url":"https:\/\/www.chateau-rieutort.fr\/gites\/","name":"G\u00eetes - G\u00eetes &amp; Chambres d&#039;h\u00f4te Ch\u00e2teau Rieutort","isPartOf":{"@id":"https:\/\/www.chateau-rieutort.fr\/#website"},"primaryImageOfPage":{"@id":"https:\/\/www.chateau-rieutort.fr\/gites\/#primaryimage"},"image":{"@id":"https:\/\/www.chateau-rieutort.fr\/gites\/#primaryimage"},"thumbnailUrl":"https:\/\/www.chateau-rieutort.fr\/wp-content\/uploads\/gite-languedoc-grand-rieutort-1.jpg","datePublished":"2017-04-20T09:24:22+00:00","dateModified":"2020-02-24T15:58:23+00:00","description":"Avec nos 6\u00a0g\u00eetes de qualit\u00e9, nous accueillons familles et groupes dans de sublimes logements climatis\u00e9s dot\u00e9s d'un mobilier neuf et moderne.","breadcrumb":{"@id":"https:\/\/www.chateau-rieutort.fr\/gites\/#breadcrumb"},"inLanguage":"en-US","potentialAction":[{"@type":"ReadAction","target":["https:\/\/www.chateau-rieutort.fr\/gites\/"]}]},{"@type":"ImageObject","inLanguage":"en-US","@id":"https:\/\/www.chateau-rieutort.fr\/gites\/#primaryimage","url":"https:\/\/www.chateau-rieutort.fr\/wp-content\/uploads\/gite-languedoc-grand-rieutort-1.jpg","contentUrl":"https:\/\/www.chateau-rieutort.fr\/wp-content\/uploads\/gite-languedoc-grand-rieutort-1.jpg","width":2048,"height":1365},{"@type":"BreadcrumbList","@id":"https:\/\/www.chateau-rieutort.fr\/gites\/#breadcrumb","itemListElement":[{"@type":"ListItem","position":1,"name":"Accueil","item":"https:\/\/www.chateau-rieutort.fr\/en\/"},{"@type":"ListItem","position":2,"name":"G\u00eetes"}]},{"@type":"WebSite","@id":"https:\/\/www.chateau-rieutort.fr\/#website","url":"https:\/\/www.chateau-rieutort.fr\/","name":"G\u00eetes &amp; Chambres d&#039;h\u00f4te %%sep%% Ch\u00e2teau Rieutort","description":"Vignoble G\u00eetes Chambres d&#039;h\u00f4tes Languedoc Occitanie","potentialAction":[{"@type":"SearchAction","target":{"@type":"EntryPoint","urlTemplate":"https:\/\/www.chateau-rieutort.fr\/?s={search_term_string}"},"query-input":{"@type":"PropertyValueSpecification","valueRequired":true,"valueName":"search_term_string"}}],"inLanguage":"en-US"}]}},"_links":{"self":[{"href":"https:\/\/www.chateau-rieutort.fr\/en\/wp-json\/wp\/v2\/pages\/26667","targetHints":{"allow":["GET"]}}],"collection":[{"href":"https:\/\/www.chateau-rieutort.fr\/en\/wp-json\/wp\/v2\/pages"}],"about":[{"href":"https:\/\/www.chateau-rieutort.fr\/en\/wp-json\/wp\/v2\/types\/page"}],"author":[{"embeddable":true,"href":"https:\/\/www.chateau-rieutort.fr\/en\/wp-json\/wp\/v2\/users\/4"}],"replies":[{"embeddable":true,"href":"https:\/\/www.chateau-rieutort.fr\/en\/wp-json\/wp\/v2\/comments?post=26667"}],"version-history":[{"count":12,"href":"https:\/\/www.chateau-rieutort.fr\/en\/wp-json\/wp\/v2\/pages\/26667\/revisions"}],"predecessor-version":[{"id":27941,"href":"https:\/\/www.chateau-rieutort.fr\/en\/wp-json\/wp\/v2\/pages\/26667\/revisions\/27941"}],"wp:featuredmedia":[{"embeddable":true,"href":"https:\/\/www.chateau-rieutort.fr\/en\/wp-json\/wp\/v2\/media\/26896"}],"wp:attachment":[{"href":"https:\/\/www.chateau-rieutort.fr\/en\/wp-json\/wp\/v2\/media?parent=26667"}],"curies":[{"name":"wp","href":"https:\/\/api.w.org\/{rel}","templated":true}]}}