{"id":26600,"date":"2017-04-20T09:28:21","date_gmt":"2017-04-20T07:28:21","guid":{"rendered":"https:\/\/www.chateau-rieutort.fr\/suites-chambres-hotes\/"},"modified":"2018-04-04T16:01:41","modified_gmt":"2018-04-04T14:01:41","slug":"guest-rooms","status":"publish","type":"page","link":"https:\/\/www.chateau-rieutort.fr\/en\/guest-rooms\/","title":{"rendered":"Guest rooms"},"content":{"rendered":"<p>[et_pb_section fb_built=&#8221;1&#8243; fullwidth=&#8221;on&#8221; disabled_on=&#8221;off|off|off&#8221; custom_padding_last_edited=&#8221;off|&#8221; _builder_version=&#8221;3.0.69&#8243;][et_pb_fullwidth_header title=&#8221;Guest rooms&#8221; background_layout=&#8221;dark&#8221; text_orientation=&#8221;center&#8221; module_class=&#8221;rieutort&#8221; _builder_version=&#8221;3.0.85&#8243; background_image=&#8221;https:\/\/www.chateau-rieutort.fr\/wp-content\/uploads\/suite-cinsault-chambre-dhotes-chateau-rieutort-herault-languedoc.jpg&#8221; max_width_tablet=&#8221;50px&#8221;][\/et_pb_fullwidth_header][\/et_pb_section][et_pb_section fb_built=&#8221;1&#8243; _builder_version=&#8221;3.0.47&#8243; custom_padding=&#8221;0px|||&#8221; transparent_background=&#8221;off&#8221;][et_pb_row parallax_method_1=&#8221;off&#8221; parallax_method_2=&#8221;off&#8221; module_class_1=&#8221;ecc-location-interval&#8221; _builder_version=&#8221;3.0.47&#8243; background_size=&#8221;initial&#8221; background_position=&#8221;top_left&#8221; background_repeat=&#8221;repeat&#8221;][et_pb_column type=&#8221;3_4&#8243; _builder_version=&#8221;3.0.47&#8243; parallax=&#8221;off&#8221; parallax_method=&#8221;off&#8221; module_class=&#8221;ecc-location-interval&#8221;][et_pb_text admin_label=&#8221;Texte: Description&#8221; _builder_version=&#8221;3.0.106&#8243; text_font=&#8221;||||||||&#8221; header_font=&#8221;||||||||&#8221; background_size=&#8221;initial&#8221; background_position=&#8221;top_left&#8221; background_repeat=&#8221;repeat&#8221; text_orientation=&#8221;justified&#8221; module_alignment=&#8221;justified&#8221;]<\/p>\n<p>If you like the universal look of rooms &lt;sober and anonymous&gt;, offered by all chain hotels around the world, you should not book a room in the Ch\u00e2teau Rieutort. This is not a hotel and nothing here is anonymous. Every guest is treated in a personal way and every room has a personal touch.<\/p>\n<p>The decor was carefully thought through and designed to correspond with mosaic floors and stucco ceillings. Furniture was hand made to measure during the extensive renovation works.<\/p>\n<ul>\n<li>Suites <a href=\"syrah\/\">Syrah<\/a> &amp; <a href=\"grenache\/\">Grenache<\/a>, situated on the second floor, are air conditioned.<\/li>\n<li><a href=\"cinsault\/\">Suite Cinsault<\/a>, situated on the ground floor, is accessible for guests with reduced mobility.<\/li>\n<\/ul>\n<p><strong>Groups, small parties and individuals are equally welcome.<\/strong><\/p>\n<p><strong>With all rooms and gites, the chateau can accommodate 60 guests.<\/strong><\/p>\n<p>[\/et_pb_text][et_pb_text admin_label=&#8221;Texte: Infos&#8221; _builder_version=&#8221;3.0.106&#8243; module_alignment=&#8221;left&#8221; locked=&#8221;on&#8221;]<hr \/>\r\n\r\n<strong>For special offers, packages and non-refundable rates, please enter dates into the booking system to see results.<\/strong>\r\n\r\n<hr \/>\r\n\r\n<p>The rooms are available from 15:00 until 11:00 on the day of your departure.<br \/>\nBreakfast is served between 8:30 and 10:00.<\/p>\n<p>Prices depending on the room\/suite and season. Indicated prices are for 2 guests and include VAT. The cost of an additional room occupant is 30 EUR per night. Tourist tax not included to be paid on top.<\/p>\n<p><strong>From November till April reservations are accepted only for groups and events. No individual bookings are accepted during this period.<\/strong><\/p>\n<p><strong>You are welcome to telephone or e-mail us but booking must be made using the online booking system provided ; sorry.<\/strong><\/p>\n<p><strong>Price match:<\/strong> if you find our rooms or gites cheaper on any other web site please contact us with this information. We will match our price and offer you a further 5% discount for booking us directly.<\/p>\n\r\n<p style=\"text-align: center;\"><a href=\"https:\/\/www.chateau-rieutort.fr\/en\/booking\/\" class=\"button\">Book<\/a><\/p><br \/>\n[\/et_pb_text][et_pb_text admin_label=&#8221;Liste des chambres&#8221; _builder_version=&#8221;3.0.69&#8243; background_size=&#8221;initial&#8221; background_position=&#8221;top_left&#8221; background_repeat=&#8221;repeat&#8221; module_alignment=&#8221;left&#8221; locked=&#8221;on&#8221;]<div>\r\t<a href=\"https:\/\/www.chateau-rieutort.fr\/en\/guest-rooms\/syrah\/\" class=\"location-listing\">\r\t<div class=\"location-listing-block\" style=\"background-image:url(https:\/\/www.chateau-rieutort.fr\/wp-content\/uploads\/chambre-hote-languedoc-syrah.jpg)\">\r\t<div class=\"location-listing-title\">\r\t<h2>Suite Syrah<\/h2>\r\t<span>5 persons max.<\/span>\r\t<\/div>\r\t<p class=\"has-background\">Air-conditioned luxury suite, 2nd floor, TV, vineyards and garden views, large furnished private terrace with jacuzzi - 70 sq m<\/p>\r\t<div class=\"tarif\"><span class=\"prix\">379<sup class=\"unite\">\u20ac<\/sup><\/span><\/div>\r\t<\/div>\r\t<\/a>\r\t<a href=\"https:\/\/www.chateau-rieutort.fr\/en\/guest-rooms\/grenache\/\" class=\"location-listing\">\r\t<div class=\"location-listing-block\" style=\"background-image:url(https:\/\/www.chateau-rieutort.fr\/wp-content\/uploads\/chambre-suite-hotes-languedoc-grenache.jpg)\">\r\t<div class=\"location-listing-title\">\r\t<h2>Suite Grenache<\/h2>\r\t<span>4 persons max.<\/span>\r\t<\/div>\r\t<p class=\"has-background\">Beautiful bright suite, second floor, garden view - 40 sq m<\/p>\r\t<div class=\"tarif\"><span class=\"prix\">315<sup class=\"unite\">\u20ac<\/sup><\/span><\/div>\r\t<\/div>\r\t<\/a>\r\t<a href=\"https:\/\/www.chateau-rieutort.fr\/en\/guest-rooms\/viognier\/\" class=\"location-listing\">\r\t<div class=\"location-listing-block\" style=\"background-image:url(https:\/\/www.chateau-rieutort.fr\/wp-content\/uploads\/chambre-chambre-dhote-suite-viognier.jpg)\">\r\t<div class=\"location-listing-title\">\r\t<h2>Suite Viognier<\/h2>\r\t<span>4 persons max.<\/span>\r\t<\/div>\r\t<p class=\"has-background\">Charming Louis XV style suite, first floor, garden view - 40 sq m<\/p>\r\t<div class=\"tarif\"><span class=\"prix\">315<sup class=\"unite\">\u20ac<\/sup><\/span><\/div>\r\t<\/div>\r\t<\/a>\r\t<a href=\"https:\/\/www.chateau-rieutort.fr\/en\/guest-rooms\/cinsault\/\" class=\"location-listing\">\r\t<div class=\"location-listing-block\" style=\"background-image:url(https:\/\/www.chateau-rieutort.fr\/wp-content\/uploads\/chambre-suite-languedoc.jpg)\">\r\t<div class=\"location-listing-title\">\r\t<h2>Suite Cinsault<\/h2>\r\t<span>4 persons max.<\/span>\r\t<\/div>\r\t<p class=\"has-background\">Spacious suite with a high ornate ceiling and historic floor, on the ground floor, garden view and fireplace - 40 sq m<\/p>\r\t<div class=\"tarif\"><span class=\"prix\">315<sup class=\"unite\">\u20ac<\/sup><\/span><\/div>\r\t<\/div>\r\t<\/a>\r\t<a href=\"https:\/\/www.chateau-rieutort.fr\/en\/guest-rooms\/merlot\/\" class=\"location-listing\">\r\t<div class=\"location-listing-block\" style=\"background-image:url(https:\/\/www.chateau-rieutort.fr\/wp-content\/uploads\/lit-chambre-dhote-chambre-merlot.jpg)\">\r\t<div class=\"location-listing-title\">\r\t<h2>Double room Merlot<\/h2>\r\t<span>2 persons max.<\/span>\r\t<\/div>\r\t<p class=\"has-background\">Cozy double room, perfect for a couple, first floor, garden view - 20 sq m<\/p>\r\t<div class=\"tarif\"><span class=\"prix\">215<sup class=\"unite\">\u20ac<\/sup><\/span><\/div>\r\t<\/div>\r\t<\/a>\r<\/div>\r<br \/>\n[\/et_pb_text][\/et_pb_column][et_pb_column type=&#8221;1_4&#8243; _builder_version=&#8221;3.0.47&#8243; parallax=&#8221;off&#8221; parallax_method=&#8221;off&#8221;][et_pb_code disabled_on=&#8221;off|off|off&#8221; module_class=&#8221;custom-sidebar&#8221; _builder_version=&#8221;3.0.85&#8243; global_module=&#8221;26713&#8243; locked=&#8221;on&#8221;][\/et_pb_code][\/et_pb_column][\/et_pb_row][\/et_pb_section]<\/p>\n","protected":false},"excerpt":{"rendered":"<p>Le Ch\u00e2teau Rieutort n\u2019est pas un h\u00f4tel. C\u2019est une maison loin de votre maison. Une maison ouverte o\u00f9 vous serez les bienvenus. H\u00e9bergement de charme, v\u00e9ritable havre d\u2019intimit\u00e9 et de s\u00e9r\u00e9nit\u00e9, dans un environnement luxueux et \u00e0 l\u2019ambiance d\u00e9tendue.<\/p>\n<p>Avec ses\u00a04 suites et sa\u00a0chambre double, le Ch\u00e2teau offre une grande diversit\u00e9 de styles avec toujours une belle vue sur le parc ou le vignoble, une salle de bain priv\u00e9e, un lit double (160x200cm) ainsi qu&#8217;un canap\u00e9-lit (180x190cm) \u00e0 disposition pour 2 convives suppl\u00e9mentaires.<\/p>\n","protected":false},"author":4,"featured_media":25431,"parent":0,"menu_order":0,"comment_status":"closed","ping_status":"closed","template":"","meta":{"_acf_changed":false,"_et_pb_use_builder":"on","_et_pb_old_content":"","_et_gb_content_width":"","footnotes":""},"class_list":["post-26600","page","type-page","status-publish","has-post-thumbnail","hentry"],"acf":[],"yoast_head":"<!-- This site is optimized with the Yoast SEO plugin v26.7 - https:\/\/yoast.com\/wordpress\/plugins\/seo\/ -->\n<title>Guest rooms - G\u00eetes &amp; Chambres d&#039;h\u00f4te Ch\u00e2teau Rieutort<\/title>\n<meta name=\"description\" content=\"Le Ch\u00e2teau Rieutort vous propose ses Suites et Chambres d&#039;h\u00f4tes dans un h\u00e9bergement de charme au cadre luxueux et \u00e0 l\u2019ambiance d\u00e9tendue.\" \/>\n<meta name=\"robots\" content=\"index, follow, max-snippet:-1, max-image-preview:large, max-video-preview:-1\" \/>\n<link rel=\"canonical\" href=\"https:\/\/www.chateau-rieutort.fr\/en\/guest-rooms\/\" \/>\n<meta property=\"og:locale\" content=\"en_US\" \/>\n<meta property=\"og:type\" content=\"article\" \/>\n<meta property=\"og:title\" content=\"Guest rooms - G\u00eetes &amp; Chambres d&#039;h\u00f4te Ch\u00e2teau Rieutort\" \/>\n<meta property=\"og:description\" content=\"Le Ch\u00e2teau Rieutort vous propose ses Suites et Chambres d&#039;h\u00f4tes dans un h\u00e9bergement de charme au cadre luxueux et \u00e0 l\u2019ambiance d\u00e9tendue.\" \/>\n<meta property=\"og:url\" content=\"https:\/\/www.chateau-rieutort.fr\/en\/guest-rooms\/\" \/>\n<meta property=\"og:site_name\" content=\"G\u00eetes &amp; Chambres d&#039;h\u00f4te %%sep%% Ch\u00e2teau Rieutort\" \/>\n<meta property=\"article:modified_time\" content=\"2018-04-04T14:01:41+00:00\" \/>\n<meta property=\"og:image\" content=\"https:\/\/www.chateau-rieutort.fr\/wp-content\/uploads\/suite-cinsault-chambre-dhotes-chateau-rieutort-herault-languedoc.jpg\" \/>\n\t<meta property=\"og:image:width\" content=\"2048\" \/>\n\t<meta property=\"og:image:height\" content=\"1000\" \/>\n\t<meta property=\"og:image:type\" content=\"image\/jpeg\" \/>\n<meta name=\"twitter:card\" content=\"summary_large_image\" \/>\n<meta name=\"twitter:label1\" content=\"Est. reading time\" \/>\n\t<meta name=\"twitter:data1\" content=\"2 minutes\" \/>\n<script type=\"application\/ld+json\" class=\"yoast-schema-graph\">{\"@context\":\"https:\/\/schema.org\",\"@graph\":[{\"@type\":\"WebPage\",\"@id\":\"https:\/\/www.chateau-rieutort.fr\/en\/guest-rooms\/\",\"url\":\"https:\/\/www.chateau-rieutort.fr\/en\/guest-rooms\/\",\"name\":\"Guest rooms - G\u00eetes &amp; Chambres d&#039;h\u00f4te Ch\u00e2teau Rieutort\",\"isPartOf\":{\"@id\":\"https:\/\/www.chateau-rieutort.fr\/#website\"},\"primaryImageOfPage\":{\"@id\":\"https:\/\/www.chateau-rieutort.fr\/en\/guest-rooms\/#primaryimage\"},\"image\":{\"@id\":\"https:\/\/www.chateau-rieutort.fr\/en\/guest-rooms\/#primaryimage\"},\"thumbnailUrl\":\"https:\/\/www.chateau-rieutort.fr\/wp-content\/uploads\/suite-cinsault-chambre-dhotes-chateau-rieutort-herault-languedoc.jpg\",\"datePublished\":\"2017-04-20T07:28:21+00:00\",\"dateModified\":\"2018-04-04T14:01:41+00:00\",\"description\":\"Le Ch\u00e2teau Rieutort vous propose ses Suites et Chambres d'h\u00f4tes dans un h\u00e9bergement de charme au cadre luxueux et \u00e0 l\u2019ambiance d\u00e9tendue.\",\"breadcrumb\":{\"@id\":\"https:\/\/www.chateau-rieutort.fr\/en\/guest-rooms\/#breadcrumb\"},\"inLanguage\":\"en-US\",\"potentialAction\":[{\"@type\":\"ReadAction\",\"target\":[\"https:\/\/www.chateau-rieutort.fr\/en\/guest-rooms\/\"]}]},{\"@type\":\"ImageObject\",\"inLanguage\":\"en-US\",\"@id\":\"https:\/\/www.chateau-rieutort.fr\/en\/guest-rooms\/#primaryimage\",\"url\":\"https:\/\/www.chateau-rieutort.fr\/wp-content\/uploads\/suite-cinsault-chambre-dhotes-chateau-rieutort-herault-languedoc.jpg\",\"contentUrl\":\"https:\/\/www.chateau-rieutort.fr\/wp-content\/uploads\/suite-cinsault-chambre-dhotes-chateau-rieutort-herault-languedoc.jpg\",\"width\":2048,\"height\":1000},{\"@type\":\"BreadcrumbList\",\"@id\":\"https:\/\/www.chateau-rieutort.fr\/en\/guest-rooms\/#breadcrumb\",\"itemListElement\":[{\"@type\":\"ListItem\",\"position\":1,\"name\":\"Accueil\",\"item\":\"https:\/\/www.chateau-rieutort.fr\/en\/\"},{\"@type\":\"ListItem\",\"position\":2,\"name\":\"Guest rooms\"}]},{\"@type\":\"WebSite\",\"@id\":\"https:\/\/www.chateau-rieutort.fr\/#website\",\"url\":\"https:\/\/www.chateau-rieutort.fr\/\",\"name\":\"G\u00eetes &amp; Chambres d&#039;h\u00f4te %%sep%% Ch\u00e2teau Rieutort\",\"description\":\"Vignoble G\u00eetes Chambres d&#039;h\u00f4tes Languedoc Occitanie\",\"potentialAction\":[{\"@type\":\"SearchAction\",\"target\":{\"@type\":\"EntryPoint\",\"urlTemplate\":\"https:\/\/www.chateau-rieutort.fr\/?s={search_term_string}\"},\"query-input\":{\"@type\":\"PropertyValueSpecification\",\"valueRequired\":true,\"valueName\":\"search_term_string\"}}],\"inLanguage\":\"en-US\"}]}<\/script>\n<!-- \/ Yoast SEO plugin. -->","yoast_head_json":{"title":"Guest rooms - G\u00eetes &amp; Chambres d&#039;h\u00f4te Ch\u00e2teau Rieutort","description":"Le Ch\u00e2teau Rieutort vous propose ses Suites et Chambres d'h\u00f4tes dans un h\u00e9bergement de charme au cadre luxueux et \u00e0 l\u2019ambiance d\u00e9tendue.","robots":{"index":"index","follow":"follow","max-snippet":"max-snippet:-1","max-image-preview":"max-image-preview:large","max-video-preview":"max-video-preview:-1"},"canonical":"https:\/\/www.chateau-rieutort.fr\/en\/guest-rooms\/","og_locale":"en_US","og_type":"article","og_title":"Guest rooms - G\u00eetes &amp; Chambres d&#039;h\u00f4te Ch\u00e2teau Rieutort","og_description":"Le Ch\u00e2teau Rieutort vous propose ses Suites et Chambres d'h\u00f4tes dans un h\u00e9bergement de charme au cadre luxueux et \u00e0 l\u2019ambiance d\u00e9tendue.","og_url":"https:\/\/www.chateau-rieutort.fr\/en\/guest-rooms\/","og_site_name":"G\u00eetes &amp; Chambres d&#039;h\u00f4te %%sep%% Ch\u00e2teau Rieutort","article_modified_time":"2018-04-04T14:01:41+00:00","og_image":[{"width":2048,"height":1000,"url":"https:\/\/www.chateau-rieutort.fr\/wp-content\/uploads\/suite-cinsault-chambre-dhotes-chateau-rieutort-herault-languedoc.jpg","type":"image\/jpeg"}],"twitter_card":"summary_large_image","twitter_misc":{"Est. reading time":"2 minutes"},"schema":{"@context":"https:\/\/schema.org","@graph":[{"@type":"WebPage","@id":"https:\/\/www.chateau-rieutort.fr\/en\/guest-rooms\/","url":"https:\/\/www.chateau-rieutort.fr\/en\/guest-rooms\/","name":"Guest rooms - G\u00eetes &amp; Chambres d&#039;h\u00f4te Ch\u00e2teau Rieutort","isPartOf":{"@id":"https:\/\/www.chateau-rieutort.fr\/#website"},"primaryImageOfPage":{"@id":"https:\/\/www.chateau-rieutort.fr\/en\/guest-rooms\/#primaryimage"},"image":{"@id":"https:\/\/www.chateau-rieutort.fr\/en\/guest-rooms\/#primaryimage"},"thumbnailUrl":"https:\/\/www.chateau-rieutort.fr\/wp-content\/uploads\/suite-cinsault-chambre-dhotes-chateau-rieutort-herault-languedoc.jpg","datePublished":"2017-04-20T07:28:21+00:00","dateModified":"2018-04-04T14:01:41+00:00","description":"Le Ch\u00e2teau Rieutort vous propose ses Suites et Chambres d'h\u00f4tes dans un h\u00e9bergement de charme au cadre luxueux et \u00e0 l\u2019ambiance d\u00e9tendue.","breadcrumb":{"@id":"https:\/\/www.chateau-rieutort.fr\/en\/guest-rooms\/#breadcrumb"},"inLanguage":"en-US","potentialAction":[{"@type":"ReadAction","target":["https:\/\/www.chateau-rieutort.fr\/en\/guest-rooms\/"]}]},{"@type":"ImageObject","inLanguage":"en-US","@id":"https:\/\/www.chateau-rieutort.fr\/en\/guest-rooms\/#primaryimage","url":"https:\/\/www.chateau-rieutort.fr\/wp-content\/uploads\/suite-cinsault-chambre-dhotes-chateau-rieutort-herault-languedoc.jpg","contentUrl":"https:\/\/www.chateau-rieutort.fr\/wp-content\/uploads\/suite-cinsault-chambre-dhotes-chateau-rieutort-herault-languedoc.jpg","width":2048,"height":1000},{"@type":"BreadcrumbList","@id":"https:\/\/www.chateau-rieutort.fr\/en\/guest-rooms\/#breadcrumb","itemListElement":[{"@type":"ListItem","position":1,"name":"Accueil","item":"https:\/\/www.chateau-rieutort.fr\/en\/"},{"@type":"ListItem","position":2,"name":"Guest rooms"}]},{"@type":"WebSite","@id":"https:\/\/www.chateau-rieutort.fr\/#website","url":"https:\/\/www.chateau-rieutort.fr\/","name":"G\u00eetes &amp; Chambres d&#039;h\u00f4te %%sep%% Ch\u00e2teau Rieutort","description":"Vignoble G\u00eetes Chambres d&#039;h\u00f4tes Languedoc Occitanie","potentialAction":[{"@type":"SearchAction","target":{"@type":"EntryPoint","urlTemplate":"https:\/\/www.chateau-rieutort.fr\/?s={search_term_string}"},"query-input":{"@type":"PropertyValueSpecification","valueRequired":true,"valueName":"search_term_string"}}],"inLanguage":"en-US"}]}},"_links":{"self":[{"href":"https:\/\/www.chateau-rieutort.fr\/en\/wp-json\/wp\/v2\/pages\/26600","targetHints":{"allow":["GET"]}}],"collection":[{"href":"https:\/\/www.chateau-rieutort.fr\/en\/wp-json\/wp\/v2\/pages"}],"about":[{"href":"https:\/\/www.chateau-rieutort.fr\/en\/wp-json\/wp\/v2\/types\/page"}],"author":[{"embeddable":true,"href":"https:\/\/www.chateau-rieutort.fr\/en\/wp-json\/wp\/v2\/users\/4"}],"replies":[{"embeddable":true,"href":"https:\/\/www.chateau-rieutort.fr\/en\/wp-json\/wp\/v2\/comments?post=26600"}],"version-history":[{"count":5,"href":"https:\/\/www.chateau-rieutort.fr\/en\/wp-json\/wp\/v2\/pages\/26600\/revisions"}],"predecessor-version":[{"id":27512,"href":"https:\/\/www.chateau-rieutort.fr\/en\/wp-json\/wp\/v2\/pages\/26600\/revisions\/27512"}],"wp:featuredmedia":[{"embeddable":true,"href":"https:\/\/www.chateau-rieutort.fr\/en\/wp-json\/wp\/v2\/media\/25431"}],"wp:attachment":[{"href":"https:\/\/www.chateau-rieutort.fr\/en\/wp-json\/wp\/v2\/media?parent=26600"}],"curies":[{"name":"wp","href":"https:\/\/api.w.org\/{rel}","templated":true}]}}