{"id":26578,"date":"2017-07-12T12:34:23","date_gmt":"2017-07-12T10:34:23","guid":{"rendered":"https:\/\/www.chateau-rieutort.fr\/tourism\/lac-du-salagou\/"},"modified":"2021-04-16T10:06:51","modified_gmt":"2021-04-16T08:06:51","slug":"lac-du-salagou","status":"publish","type":"page","link":"https:\/\/www.chateau-rieutort.fr\/en\/tourism\/lac-du-salagou\/","title":{"rendered":"Lac du Salagou"},"content":{"rendered":"<p>[et_pb_section fb_built=&#8221;1&#8243; fullwidth=&#8221;on&#8221; custom_padding_last_edited=&#8221;off|&#8221; disabled_on=&#8221;off|off|off&#8221; _builder_version=&#8221;3.22&#8243;][et_pb_fullwidth_header title=&#8221;Lake Salagou&#8221; text_orientation=&#8221;center&#8221; logo_alt_text=&#8221;Ch\u00e2teau Rieutort&#8221; content_max_width=&#8221;none&#8221; module_class=&#8221;rieutort&#8221; _builder_version=&#8221;4.9.1&#8243; background_color=&#8221;rgba(255, 255, 255, 0)&#8221; background_image=&#8221;https:\/\/www.chateau-rieutort.fr\/wp-content\/uploads\/panorama_lac_salagou.jpg&#8221; hover_enabled=&#8221;0&#8243; button_one_letter_spacing_hover=&#8221;0&#8243; button_two_letter_spacing_hover=&#8221;0&#8243; button_one_text_size__hover_enabled=&#8221;off&#8221; button_two_text_size__hover_enabled=&#8221;off&#8221; button_one_text_color__hover_enabled=&#8221;off&#8221; button_two_text_color__hover_enabled=&#8221;off&#8221; button_one_border_width__hover_enabled=&#8221;off&#8221; button_two_border_width__hover_enabled=&#8221;off&#8221; button_one_border_color__hover_enabled=&#8221;off&#8221; button_two_border_color__hover_enabled=&#8221;off&#8221; button_one_border_radius__hover_enabled=&#8221;off&#8221; button_two_border_radius__hover_enabled=&#8221;off&#8221; button_one_letter_spacing__hover_enabled=&#8221;on&#8221; button_one_letter_spacing__hover=&#8221;0&#8243; button_two_letter_spacing__hover_enabled=&#8221;on&#8221; button_two_letter_spacing__hover=&#8221;0&#8243; button_one_bg_color__hover_enabled=&#8221;off&#8221; button_two_bg_color__hover_enabled=&#8221;off&#8221; sticky_enabled=&#8221;0&#8243;][\/et_pb_fullwidth_header][\/et_pb_section][et_pb_section fb_built=&#8221;1&#8243; _builder_version=&#8221;3.22&#8243; custom_padding=&#8221;0px|||&#8221; transparent_background=&#8221;off&#8221; make_fullwidth=&#8221;off&#8221; use_custom_width=&#8221;off&#8221; width_unit=&#8221;on&#8221;][et_pb_row _builder_version=&#8221;3.25&#8243; background_size=&#8221;initial&#8221; background_position=&#8221;top_left&#8221; background_repeat=&#8221;repeat&#8221; make_fullwidth=&#8221;off&#8221; use_custom_width=&#8221;off&#8221; width_unit=&#8221;on&#8221; column_structure=&#8221;3_4,1_4&#8243;][et_pb_column type=&#8221;3_4&#8243; module_class=&#8221;ecc-location-interval&#8221; _builder_version=&#8221;3.25&#8243; custom_padding=&#8221;|||&#8221; custom_padding__hover=&#8221;|||&#8221;][et_pb_text _builder_version=&#8221;3.27.4&#8243; background_size=&#8221;initial&#8221; background_position=&#8221;top_left&#8221; background_repeat=&#8221;repeat&#8221; text_orientation=&#8221;justified&#8221;]Amidst a vast stretch of water, among arid hills formed from red rock, lake Salagou offers the visitor an exceptional palette of colours thanks to a combination of several geological phenomena: the red brick colour of the &#8216;ruffes&#8217; (clay-like sediments rich in iron oxide) contrasts with the black of the basalt (of volcanic origin) and blends harmoniously with the blue hues of the sky and water.<br \/>\n[\/et_pb_text][et_pb_gallery gallery_ids=&#8221;25593,25599,25597,25595&#8243; posts_number=&#8221;10&#8243; show_title_and_caption=&#8221;off&#8221; zoom_icon_color=&#8221;#c1aa7d&#8221; module_class=&#8221;rieutort&#8221; _builder_version=&#8221;3.0.87&#8243; border_style=&#8221;solid&#8221;][\/et_pb_gallery][\/et_pb_column][et_pb_column type=&#8221;1_4&#8243; _builder_version=&#8221;3.25&#8243; custom_padding=&#8221;|||&#8221; custom_padding__hover=&#8221;|||&#8221;][et_pb_sidebar orientation=&#8221;right&#8221; area=&#8221;et_pb_widget_area_1&#8243; show_border=&#8221;off&#8221; _builder_version=&#8221;3.0.74&#8243; remove_border=&#8221;on&#8221;][\/et_pb_sidebar][\/et_pb_column][\/et_pb_row][\/et_pb_section]<\/p>\n","protected":false},"excerpt":{"rendered":"<p>[et_pb_section fb_built=&#8221;1&#8243; fullwidth=&#8221;on&#8221; custom_padding_last_edited=&#8221;off|&#8221; disabled_on=&#8221;off|off|off&#8221; _builder_version=&#8221;3.22&#8243;][et_pb_fullwidth_header title=&#8221;Lake Salagou&#8221; text_orientation=&#8221;center&#8221; logo_alt_text=&#8221;Ch\u00e2teau Rieutort&#8221; content_max_width=&#8221;none&#8221; module_class=&#8221;rieutort&#8221; _builder_version=&#8221;4.9.1&#8243; background_color=&#8221;rgba(255, 255, 255, 0)&#8221; background_image=&#8221;https:\/\/www.chateau-rieutort.fr\/wp-content\/uploads\/panorama_lac_salagou.jpg&#8221; hover_enabled=&#8221;0&#8243; button_one_letter_spacing_hover=&#8221;0&#8243; button_two_letter_spacing_hover=&#8221;0&#8243; button_one_text_size__hover_enabled=&#8221;off&#8221; button_two_text_size__hover_enabled=&#8221;off&#8221; button_one_text_color__hover_enabled=&#8221;off&#8221; button_two_text_color__hover_enabled=&#8221;off&#8221; button_one_border_width__hover_enabled=&#8221;off&#8221; button_two_border_width__hover_enabled=&#8221;off&#8221; button_one_border_color__hover_enabled=&#8221;off&#8221; button_two_border_color__hover_enabled=&#8221;off&#8221; button_one_border_radius__hover_enabled=&#8221;off&#8221; button_two_border_radius__hover_enabled=&#8221;off&#8221; button_one_letter_spacing__hover_enabled=&#8221;on&#8221; button_one_letter_spacing__hover=&#8221;0&#8243; button_two_letter_spacing__hover_enabled=&#8221;on&#8221; button_two_letter_spacing__hover=&#8221;0&#8243; button_one_bg_color__hover_enabled=&#8221;off&#8221; button_two_bg_color__hover_enabled=&#8221;off&#8221; sticky_enabled=&#8221;0&#8243;][\/et_pb_fullwidth_header][\/et_pb_section][et_pb_section fb_built=&#8221;1&#8243; _builder_version=&#8221;3.22&#8243; custom_padding=&#8221;0px|||&#8221; transparent_background=&#8221;off&#8221; make_fullwidth=&#8221;off&#8221; use_custom_width=&#8221;off&#8221; width_unit=&#8221;on&#8221;][et_pb_row _builder_version=&#8221;3.25&#8243; background_size=&#8221;initial&#8221; background_position=&#8221;top_left&#8221; background_repeat=&#8221;repeat&#8221; make_fullwidth=&#8221;off&#8221; use_custom_width=&#8221;off&#8221; width_unit=&#8221;on&#8221; column_structure=&#8221;3_4,1_4&#8243;][et_pb_column type=&#8221;3_4&#8243; [&hellip;]<\/p>\n","protected":false},"author":4,"featured_media":25596,"parent":26559,"menu_order":0,"comment_status":"closed","ping_status":"closed","template":"","meta":{"_acf_changed":false,"_et_pb_use_builder":"on","_et_pb_old_content":"<p>Montpellier, est une commune fran\u00e7aise situ\u00e9e dans le d\u00e9partement de l\u2019H\u00e9rault et la r\u00e9gion Languedoc-Roussillon. Montpellier se situe sur un grand axe de communication joignant l'Espagne \u00e0 l'ouest, \u00e0 l'Italie \u00e0 l'est.<\/p><h3><a href=\"http:\/\/www.montpellier.fr\/\" target=\"_blank\" rel=\"noopener\">www.montpellier.fr<\/a><\/h3><div id=\"titre-themes\">D\u00e9couvrir \u00e0 proximit\u00e9<\/div><div id=\"contenu\" class=\"crayon article-texte-281 \"><p><strong>Le centre historique de Montpellier doit son surnom d\u2019Ecusson \u00e0 la forme m\u00eame de son agencement imagin\u00e9 au Moyen Age.<\/strong><\/p><p><strong>T\u00e9moin des grandes p\u00e9riodes historiques et de la vocation pr\u00e9coce de Montpellier pour la m\u00e9decine et le commerce, l\u2019Ecusson abrite une kyrielle d\u2019h\u00f4tels particuliers aux fa\u00e7ades m\u00e9di\u00e9vales, romanes et gothiques, \u00e0 d\u00e9couvrir au fil des ruelles pi\u00e9tonnes \u00e9troites et souvent courbes, pour briser les assauts du vent.<\/strong><\/p><p>C\u2019est en 985, dans une donation du comt\u00e9 de Melgueil, qu\u2019appara\u00eet pour la premi\u00e8re fois le nom de Montpellier. Le 26 novembre 985, le comte Bernard de Melgueil (Mauguio) octroie au chevalier Guilhem en \u00e9change de son d\u00e9vouement l\u2019ancien territoire situ\u00e9 entre l\u2019antique Voie Domitienne, le Lez et La Mosson.<\/p><\/div>","_et_gb_content_width":"","footnotes":""},"class_list":["post-26578","page","type-page","status-publish","has-post-thumbnail","hentry"],"acf":[],"yoast_head":"<!-- This site is optimized with the Yoast SEO plugin v26.7 - https:\/\/yoast.com\/wordpress\/plugins\/seo\/ -->\n<title>Lac du Salagou - G\u00eetes &amp; Chambres d&#039;h\u00f4te Ch\u00e2teau Rieutort<\/title>\n<meta name=\"description\" content=\"Le lac du Salagou est un lac de retenue du barrage du Salagou. Affluent de la rivi\u00e8re Lergue qui se jette dans l&#039;H\u00e9rault.\" \/>\n<meta name=\"robots\" content=\"index, follow, max-snippet:-1, max-image-preview:large, max-video-preview:-1\" \/>\n<link rel=\"canonical\" href=\"https:\/\/www.chateau-rieutort.fr\/tourisme\/lac-du-salagou\/\" \/>\n<meta property=\"og:locale\" content=\"en_US\" \/>\n<meta property=\"og:type\" content=\"article\" \/>\n<meta property=\"og:title\" content=\"Lac du Salagou - G\u00eetes &amp; Chambres d&#039;h\u00f4te Ch\u00e2teau Rieutort\" \/>\n<meta property=\"og:description\" content=\"Le lac du Salagou est un lac de retenue du barrage du Salagou. Affluent de la rivi\u00e8re Lergue qui se jette dans l&#039;H\u00e9rault.\" \/>\n<meta property=\"og:url\" content=\"https:\/\/www.chateau-rieutort.fr\/tourisme\/lac-du-salagou\/\" \/>\n<meta property=\"og:site_name\" content=\"G\u00eetes &amp; Chambres d&#039;h\u00f4te %%sep%% Ch\u00e2teau Rieutort\" \/>\n<meta property=\"article:modified_time\" content=\"2021-04-16T08:06:51+00:00\" \/>\n<meta property=\"og:image\" content=\"https:\/\/www.chateau-rieutort.fr\/wp-content\/uploads\/panorama_lac_salagou.jpg\" \/>\n\t<meta property=\"og:image:width\" content=\"1680\" \/>\n\t<meta property=\"og:image:height\" content=\"636\" \/>\n\t<meta property=\"og:image:type\" content=\"image\/jpeg\" \/>\n<meta name=\"twitter:card\" content=\"summary_large_image\" \/>\n<meta name=\"twitter:label1\" content=\"Est. reading time\" \/>\n\t<meta name=\"twitter:data1\" content=\"2 minutes\" \/>\n<script type=\"application\/ld+json\" class=\"yoast-schema-graph\">{\"@context\":\"https:\/\/schema.org\",\"@graph\":[{\"@type\":\"WebPage\",\"@id\":\"https:\/\/www.chateau-rieutort.fr\/tourisme\/lac-du-salagou\/\",\"url\":\"https:\/\/www.chateau-rieutort.fr\/tourisme\/lac-du-salagou\/\",\"name\":\"Lac du Salagou - G\u00eetes &amp; Chambres d&#039;h\u00f4te Ch\u00e2teau Rieutort\",\"isPartOf\":{\"@id\":\"https:\/\/www.chateau-rieutort.fr\/#website\"},\"primaryImageOfPage\":{\"@id\":\"https:\/\/www.chateau-rieutort.fr\/tourisme\/lac-du-salagou\/#primaryimage\"},\"image\":{\"@id\":\"https:\/\/www.chateau-rieutort.fr\/tourisme\/lac-du-salagou\/#primaryimage\"},\"thumbnailUrl\":\"https:\/\/www.chateau-rieutort.fr\/wp-content\/uploads\/panorama_lac_salagou.jpg\",\"datePublished\":\"2017-07-12T10:34:23+00:00\",\"dateModified\":\"2021-04-16T08:06:51+00:00\",\"description\":\"Le lac du Salagou est un lac de retenue du barrage du Salagou. Affluent de la rivi\u00e8re Lergue qui se jette dans l'H\u00e9rault.\",\"breadcrumb\":{\"@id\":\"https:\/\/www.chateau-rieutort.fr\/tourisme\/lac-du-salagou\/#breadcrumb\"},\"inLanguage\":\"en-US\",\"potentialAction\":[{\"@type\":\"ReadAction\",\"target\":[\"https:\/\/www.chateau-rieutort.fr\/tourisme\/lac-du-salagou\/\"]}]},{\"@type\":\"ImageObject\",\"inLanguage\":\"en-US\",\"@id\":\"https:\/\/www.chateau-rieutort.fr\/tourisme\/lac-du-salagou\/#primaryimage\",\"url\":\"https:\/\/www.chateau-rieutort.fr\/wp-content\/uploads\/panorama_lac_salagou.jpg\",\"contentUrl\":\"https:\/\/www.chateau-rieutort.fr\/wp-content\/uploads\/panorama_lac_salagou.jpg\",\"width\":1680,\"height\":636},{\"@type\":\"BreadcrumbList\",\"@id\":\"https:\/\/www.chateau-rieutort.fr\/tourisme\/lac-du-salagou\/#breadcrumb\",\"itemListElement\":[{\"@type\":\"ListItem\",\"position\":1,\"name\":\"Accueil\",\"item\":\"https:\/\/www.chateau-rieutort.fr\/en\/\"},{\"@type\":\"ListItem\",\"position\":2,\"name\":\"Tourism in Languedoc\",\"item\":\"https:\/\/www.chateau-rieutort.fr\/tourisme\/\"},{\"@type\":\"ListItem\",\"position\":3,\"name\":\"Lac du Salagou\"}]},{\"@type\":\"WebSite\",\"@id\":\"https:\/\/www.chateau-rieutort.fr\/#website\",\"url\":\"https:\/\/www.chateau-rieutort.fr\/\",\"name\":\"G\u00eetes &amp; Chambres d&#039;h\u00f4te %%sep%% Ch\u00e2teau Rieutort\",\"description\":\"Vignoble G\u00eetes Chambres d&#039;h\u00f4tes Languedoc Occitanie\",\"potentialAction\":[{\"@type\":\"SearchAction\",\"target\":{\"@type\":\"EntryPoint\",\"urlTemplate\":\"https:\/\/www.chateau-rieutort.fr\/?s={search_term_string}\"},\"query-input\":{\"@type\":\"PropertyValueSpecification\",\"valueRequired\":true,\"valueName\":\"search_term_string\"}}],\"inLanguage\":\"en-US\"}]}<\/script>\n<!-- \/ Yoast SEO plugin. -->","yoast_head_json":{"title":"Lac du Salagou - G\u00eetes &amp; Chambres d&#039;h\u00f4te Ch\u00e2teau Rieutort","description":"Le lac du Salagou est un lac de retenue du barrage du Salagou. Affluent de la rivi\u00e8re Lergue qui se jette dans l'H\u00e9rault.","robots":{"index":"index","follow":"follow","max-snippet":"max-snippet:-1","max-image-preview":"max-image-preview:large","max-video-preview":"max-video-preview:-1"},"canonical":"https:\/\/www.chateau-rieutort.fr\/tourisme\/lac-du-salagou\/","og_locale":"en_US","og_type":"article","og_title":"Lac du Salagou - G\u00eetes &amp; Chambres d&#039;h\u00f4te Ch\u00e2teau Rieutort","og_description":"Le lac du Salagou est un lac de retenue du barrage du Salagou. Affluent de la rivi\u00e8re Lergue qui se jette dans l'H\u00e9rault.","og_url":"https:\/\/www.chateau-rieutort.fr\/tourisme\/lac-du-salagou\/","og_site_name":"G\u00eetes &amp; Chambres d&#039;h\u00f4te %%sep%% Ch\u00e2teau Rieutort","article_modified_time":"2021-04-16T08:06:51+00:00","og_image":[{"width":1680,"height":636,"url":"https:\/\/www.chateau-rieutort.fr\/wp-content\/uploads\/panorama_lac_salagou.jpg","type":"image\/jpeg"}],"twitter_card":"summary_large_image","twitter_misc":{"Est. reading time":"2 minutes"},"schema":{"@context":"https:\/\/schema.org","@graph":[{"@type":"WebPage","@id":"https:\/\/www.chateau-rieutort.fr\/tourisme\/lac-du-salagou\/","url":"https:\/\/www.chateau-rieutort.fr\/tourisme\/lac-du-salagou\/","name":"Lac du Salagou - G\u00eetes &amp; Chambres d&#039;h\u00f4te Ch\u00e2teau Rieutort","isPartOf":{"@id":"https:\/\/www.chateau-rieutort.fr\/#website"},"primaryImageOfPage":{"@id":"https:\/\/www.chateau-rieutort.fr\/tourisme\/lac-du-salagou\/#primaryimage"},"image":{"@id":"https:\/\/www.chateau-rieutort.fr\/tourisme\/lac-du-salagou\/#primaryimage"},"thumbnailUrl":"https:\/\/www.chateau-rieutort.fr\/wp-content\/uploads\/panorama_lac_salagou.jpg","datePublished":"2017-07-12T10:34:23+00:00","dateModified":"2021-04-16T08:06:51+00:00","description":"Le lac du Salagou est un lac de retenue du barrage du Salagou. Affluent de la rivi\u00e8re Lergue qui se jette dans l'H\u00e9rault.","breadcrumb":{"@id":"https:\/\/www.chateau-rieutort.fr\/tourisme\/lac-du-salagou\/#breadcrumb"},"inLanguage":"en-US","potentialAction":[{"@type":"ReadAction","target":["https:\/\/www.chateau-rieutort.fr\/tourisme\/lac-du-salagou\/"]}]},{"@type":"ImageObject","inLanguage":"en-US","@id":"https:\/\/www.chateau-rieutort.fr\/tourisme\/lac-du-salagou\/#primaryimage","url":"https:\/\/www.chateau-rieutort.fr\/wp-content\/uploads\/panorama_lac_salagou.jpg","contentUrl":"https:\/\/www.chateau-rieutort.fr\/wp-content\/uploads\/panorama_lac_salagou.jpg","width":1680,"height":636},{"@type":"BreadcrumbList","@id":"https:\/\/www.chateau-rieutort.fr\/tourisme\/lac-du-salagou\/#breadcrumb","itemListElement":[{"@type":"ListItem","position":1,"name":"Accueil","item":"https:\/\/www.chateau-rieutort.fr\/en\/"},{"@type":"ListItem","position":2,"name":"Tourism in Languedoc","item":"https:\/\/www.chateau-rieutort.fr\/tourisme\/"},{"@type":"ListItem","position":3,"name":"Lac du Salagou"}]},{"@type":"WebSite","@id":"https:\/\/www.chateau-rieutort.fr\/#website","url":"https:\/\/www.chateau-rieutort.fr\/","name":"G\u00eetes &amp; Chambres d&#039;h\u00f4te %%sep%% Ch\u00e2teau Rieutort","description":"Vignoble G\u00eetes Chambres d&#039;h\u00f4tes Languedoc Occitanie","potentialAction":[{"@type":"SearchAction","target":{"@type":"EntryPoint","urlTemplate":"https:\/\/www.chateau-rieutort.fr\/?s={search_term_string}"},"query-input":{"@type":"PropertyValueSpecification","valueRequired":true,"valueName":"search_term_string"}}],"inLanguage":"en-US"}]}},"_links":{"self":[{"href":"https:\/\/www.chateau-rieutort.fr\/en\/wp-json\/wp\/v2\/pages\/26578","targetHints":{"allow":["GET"]}}],"collection":[{"href":"https:\/\/www.chateau-rieutort.fr\/en\/wp-json\/wp\/v2\/pages"}],"about":[{"href":"https:\/\/www.chateau-rieutort.fr\/en\/wp-json\/wp\/v2\/types\/page"}],"author":[{"embeddable":true,"href":"https:\/\/www.chateau-rieutort.fr\/en\/wp-json\/wp\/v2\/users\/4"}],"replies":[{"embeddable":true,"href":"https:\/\/www.chateau-rieutort.fr\/en\/wp-json\/wp\/v2\/comments?post=26578"}],"version-history":[{"count":1,"href":"https:\/\/www.chateau-rieutort.fr\/en\/wp-json\/wp\/v2\/pages\/26578\/revisions"}],"predecessor-version":[{"id":28408,"href":"https:\/\/www.chateau-rieutort.fr\/en\/wp-json\/wp\/v2\/pages\/26578\/revisions\/28408"}],"up":[{"embeddable":true,"href":"https:\/\/www.chateau-rieutort.fr\/en\/wp-json\/wp\/v2\/pages\/26559"}],"wp:featuredmedia":[{"embeddable":true,"href":"https:\/\/www.chateau-rieutort.fr\/en\/wp-json\/wp\/v2\/media\/25596"}],"wp:attachment":[{"href":"https:\/\/www.chateau-rieutort.fr\/en\/wp-json\/wp\/v2\/media?parent=26578"}],"curies":[{"name":"wp","href":"https:\/\/api.w.org\/{rel}","templated":true}]}}