{"id":26563,"date":"2017-07-12T13:23:23","date_gmt":"2017-07-12T11:23:23","guid":{"rendered":"https:\/\/www.chateau-rieutort.fr\/tourism\/oenotourisme\/"},"modified":"2021-03-16T10:52:07","modified_gmt":"2021-03-16T09:52:07","slug":"wine-domaine","status":"publish","type":"page","link":"https:\/\/www.chateau-rieutort.fr\/en\/tourism\/wine-domaine\/","title":{"rendered":"Stunning Wine Domaine"},"content":{"rendered":"<p>[et_pb_section fb_built=&#8221;1&#8243; inner_shadow=&#8221;on&#8221; fullwidth=&#8221;on&#8221; custom_padding_last_edited=&#8221;off|&#8221; disabled_on=&#8221;off|off|off&#8221; _builder_version=&#8221;3.22&#8243;][et_pb_fullwidth_header title=&#8221;wine&#8221; text_orientation=&#8221;center&#8221; module_class=&#8221;rieutort&#8221; _builder_version=&#8221;3.16&#8243; title_font=&#8221;||||||||&#8221; content_font=&#8221;||||||||&#8221; subhead_font=&#8221;||||||||&#8221; background_color=&#8221;rgba(255, 255, 255, 0)&#8221; background_image=&#8221;https:\/\/www.chateau-rieutort.fr\/wp-content\/uploads\/vignoble-barriques.jpg&#8221; button_one_text_size__hover_enabled=&#8221;off&#8221; button_two_text_size__hover_enabled=&#8221;off&#8221; button_one_text_color__hover_enabled=&#8221;off&#8221; button_two_text_color__hover_enabled=&#8221;off&#8221; button_one_border_width__hover_enabled=&#8221;off&#8221; button_two_border_width__hover_enabled=&#8221;off&#8221; button_one_border_color__hover_enabled=&#8221;off&#8221; button_two_border_color__hover_enabled=&#8221;off&#8221; button_one_border_radius__hover_enabled=&#8221;off&#8221; button_two_border_radius__hover_enabled=&#8221;off&#8221; button_one_letter_spacing__hover_enabled=&#8221;off&#8221; button_two_letter_spacing__hover_enabled=&#8221;off&#8221; button_one_bg_color__hover_enabled=&#8221;off&#8221; button_two_bg_color__hover_enabled=&#8221;off&#8221;][\/et_pb_fullwidth_header][\/et_pb_section][et_pb_section fb_built=&#8221;1&#8243; _builder_version=&#8221;3.22&#8243; custom_padding=&#8221;0px|||&#8221; transparent_background=&#8221;off&#8221;][et_pb_row column_structure=&#8221;3_4,1_4&#8243; _builder_version=&#8221;3.25&#8243; background_size=&#8221;initial&#8221; background_position=&#8221;top_left&#8221; background_repeat=&#8221;repeat&#8221;][et_pb_column type=&#8221;3_4&#8243; module_class=&#8221;ecc-location-interval&#8221; _builder_version=&#8221;3.25&#8243; custom_padding=&#8221;|||&#8221; custom_padding__hover=&#8221;|||&#8221;][et_pb_text _builder_version=&#8221;3.27.4&#8243;]<\/p>\n<p>Languedoc Roussillon is one of the ultimate places to be if you want to taste unique wines of high quality. This land is the biggest wine-producing region in France which produces more than a third of the grapes in France and in 2001 made more wine than the entire United States!<\/p>\n<p>The Chateau Rieutort is surrounded by immense vineyards offering its guests peace, quiet and fascinating wines. The land in here has been cultivated for wine production for centuries. Since 1997 it has been under the expert&#8217;s eyes of the Nivollet family &#8211; owners of Blanville: <a href=\"http:\/\/www.blanville.com\" target=\"_blank\" rel=\"noopener\">www.blanville.com<\/a><\/p>\n<p>When Karina &amp; Peter bought the chateau in 2012, they knew they could not make a wine of the same quality themselves. They left their 25ha in the good day to day hands of Blanville who continues their amazing work astonishing Chateau guests with the vibrant range of wines available.<\/p>\n<p>During your stay at the Chateau you are most welcome to stroll in the Chateau&#8217;s vineyards among Cabernet Sauvignon, Merlot, Vermentino and Chardonay vines.<\/p>\n<p>A visit to the winery where Blanville makes their magic to transform the grapes into excellent wines is available on a daily basis at 18:30 and free of charge for the guests of the chateau. Visitors who do not stay at the chateau need to prebook their visit (between 11:00 and 18:30) at \u20ac15 per person. Groups (max 12 guests) are welcome between 11:00 and 17:00. For groups larger than 12 guests please contact us for availability. After the visit to the winery, you will be invited to taste some of the products of Rieutort &amp; Blanville&#8217;s pride: wines of &#8220;Vicomte d&#8217;Amulas&#8221;, IGP Pays d&#8217;Oc, AOP Languedoc, Gres de Montpellier; refreshing Vermentino, earthy Cabernet, mineral Chardonnay, breath taking Syrah, mysterious Mourvedre, fruity Grenache&#8230;<\/p>\n<p>Get ready for an explosion of tastes and fragrances in the magical world of wine.<\/p>\n<p>Don&#8217;t worry, you may take a bit of Languedoc home with you. On site wine shop allows you to buy everything you will taste. It is also possible to order wine and have it shipped to your door.<\/p>\n<p>Choose your wines from the list below and send an email.<\/p>\n<p>You may pay for your order by credit card or PayPal.<\/p>\n<p>Orders will be handled in multiples of six bottles and these can be of a single type or &#8220;mix and match&#8221;.<\/p>\n<p>[\/et_pb_text][et_pb_gallery gallery_ids=&#8221;26225,26227,25623,26151&#8243; gallery_captions=&#8221;,,,&#8221; show_title_and_caption=&#8221;off&#8221; show_pagination=&#8221;off&#8221; module_class=&#8221;rieutort&#8221; _builder_version=&#8221;3.0.100&#8243; title_font=&#8221;||||||||&#8221; caption_font=&#8221;||||||||&#8221; pagination_font=&#8221;||||||||&#8221;][\/et_pb_gallery][\/et_pb_column][et_pb_column type=&#8221;1_4&#8243; _builder_version=&#8221;3.25&#8243; custom_padding=&#8221;|||&#8221; custom_padding__hover=&#8221;|||&#8221;][et_pb_sidebar orientation=&#8221;right&#8221; area=&#8221;et_pb_widget_area_1&#8243; show_border=&#8221;off&#8221; _builder_version=&#8221;3.0.74&#8243; remove_border=&#8221;on&#8221;][\/et_pb_sidebar][et_pb_sidebar orientation=&#8221;right&#8221; area=&#8221;et_pb_widget_area_1&#8243; show_border=&#8221;off&#8221; _builder_version=&#8221;3.0.74&#8243; remove_border=&#8221;on&#8221; locked=&#8221;off&#8221;][\/et_pb_sidebar][et_pb_cta title=&#8221;Wine list&#8221; button_url=&#8221;https:\/\/www.chateau-rieutort.fr\/wp-content\/uploads\/boutique-wine-list-english-2-02-21.pdf&#8221; url_new_window=&#8221;on&#8221; button_text=&#8221;Catalog 2021&#8243; _builder_version=&#8221;4.9.1&#8243; custom_button=&#8221;on&#8221; button_icon=&#8221;%%266%%&#8221; button_icon_placement=&#8221;left&#8221; button_on_hover=&#8221;off&#8221; button_alignment=&#8221;center&#8221; button_custom_padding=&#8221;||||false|false&#8221; module_alignment=&#8221;center&#8221; locked=&#8221;off&#8221;]<\/p>\n<p>Download our price catalog.<\/p>\n<p>[\/et_pb_cta][et_pb_sidebar orientation=&#8221;right&#8221; area=&#8221;et_pb_widget_area_1&#8243; show_border=&#8221;off&#8221; _builder_version=&#8221;3.0.74&#8243; remove_border=&#8221;on&#8221; locked=&#8221;off&#8221;][\/et_pb_sidebar][et_pb_cta title=&#8221;Services in the Ch\u00e2teau&#8221; button_url=&#8221;https:\/\/www.chateau-rieutort.fr\/wp-content\/uploads\/chateau-wine-list-english-2-2-21.pdf&#8221; url_new_window=&#8221;on&#8221; button_text=&#8221;Catalog 2021&#8243; _builder_version=&#8221;4.9.1&#8243; custom_button=&#8221;on&#8221; button_icon=&#8221;%%266%%&#8221; button_icon_placement=&#8221;left&#8221; button_on_hover=&#8221;off&#8221; button_alignment=&#8221;center&#8221; button_custom_padding=&#8221;||||false|false&#8221; module_alignment=&#8221;center&#8221; locked=&#8221;off&#8221;]<\/p>\n<p>Download our price catalog.<\/p>\n<p>[\/et_pb_cta][et_pb_text admin_label=&#8221;Texte: Intro&#8221; _builder_version=&#8221;4.9.1&#8243; text_font=&#8221;||||||||&#8221; header_font=&#8221;||||||||&#8221; background_size=&#8221;initial&#8221; background_position=&#8221;top_left&#8221; background_repeat=&#8221;repeat&#8221; text_orientation=&#8221;justified&#8221; hover_enabled=&#8221;0&#8243; border_style=&#8221;solid&#8221; locked=&#8221;off&#8221; sticky_enabled=&#8221;0&#8243;]<\/p>\n<h2>Gifts<\/h2>\n<p>Are you looking for inspiration for a gift voucher? Why won&#8217;t you offer a wine tasting tour at Chateau Rieutort or (with) a value voucher for the wine purchase or lunch included?<\/p>\n<blockquote class=\"wp-embedded-content\" data-secret=\"cEAbHoIcWv\"><p><a href=\"https:\/\/www.chateau-rieutort.fr\/en\/booking\/gift\/\">Gift<\/a><\/p><\/blockquote>\n<p><iframe loading=\"lazy\" class=\"wp-embedded-content\" sandbox=\"allow-scripts\" security=\"restricted\" style=\"position: absolute; clip: rect(1px, 1px, 1px, 1px);\" title=\"&#8220;Gift&#8221; &#8212; G\u00eetes &amp; Chambres d&#039;h\u00f4te %%sep%% Ch\u00e2teau Rieutort\" src=\"https:\/\/www.chateau-rieutort.fr\/en\/booking\/gift\/embed\/#?secret=cEAbHoIcWv\" data-secret=\"cEAbHoIcWv\" width=\"600\" height=\"338\" frameborder=\"0\" marginwidth=\"0\" marginheight=\"0\" scrolling=\"no\"><\/iframe><\/p>\n<p>[\/et_pb_text][\/et_pb_column][\/et_pb_row][\/et_pb_section]<\/p>\n","protected":false},"excerpt":{"rendered":"<p>[et_pb_section fb_built=&#8221;1&#8243; inner_shadow=&#8221;on&#8221; fullwidth=&#8221;on&#8221; custom_padding_last_edited=&#8221;off|&#8221; disabled_on=&#8221;off|off|off&#8221; _builder_version=&#8221;3.22&#8243;][et_pb_fullwidth_header title=&#8221;wine&#8221; text_orientation=&#8221;center&#8221; module_class=&#8221;rieutort&#8221; _builder_version=&#8221;3.16&#8243; title_font=&#8221;||||||||&#8221; content_font=&#8221;||||||||&#8221; subhead_font=&#8221;||||||||&#8221; background_color=&#8221;rgba(255, 255, 255, 0)&#8221; background_image=&#8221;https:\/\/www.chateau-rieutort.fr\/wp-content\/uploads\/vignoble-barriques.jpg&#8221; button_one_text_size__hover_enabled=&#8221;off&#8221; button_two_text_size__hover_enabled=&#8221;off&#8221; button_one_text_color__hover_enabled=&#8221;off&#8221; button_two_text_color__hover_enabled=&#8221;off&#8221; button_one_border_width__hover_enabled=&#8221;off&#8221; button_two_border_width__hover_enabled=&#8221;off&#8221; button_one_border_color__hover_enabled=&#8221;off&#8221; button_two_border_color__hover_enabled=&#8221;off&#8221; button_one_border_radius__hover_enabled=&#8221;off&#8221; button_two_border_radius__hover_enabled=&#8221;off&#8221; button_one_letter_spacing__hover_enabled=&#8221;off&#8221; button_two_letter_spacing__hover_enabled=&#8221;off&#8221; button_one_bg_color__hover_enabled=&#8221;off&#8221; button_two_bg_color__hover_enabled=&#8221;off&#8221;][\/et_pb_fullwidth_header][\/et_pb_section][et_pb_section fb_built=&#8221;1&#8243; _builder_version=&#8221;3.22&#8243; custom_padding=&#8221;0px|||&#8221; transparent_background=&#8221;off&#8221;][et_pb_row column_structure=&#8221;3_4,1_4&#8243; _builder_version=&#8221;3.25&#8243; background_size=&#8221;initial&#8221; background_position=&#8221;top_left&#8221; background_repeat=&#8221;repeat&#8221;][et_pb_column type=&#8221;3_4&#8243; module_class=&#8221;ecc-location-interval&#8221; _builder_version=&#8221;3.25&#8243; custom_padding=&#8221;|||&#8221; custom_padding__hover=&#8221;|||&#8221;][et_pb_text _builder_version=&#8221;3.27.4&#8243;] Languedoc Roussillon is one of the ultimate [&hellip;]<\/p>\n","protected":false},"author":4,"featured_media":0,"parent":26559,"menu_order":0,"comment_status":"closed","ping_status":"closed","template":"","meta":{"_acf_changed":false,"_et_pb_use_builder":"on","_et_pb_old_content":"<p>Montpellier, est une commune fran\u00e7aise situ\u00e9e dans le d\u00e9partement de l\u2019H\u00e9rault et la r\u00e9gion Languedoc-Roussillon. Montpellier se situe sur un grand axe de communication joignant l'Espagne \u00e0 l'ouest, \u00e0 l'Italie \u00e0 l'est.<\/p><h3><a href=\"http:\/\/www.montpellier.fr\/\" target=\"_blank\" rel=\"noopener\">www.montpellier.fr<\/a><\/h3><div id=\"titre-themes\">D\u00e9couvrir \u00e0 proximit\u00e9<\/div><div id=\"contenu\" class=\"crayon article-texte-281 \"><p><strong>Le centre historique de Montpellier doit son surnom d\u2019Ecusson \u00e0 la forme m\u00eame de son agencement imagin\u00e9 au Moyen Age.<\/strong><\/p><p><strong>T\u00e9moin des grandes p\u00e9riodes historiques et de la vocation pr\u00e9coce de Montpellier pour la m\u00e9decine et le commerce, l\u2019Ecusson abrite une kyrielle d\u2019h\u00f4tels particuliers aux fa\u00e7ades m\u00e9di\u00e9vales, romanes et gothiques, \u00e0 d\u00e9couvrir au fil des ruelles pi\u00e9tonnes \u00e9troites et souvent courbes, pour briser les assauts du vent.<\/strong><\/p><p>C\u2019est en 985, dans une donation du comt\u00e9 de Melgueil, qu\u2019appara\u00eet pour la premi\u00e8re fois le nom de Montpellier. Le 26 novembre 985, le comte Bernard de Melgueil (Mauguio) octroie au chevalier Guilhem en \u00e9change de son d\u00e9vouement l\u2019ancien territoire situ\u00e9 entre l\u2019antique Voie Domitienne, le Lez et La Mosson.<\/p><\/div>","_et_gb_content_width":"","footnotes":""},"class_list":["post-26563","page","type-page","status-publish","hentry"],"acf":[],"yoast_head":"<!-- This site is optimized with the Yoast SEO plugin v26.7 - https:\/\/yoast.com\/wordpress\/plugins\/seo\/ -->\n<title>Stunning Wine Domaine - G\u00eetes &amp; Chambres d&#039;h\u00f4te Ch\u00e2teau Rieutort<\/title>\n<meta name=\"description\" content=\"P\u00e9zenas, est une commune fran\u00e7aise situ\u00e9e dans le d\u00e9partement de l&#039;H\u00e9rault en r\u00e9gion Languedoc-Roussillon. Ses habitants sont appel\u00e9s les Pisc\u00e9nois.\" \/>\n<meta name=\"robots\" content=\"index, follow, max-snippet:-1, max-image-preview:large, max-video-preview:-1\" \/>\n<link rel=\"canonical\" href=\"https:\/\/www.chateau-rieutort.fr\/tourisme\/vignoble-oenotourisme\/\" \/>\n<meta property=\"og:locale\" content=\"en_US\" \/>\n<meta property=\"og:type\" content=\"article\" \/>\n<meta property=\"og:title\" content=\"Stunning Wine Domaine - G\u00eetes &amp; Chambres d&#039;h\u00f4te Ch\u00e2teau Rieutort\" \/>\n<meta property=\"og:description\" content=\"P\u00e9zenas, est une commune fran\u00e7aise situ\u00e9e dans le d\u00e9partement de l&#039;H\u00e9rault en r\u00e9gion Languedoc-Roussillon. Ses habitants sont appel\u00e9s les Pisc\u00e9nois.\" \/>\n<meta property=\"og:url\" content=\"https:\/\/www.chateau-rieutort.fr\/tourisme\/vignoble-oenotourisme\/\" \/>\n<meta property=\"og:site_name\" content=\"G\u00eetes &amp; Chambres d&#039;h\u00f4te %%sep%% Ch\u00e2teau Rieutort\" \/>\n<meta property=\"article:modified_time\" content=\"2021-03-16T09:52:07+00:00\" \/>\n<meta name=\"twitter:card\" content=\"summary_large_image\" \/>\n<meta name=\"twitter:label1\" content=\"Est. reading time\" \/>\n\t<meta name=\"twitter:data1\" content=\"5 minutes\" \/>\n<script type=\"application\/ld+json\" class=\"yoast-schema-graph\">{\"@context\":\"https:\/\/schema.org\",\"@graph\":[{\"@type\":\"WebPage\",\"@id\":\"https:\/\/www.chateau-rieutort.fr\/tourisme\/vignoble-oenotourisme\/\",\"url\":\"https:\/\/www.chateau-rieutort.fr\/tourisme\/vignoble-oenotourisme\/\",\"name\":\"Stunning Wine Domaine - G\u00eetes &amp; Chambres d&#039;h\u00f4te Ch\u00e2teau Rieutort\",\"isPartOf\":{\"@id\":\"https:\/\/www.chateau-rieutort.fr\/#website\"},\"datePublished\":\"2017-07-12T11:23:23+00:00\",\"dateModified\":\"2021-03-16T09:52:07+00:00\",\"description\":\"P\u00e9zenas, est une commune fran\u00e7aise situ\u00e9e dans le d\u00e9partement de l'H\u00e9rault en r\u00e9gion Languedoc-Roussillon. Ses habitants sont appel\u00e9s les Pisc\u00e9nois.\",\"breadcrumb\":{\"@id\":\"https:\/\/www.chateau-rieutort.fr\/tourisme\/vignoble-oenotourisme\/#breadcrumb\"},\"inLanguage\":\"en-US\",\"potentialAction\":[{\"@type\":\"ReadAction\",\"target\":[\"https:\/\/www.chateau-rieutort.fr\/tourisme\/vignoble-oenotourisme\/\"]}]},{\"@type\":\"BreadcrumbList\",\"@id\":\"https:\/\/www.chateau-rieutort.fr\/tourisme\/vignoble-oenotourisme\/#breadcrumb\",\"itemListElement\":[{\"@type\":\"ListItem\",\"position\":1,\"name\":\"Accueil\",\"item\":\"https:\/\/www.chateau-rieutort.fr\/en\/\"},{\"@type\":\"ListItem\",\"position\":2,\"name\":\"Tourism in Languedoc\",\"item\":\"https:\/\/www.chateau-rieutort.fr\/tourisme\/\"},{\"@type\":\"ListItem\",\"position\":3,\"name\":\"Stunning Wine Domaine\"}]},{\"@type\":\"WebSite\",\"@id\":\"https:\/\/www.chateau-rieutort.fr\/#website\",\"url\":\"https:\/\/www.chateau-rieutort.fr\/\",\"name\":\"G\u00eetes &amp; Chambres d&#039;h\u00f4te %%sep%% Ch\u00e2teau Rieutort\",\"description\":\"Vignoble G\u00eetes Chambres d&#039;h\u00f4tes Languedoc Occitanie\",\"potentialAction\":[{\"@type\":\"SearchAction\",\"target\":{\"@type\":\"EntryPoint\",\"urlTemplate\":\"https:\/\/www.chateau-rieutort.fr\/?s={search_term_string}\"},\"query-input\":{\"@type\":\"PropertyValueSpecification\",\"valueRequired\":true,\"valueName\":\"search_term_string\"}}],\"inLanguage\":\"en-US\"}]}<\/script>\n<!-- \/ Yoast SEO plugin. -->","yoast_head_json":{"title":"Stunning Wine Domaine - G\u00eetes &amp; Chambres d&#039;h\u00f4te Ch\u00e2teau Rieutort","description":"P\u00e9zenas, est une commune fran\u00e7aise situ\u00e9e dans le d\u00e9partement de l'H\u00e9rault en r\u00e9gion Languedoc-Roussillon. Ses habitants sont appel\u00e9s les Pisc\u00e9nois.","robots":{"index":"index","follow":"follow","max-snippet":"max-snippet:-1","max-image-preview":"max-image-preview:large","max-video-preview":"max-video-preview:-1"},"canonical":"https:\/\/www.chateau-rieutort.fr\/tourisme\/vignoble-oenotourisme\/","og_locale":"en_US","og_type":"article","og_title":"Stunning Wine Domaine - G\u00eetes &amp; Chambres d&#039;h\u00f4te Ch\u00e2teau Rieutort","og_description":"P\u00e9zenas, est une commune fran\u00e7aise situ\u00e9e dans le d\u00e9partement de l'H\u00e9rault en r\u00e9gion Languedoc-Roussillon. Ses habitants sont appel\u00e9s les Pisc\u00e9nois.","og_url":"https:\/\/www.chateau-rieutort.fr\/tourisme\/vignoble-oenotourisme\/","og_site_name":"G\u00eetes &amp; Chambres d&#039;h\u00f4te %%sep%% Ch\u00e2teau Rieutort","article_modified_time":"2021-03-16T09:52:07+00:00","twitter_card":"summary_large_image","twitter_misc":{"Est. reading time":"5 minutes"},"schema":{"@context":"https:\/\/schema.org","@graph":[{"@type":"WebPage","@id":"https:\/\/www.chateau-rieutort.fr\/tourisme\/vignoble-oenotourisme\/","url":"https:\/\/www.chateau-rieutort.fr\/tourisme\/vignoble-oenotourisme\/","name":"Stunning Wine Domaine - G\u00eetes &amp; Chambres d&#039;h\u00f4te Ch\u00e2teau Rieutort","isPartOf":{"@id":"https:\/\/www.chateau-rieutort.fr\/#website"},"datePublished":"2017-07-12T11:23:23+00:00","dateModified":"2021-03-16T09:52:07+00:00","description":"P\u00e9zenas, est une commune fran\u00e7aise situ\u00e9e dans le d\u00e9partement de l'H\u00e9rault en r\u00e9gion Languedoc-Roussillon. Ses habitants sont appel\u00e9s les Pisc\u00e9nois.","breadcrumb":{"@id":"https:\/\/www.chateau-rieutort.fr\/tourisme\/vignoble-oenotourisme\/#breadcrumb"},"inLanguage":"en-US","potentialAction":[{"@type":"ReadAction","target":["https:\/\/www.chateau-rieutort.fr\/tourisme\/vignoble-oenotourisme\/"]}]},{"@type":"BreadcrumbList","@id":"https:\/\/www.chateau-rieutort.fr\/tourisme\/vignoble-oenotourisme\/#breadcrumb","itemListElement":[{"@type":"ListItem","position":1,"name":"Accueil","item":"https:\/\/www.chateau-rieutort.fr\/en\/"},{"@type":"ListItem","position":2,"name":"Tourism in Languedoc","item":"https:\/\/www.chateau-rieutort.fr\/tourisme\/"},{"@type":"ListItem","position":3,"name":"Stunning Wine Domaine"}]},{"@type":"WebSite","@id":"https:\/\/www.chateau-rieutort.fr\/#website","url":"https:\/\/www.chateau-rieutort.fr\/","name":"G\u00eetes &amp; Chambres d&#039;h\u00f4te %%sep%% Ch\u00e2teau Rieutort","description":"Vignoble G\u00eetes Chambres d&#039;h\u00f4tes Languedoc Occitanie","potentialAction":[{"@type":"SearchAction","target":{"@type":"EntryPoint","urlTemplate":"https:\/\/www.chateau-rieutort.fr\/?s={search_term_string}"},"query-input":{"@type":"PropertyValueSpecification","valueRequired":true,"valueName":"search_term_string"}}],"inLanguage":"en-US"}]}},"_links":{"self":[{"href":"https:\/\/www.chateau-rieutort.fr\/en\/wp-json\/wp\/v2\/pages\/26563","targetHints":{"allow":["GET"]}}],"collection":[{"href":"https:\/\/www.chateau-rieutort.fr\/en\/wp-json\/wp\/v2\/pages"}],"about":[{"href":"https:\/\/www.chateau-rieutort.fr\/en\/wp-json\/wp\/v2\/types\/page"}],"author":[{"embeddable":true,"href":"https:\/\/www.chateau-rieutort.fr\/en\/wp-json\/wp\/v2\/users\/4"}],"replies":[{"embeddable":true,"href":"https:\/\/www.chateau-rieutort.fr\/en\/wp-json\/wp\/v2\/comments?post=26563"}],"version-history":[{"count":10,"href":"https:\/\/www.chateau-rieutort.fr\/en\/wp-json\/wp\/v2\/pages\/26563\/revisions"}],"predecessor-version":[{"id":28343,"href":"https:\/\/www.chateau-rieutort.fr\/en\/wp-json\/wp\/v2\/pages\/26563\/revisions\/28343"}],"up":[{"embeddable":true,"href":"https:\/\/www.chateau-rieutort.fr\/en\/wp-json\/wp\/v2\/pages\/26559"}],"wp:attachment":[{"href":"https:\/\/www.chateau-rieutort.fr\/en\/wp-json\/wp\/v2\/media?parent=26563"}],"curies":[{"name":"wp","href":"https:\/\/api.w.org\/{rel}","templated":true}]}}