{"id":26559,"date":"2017-07-11T00:30:34","date_gmt":"2017-07-10T22:30:34","guid":{"rendered":"https:\/\/www.chateau-rieutort.fr\/tourisme\/"},"modified":"2018-04-13T10:42:03","modified_gmt":"2018-04-13T08:42:03","slug":"tourism","status":"publish","type":"page","link":"https:\/\/www.chateau-rieutort.fr\/en\/tourism\/","title":{"rendered":"Tourism in Languedoc"},"content":{"rendered":"<p>[et_pb_section bb_built=&#8221;1&#8243;][et_pb_row][et_pb_column type=&#8221;4_4&#8243;][et_pb_text _builder_version=&#8221;3.0.85&#8243; background_layout=&#8221;light&#8221; module_alignment=&#8221;left&#8221;]<\/p>\n<h1>Tourisme in Languedoc<\/h1>\n<p>[\/et_pb_text][\/et_pb_column][\/et_pb_row][et_pb_row][et_pb_column type=&#8221;1_3&#8243;][et_pb_blurb admin_label=&#8221;Oenotourisme&#8221; _builder_version=&#8221;3.0.85&#8243; title=&#8221;Wine tourism&#8221; url_new_window=&#8221;off&#8221; use_icon=&#8221;off&#8221; image=&#8221;https:\/\/www.chateau-rieutort.fr\/wp-content\/uploads\/vignes-de-blanville-770-480.jpg&#8221; use_circle=&#8221;off&#8221; use_circle_border=&#8221;off&#8221; icon_placement=&#8221;top&#8221; use_icon_font_size=&#8221;off&#8221; background_layout=&#8221;light&#8221; animation=&#8221;off&#8221; url=&#8221;https:\/\/www.chateau-rieutort.fr\/en\/tourism\/wine\/&#8221; max_width_tablet=&#8221;50px&#8221; \/][\/et_pb_column][et_pb_column type=&#8221;1_3&#8243;][et_pb_blurb admin_label=&#8221;Montpellier&#8221; _builder_version=&#8221;3.0.85&#8243; title=&#8221;Montpellier&#8221; url_new_window=&#8221;off&#8221; use_icon=&#8221;off&#8221; image=&#8221;https:\/\/www.chateau-rieutort.fr\/wp-content\/uploads\/montpellier-770-480.jpg&#8221; use_circle=&#8221;off&#8221; use_circle_border=&#8221;off&#8221; icon_placement=&#8221;top&#8221; use_icon_font_size=&#8221;off&#8221; background_layout=&#8221;light&#8221; animation=&#8221;off&#8221; url=&#8221;https:\/\/www.chateau-rieutort.fr\/en\/tourism\/montpellier\/&#8221; max_width_tablet=&#8221;50px&#8221; \/][\/et_pb_column][et_pb_column type=&#8221;1_3&#8243;][et_pb_blurb admin_label=&#8221;B\u00e9ziers&#8221; _builder_version=&#8221;3.0.85&#8243; title=&#8221;B\u00e9ziers&#8221; url_new_window=&#8221;off&#8221; use_icon=&#8221;off&#8221; image=&#8221;https:\/\/www.chateau-rieutort.fr\/wp-content\/uploads\/beziers-770-480.jpg&#8221; use_circle=&#8221;off&#8221; use_circle_border=&#8221;off&#8221; icon_placement=&#8221;top&#8221; use_icon_font_size=&#8221;off&#8221; background_layout=&#8221;light&#8221; animation=&#8221;off&#8221; url=&#8221;https:\/\/www.chateau-rieutort.fr\/en\/tourism\/beziers\/&#8221; max_width_tablet=&#8221;50px&#8221; \/][\/et_pb_column][\/et_pb_row][et_pb_row][et_pb_column type=&#8221;1_3&#8243;][et_pb_blurb admin_label=&#8221;P\u00e9zenas&#8221; _builder_version=&#8221;3.0.85&#8243; title=&#8221;P\u00e9zenas&#8221; url_new_window=&#8221;off&#8221; use_icon=&#8221;off&#8221; image=&#8221;https:\/\/www.chateau-rieutort.fr\/wp-content\/uploads\/pezenas-770-480.jpg&#8221; use_circle=&#8221;off&#8221; use_circle_border=&#8221;off&#8221; icon_placement=&#8221;top&#8221; use_icon_font_size=&#8221;off&#8221; background_layout=&#8221;light&#8221; animation=&#8221;off&#8221; url=&#8221;https:\/\/www.chateau-rieutort.fr\/en\/tourism\/pezenas\/&#8221; max_width_tablet=&#8221;50px&#8221; \/][\/et_pb_column][et_pb_column type=&#8221;1_3&#8243;][et_pb_blurb admin_label=&#8221;Valmagne&#8221; _builder_version=&#8221;3.0.106&#8243; title=&#8221;Abbaye de Valmagne&#8221; url_new_window=&#8221;off&#8221; use_icon=&#8221;off&#8221; image=&#8221;https:\/\/www.chateau-rieutort.fr\/wp-content\/uploads\/abbaye-de-valmagne-exterieur-770-480.jpg&#8221; use_circle=&#8221;off&#8221; use_circle_border=&#8221;off&#8221; icon_placement=&#8221;top&#8221; use_icon_font_size=&#8221;off&#8221; background_layout=&#8221;light&#8221; animation=&#8221;off&#8221; url=&#8221;https:\/\/www.chateau-rieutort.fr\/en\/tourism\/abbaye-de-valmagne\/&#8221; max_width_tablet=&#8221;50px&#8221; \/][\/et_pb_column][et_pb_column type=&#8221;1_3&#8243;][et_pb_blurb admin_label=&#8221;Saint-Guilhem-le-D\u00e9sert&#8221; _builder_version=&#8221;3.0.85&#8243; title=&#8221;Saint-Guilhem-le-D\u00e9sert&#8221; url_new_window=&#8221;off&#8221; use_icon=&#8221;off&#8221; image=&#8221;https:\/\/www.chateau-rieutort.fr\/wp-content\/uploads\/saint-guilhem-le-desert-770-480.jpg&#8221; use_circle=&#8221;off&#8221; use_circle_border=&#8221;off&#8221; icon_placement=&#8221;top&#8221; use_icon_font_size=&#8221;off&#8221; background_layout=&#8221;light&#8221; animation=&#8221;off&#8221; url=&#8221;https:\/\/www.chateau-rieutort.fr\/en\/tourism\/saint-guilhem-le-desert\/&#8221; max_width_tablet=&#8221;50px&#8221; \/][\/et_pb_column][\/et_pb_row][et_pb_row][et_pb_column type=&#8221;1_3&#8243;][et_pb_blurb admin_label=&#8221;Clamouse&#8221; _builder_version=&#8221;3.0.85&#8243; title=&#8221;Grotte de Clamouse&#8221; url_new_window=&#8221;off&#8221; use_icon=&#8221;off&#8221; image=&#8221;https:\/\/www.chateau-rieutort.fr\/wp-content\/uploads\/clamouse-770-480.jpg&#8221; use_circle=&#8221;off&#8221; use_circle_border=&#8221;off&#8221; icon_placement=&#8221;top&#8221; use_icon_font_size=&#8221;off&#8221; background_layout=&#8221;light&#8221; animation=&#8221;off&#8221; url=&#8221;https:\/\/www.chateau-rieutort.fr\/en\/tourism\/grotte-de-clamouse\/&#8221; max_width_tablet=&#8221;50px&#8221; \/][\/et_pb_column][et_pb_column type=&#8221;1_3&#8243;][et_pb_blurb admin_label=&#8221;Salagou&#8221; _builder_version=&#8221;3.0.85&#8243; title=&#8221;Lac du Salagou&#8221; url_new_window=&#8221;off&#8221; use_icon=&#8221;off&#8221; image=&#8221;https:\/\/www.chateau-rieutort.fr\/wp-content\/uploads\/salagou-770-480.jpg&#8221; use_circle=&#8221;off&#8221; use_circle_border=&#8221;off&#8221; icon_placement=&#8221;top&#8221; use_icon_font_size=&#8221;off&#8221; background_layout=&#8221;light&#8221; animation=&#8221;off&#8221; url=&#8221;https:\/\/www.chateau-rieutort.fr\/en\/tourism\/lac-du-salagou\/&#8221; max_width_tablet=&#8221;50px&#8221; \/][\/et_pb_column][et_pb_column type=&#8221;1_3&#8243;][\/et_pb_column][\/et_pb_row][\/et_pb_section]<\/p>\n","protected":false},"excerpt":{"rendered":"<p>[et_pb_section bb_built=&#8221;1&#8243;][et_pb_row][et_pb_column type=&#8221;4_4&#8243;][et_pb_text _builder_version=&#8221;3.0.85&#8243; background_layout=&#8221;light&#8221; module_alignment=&#8221;left&#8221;] Tourisme in Languedoc [\/et_pb_text][\/et_pb_column][\/et_pb_row][et_pb_row][et_pb_column type=&#8221;1_3&#8243;][et_pb_blurb admin_label=&#8221;Oenotourisme&#8221; _builder_version=&#8221;3.0.85&#8243; title=&#8221;Wine tourism&#8221; url_new_window=&#8221;off&#8221; use_icon=&#8221;off&#8221; image=&#8221;https:\/\/www.chateau-rieutort.fr\/wp-content\/uploads\/vignes-de-blanville-770-480.jpg&#8221; use_circle=&#8221;off&#8221; use_circle_border=&#8221;off&#8221; icon_placement=&#8221;top&#8221; use_icon_font_size=&#8221;off&#8221; background_layout=&#8221;light&#8221; animation=&#8221;off&#8221; url=&#8221;https:\/\/www.chateau-rieutort.fr\/en\/tourism\/wine\/&#8221; max_width_tablet=&#8221;50px&#8221; \/][\/et_pb_column][et_pb_column type=&#8221;1_3&#8243;][et_pb_blurb admin_label=&#8221;Montpellier&#8221; _builder_version=&#8221;3.0.85&#8243; title=&#8221;Montpellier&#8221; url_new_window=&#8221;off&#8221; use_icon=&#8221;off&#8221; image=&#8221;https:\/\/www.chateau-rieutort.fr\/wp-content\/uploads\/montpellier-770-480.jpg&#8221; use_circle=&#8221;off&#8221; use_circle_border=&#8221;off&#8221; icon_placement=&#8221;top&#8221; use_icon_font_size=&#8221;off&#8221; background_layout=&#8221;light&#8221; animation=&#8221;off&#8221; url=&#8221;https:\/\/www.chateau-rieutort.fr\/en\/tourism\/montpellier\/&#8221; max_width_tablet=&#8221;50px&#8221; \/][\/et_pb_column][et_pb_column type=&#8221;1_3&#8243;][et_pb_blurb admin_label=&#8221;B\u00e9ziers&#8221; _builder_version=&#8221;3.0.85&#8243; title=&#8221;B\u00e9ziers&#8221; url_new_window=&#8221;off&#8221; use_icon=&#8221;off&#8221; image=&#8221;https:\/\/www.chateau-rieutort.fr\/wp-content\/uploads\/beziers-770-480.jpg&#8221; use_circle=&#8221;off&#8221; use_circle_border=&#8221;off&#8221; icon_placement=&#8221;top&#8221; use_icon_font_size=&#8221;off&#8221; background_layout=&#8221;light&#8221; [&hellip;]<\/p>\n","protected":false},"author":4,"featured_media":0,"parent":0,"menu_order":0,"comment_status":"closed","ping_status":"closed","template":"","meta":{"_acf_changed":false,"_et_pb_use_builder":"on","_et_pb_old_content":"","_et_gb_content_width":"","footnotes":""},"class_list":["post-26559","page","type-page","status-publish","hentry"],"acf":[],"yoast_head":"<!-- This site is optimized with the Yoast SEO plugin v26.7 - https:\/\/yoast.com\/wordpress\/plugins\/seo\/ -->\n<title>Tourism in Languedoc - G\u00eetes &amp; Chambres d&#039;h\u00f4te Ch\u00e2teau Rieutort<\/title>\n<meta name=\"robots\" content=\"index, follow, max-snippet:-1, max-image-preview:large, max-video-preview:-1\" \/>\n<link rel=\"canonical\" href=\"https:\/\/www.chateau-rieutort.fr\/tourisme\/\" \/>\n<meta property=\"og:locale\" content=\"en_US\" \/>\n<meta property=\"og:type\" content=\"article\" \/>\n<meta property=\"og:title\" content=\"Tourism in Languedoc - G\u00eetes &amp; Chambres d&#039;h\u00f4te Ch\u00e2teau Rieutort\" \/>\n<meta property=\"og:description\" content=\"[et_pb_section bb_built=&#8221;1&#8243;][et_pb_row][et_pb_column type=&#8221;4_4&#8243;][et_pb_text _builder_version=&#8221;3.0.85&#8243; background_layout=&#8221;light&#8221; module_alignment=&#8221;left&#8221;] Tourisme in Languedoc [\/et_pb_text][\/et_pb_column][\/et_pb_row][et_pb_row][et_pb_column type=&#8221;1_3&#8243;][et_pb_blurb admin_label=&#8221;Oenotourisme&#8221; _builder_version=&#8221;3.0.85&#8243; title=&#8221;Wine tourism&#8221; url_new_window=&#8221;off&#8221; use_icon=&#8221;off&#8221; image=&#8221;https:\/\/www.chateau-rieutort.fr\/wp-content\/uploads\/vignes-de-blanville-770-480.jpg&#8221; use_circle=&#8221;off&#8221; use_circle_border=&#8221;off&#8221; icon_placement=&#8221;top&#8221; use_icon_font_size=&#8221;off&#8221; background_layout=&#8221;light&#8221; animation=&#8221;off&#8221; url=&#8221;https:\/\/www.chateau-rieutort.fr\/en\/tourism\/wine\/&#8221; max_width_tablet=&#8221;50px&#8221; \/][\/et_pb_column][et_pb_column type=&#8221;1_3&#8243;][et_pb_blurb admin_label=&#8221;Montpellier&#8221; _builder_version=&#8221;3.0.85&#8243; title=&#8221;Montpellier&#8221; url_new_window=&#8221;off&#8221; use_icon=&#8221;off&#8221; image=&#8221;https:\/\/www.chateau-rieutort.fr\/wp-content\/uploads\/montpellier-770-480.jpg&#8221; use_circle=&#8221;off&#8221; use_circle_border=&#8221;off&#8221; icon_placement=&#8221;top&#8221; use_icon_font_size=&#8221;off&#8221; background_layout=&#8221;light&#8221; animation=&#8221;off&#8221; url=&#8221;https:\/\/www.chateau-rieutort.fr\/en\/tourism\/montpellier\/&#8221; max_width_tablet=&#8221;50px&#8221; \/][\/et_pb_column][et_pb_column type=&#8221;1_3&#8243;][et_pb_blurb admin_label=&#8221;B\u00e9ziers&#8221; _builder_version=&#8221;3.0.85&#8243; title=&#8221;B\u00e9ziers&#8221; url_new_window=&#8221;off&#8221; use_icon=&#8221;off&#8221; image=&#8221;https:\/\/www.chateau-rieutort.fr\/wp-content\/uploads\/beziers-770-480.jpg&#8221; use_circle=&#8221;off&#8221; use_circle_border=&#8221;off&#8221; icon_placement=&#8221;top&#8221; use_icon_font_size=&#8221;off&#8221; background_layout=&#8221;light&#8221; [&hellip;]\" \/>\n<meta property=\"og:url\" content=\"https:\/\/www.chateau-rieutort.fr\/tourisme\/\" \/>\n<meta property=\"og:site_name\" content=\"G\u00eetes &amp; Chambres d&#039;h\u00f4te %%sep%% Ch\u00e2teau Rieutort\" \/>\n<meta property=\"article:modified_time\" content=\"2018-04-13T08:42:03+00:00\" \/>\n<meta name=\"twitter:card\" content=\"summary_large_image\" \/>\n<meta name=\"twitter:label1\" content=\"Est. reading time\" \/>\n\t<meta name=\"twitter:data1\" content=\"3 minutes\" \/>\n<script type=\"application\/ld+json\" class=\"yoast-schema-graph\">{\"@context\":\"https:\/\/schema.org\",\"@graph\":[{\"@type\":\"WebPage\",\"@id\":\"https:\/\/www.chateau-rieutort.fr\/tourisme\/\",\"url\":\"https:\/\/www.chateau-rieutort.fr\/tourisme\/\",\"name\":\"Tourism in Languedoc - G\u00eetes &amp; Chambres d&#039;h\u00f4te Ch\u00e2teau Rieutort\",\"isPartOf\":{\"@id\":\"https:\/\/www.chateau-rieutort.fr\/#website\"},\"datePublished\":\"2017-07-10T22:30:34+00:00\",\"dateModified\":\"2018-04-13T08:42:03+00:00\",\"breadcrumb\":{\"@id\":\"https:\/\/www.chateau-rieutort.fr\/tourisme\/#breadcrumb\"},\"inLanguage\":\"en-US\",\"potentialAction\":[{\"@type\":\"ReadAction\",\"target\":[\"https:\/\/www.chateau-rieutort.fr\/tourisme\/\"]}]},{\"@type\":\"BreadcrumbList\",\"@id\":\"https:\/\/www.chateau-rieutort.fr\/tourisme\/#breadcrumb\",\"itemListElement\":[{\"@type\":\"ListItem\",\"position\":1,\"name\":\"Accueil\",\"item\":\"https:\/\/www.chateau-rieutort.fr\/en\/\"},{\"@type\":\"ListItem\",\"position\":2,\"name\":\"Tourism in Languedoc\"}]},{\"@type\":\"WebSite\",\"@id\":\"https:\/\/www.chateau-rieutort.fr\/#website\",\"url\":\"https:\/\/www.chateau-rieutort.fr\/\",\"name\":\"G\u00eetes &amp; Chambres d&#039;h\u00f4te %%sep%% Ch\u00e2teau Rieutort\",\"description\":\"Vignoble G\u00eetes Chambres d&#039;h\u00f4tes Languedoc Occitanie\",\"potentialAction\":[{\"@type\":\"SearchAction\",\"target\":{\"@type\":\"EntryPoint\",\"urlTemplate\":\"https:\/\/www.chateau-rieutort.fr\/?s={search_term_string}\"},\"query-input\":{\"@type\":\"PropertyValueSpecification\",\"valueRequired\":true,\"valueName\":\"search_term_string\"}}],\"inLanguage\":\"en-US\"}]}<\/script>\n<!-- \/ Yoast SEO plugin. -->","yoast_head_json":{"title":"Tourism in Languedoc - G\u00eetes &amp; Chambres d&#039;h\u00f4te Ch\u00e2teau Rieutort","robots":{"index":"index","follow":"follow","max-snippet":"max-snippet:-1","max-image-preview":"max-image-preview:large","max-video-preview":"max-video-preview:-1"},"canonical":"https:\/\/www.chateau-rieutort.fr\/tourisme\/","og_locale":"en_US","og_type":"article","og_title":"Tourism in Languedoc - G\u00eetes &amp; Chambres d&#039;h\u00f4te Ch\u00e2teau Rieutort","og_description":"[et_pb_section bb_built=&#8221;1&#8243;][et_pb_row][et_pb_column type=&#8221;4_4&#8243;][et_pb_text _builder_version=&#8221;3.0.85&#8243; background_layout=&#8221;light&#8221; module_alignment=&#8221;left&#8221;] Tourisme in Languedoc [\/et_pb_text][\/et_pb_column][\/et_pb_row][et_pb_row][et_pb_column type=&#8221;1_3&#8243;][et_pb_blurb admin_label=&#8221;Oenotourisme&#8221; _builder_version=&#8221;3.0.85&#8243; title=&#8221;Wine tourism&#8221; url_new_window=&#8221;off&#8221; use_icon=&#8221;off&#8221; image=&#8221;https:\/\/www.chateau-rieutort.fr\/wp-content\/uploads\/vignes-de-blanville-770-480.jpg&#8221; use_circle=&#8221;off&#8221; use_circle_border=&#8221;off&#8221; icon_placement=&#8221;top&#8221; use_icon_font_size=&#8221;off&#8221; background_layout=&#8221;light&#8221; animation=&#8221;off&#8221; url=&#8221;https:\/\/www.chateau-rieutort.fr\/en\/tourism\/wine\/&#8221; max_width_tablet=&#8221;50px&#8221; \/][\/et_pb_column][et_pb_column type=&#8221;1_3&#8243;][et_pb_blurb admin_label=&#8221;Montpellier&#8221; _builder_version=&#8221;3.0.85&#8243; title=&#8221;Montpellier&#8221; url_new_window=&#8221;off&#8221; use_icon=&#8221;off&#8221; image=&#8221;https:\/\/www.chateau-rieutort.fr\/wp-content\/uploads\/montpellier-770-480.jpg&#8221; use_circle=&#8221;off&#8221; use_circle_border=&#8221;off&#8221; icon_placement=&#8221;top&#8221; use_icon_font_size=&#8221;off&#8221; background_layout=&#8221;light&#8221; animation=&#8221;off&#8221; url=&#8221;https:\/\/www.chateau-rieutort.fr\/en\/tourism\/montpellier\/&#8221; max_width_tablet=&#8221;50px&#8221; \/][\/et_pb_column][et_pb_column type=&#8221;1_3&#8243;][et_pb_blurb admin_label=&#8221;B\u00e9ziers&#8221; _builder_version=&#8221;3.0.85&#8243; title=&#8221;B\u00e9ziers&#8221; url_new_window=&#8221;off&#8221; use_icon=&#8221;off&#8221; image=&#8221;https:\/\/www.chateau-rieutort.fr\/wp-content\/uploads\/beziers-770-480.jpg&#8221; use_circle=&#8221;off&#8221; use_circle_border=&#8221;off&#8221; icon_placement=&#8221;top&#8221; use_icon_font_size=&#8221;off&#8221; background_layout=&#8221;light&#8221; [&hellip;]","og_url":"https:\/\/www.chateau-rieutort.fr\/tourisme\/","og_site_name":"G\u00eetes &amp; Chambres d&#039;h\u00f4te %%sep%% Ch\u00e2teau Rieutort","article_modified_time":"2018-04-13T08:42:03+00:00","twitter_card":"summary_large_image","twitter_misc":{"Est. reading time":"3 minutes"},"schema":{"@context":"https:\/\/schema.org","@graph":[{"@type":"WebPage","@id":"https:\/\/www.chateau-rieutort.fr\/tourisme\/","url":"https:\/\/www.chateau-rieutort.fr\/tourisme\/","name":"Tourism in Languedoc - G\u00eetes &amp; Chambres d&#039;h\u00f4te Ch\u00e2teau Rieutort","isPartOf":{"@id":"https:\/\/www.chateau-rieutort.fr\/#website"},"datePublished":"2017-07-10T22:30:34+00:00","dateModified":"2018-04-13T08:42:03+00:00","breadcrumb":{"@id":"https:\/\/www.chateau-rieutort.fr\/tourisme\/#breadcrumb"},"inLanguage":"en-US","potentialAction":[{"@type":"ReadAction","target":["https:\/\/www.chateau-rieutort.fr\/tourisme\/"]}]},{"@type":"BreadcrumbList","@id":"https:\/\/www.chateau-rieutort.fr\/tourisme\/#breadcrumb","itemListElement":[{"@type":"ListItem","position":1,"name":"Accueil","item":"https:\/\/www.chateau-rieutort.fr\/en\/"},{"@type":"ListItem","position":2,"name":"Tourism in Languedoc"}]},{"@type":"WebSite","@id":"https:\/\/www.chateau-rieutort.fr\/#website","url":"https:\/\/www.chateau-rieutort.fr\/","name":"G\u00eetes &amp; Chambres d&#039;h\u00f4te %%sep%% Ch\u00e2teau Rieutort","description":"Vignoble G\u00eetes Chambres d&#039;h\u00f4tes Languedoc Occitanie","potentialAction":[{"@type":"SearchAction","target":{"@type":"EntryPoint","urlTemplate":"https:\/\/www.chateau-rieutort.fr\/?s={search_term_string}"},"query-input":{"@type":"PropertyValueSpecification","valueRequired":true,"valueName":"search_term_string"}}],"inLanguage":"en-US"}]}},"_links":{"self":[{"href":"https:\/\/www.chateau-rieutort.fr\/en\/wp-json\/wp\/v2\/pages\/26559","targetHints":{"allow":["GET"]}}],"collection":[{"href":"https:\/\/www.chateau-rieutort.fr\/en\/wp-json\/wp\/v2\/pages"}],"about":[{"href":"https:\/\/www.chateau-rieutort.fr\/en\/wp-json\/wp\/v2\/types\/page"}],"author":[{"embeddable":true,"href":"https:\/\/www.chateau-rieutort.fr\/en\/wp-json\/wp\/v2\/users\/4"}],"replies":[{"embeddable":true,"href":"https:\/\/www.chateau-rieutort.fr\/en\/wp-json\/wp\/v2\/comments?post=26559"}],"version-history":[{"count":1,"href":"https:\/\/www.chateau-rieutort.fr\/en\/wp-json\/wp\/v2\/pages\/26559\/revisions"}],"predecessor-version":[{"id":27599,"href":"https:\/\/www.chateau-rieutort.fr\/en\/wp-json\/wp\/v2\/pages\/26559\/revisions\/27599"}],"wp:attachment":[{"href":"https:\/\/www.chateau-rieutort.fr\/en\/wp-json\/wp\/v2\/media?parent=26559"}],"curies":[{"name":"wp","href":"https:\/\/api.w.org\/{rel}","templated":true}]}}