{"id":26548,"date":"2017-07-12T13:07:44","date_gmt":"2017-07-12T11:07:44","guid":{"rendered":"https:\/\/www.chateau-rieutort.fr\/events\/mariage-anniversaire\/"},"modified":"2020-05-28T17:18:17","modified_gmt":"2020-05-28T15:18:17","slug":"wedding-french-chateau-vineyard","status":"publish","type":"page","link":"https:\/\/www.chateau-rieutort.fr\/en\/events\/wedding-french-chateau-vineyard\/","title":{"rendered":"Wedding in a French Chateau within a vineyard"},"content":{"rendered":"<p>[et_pb_section fb_built=&#8221;1&#8243; fullwidth=&#8221;on&#8221; custom_padding_last_edited=&#8221;off|&#8221; disabled_on=&#8221;off|off|off&#8221; _builder_version=&#8221;3.22.3&#8243;][et_pb_fullwidth_header title=&#8221;Wedding in a French chateau within a vineyard&#8221; text_orientation=&#8221;center&#8221; module_class=&#8221;rieutort&#8221; _builder_version=&#8221;3.16&#8243; background_color=&#8221;rgba(255, 255, 255, 0)&#8221; background_image=&#8221;https:\/\/www.chateau-rieutort.fr\/wp-content\/uploads\/table-de-mariage.jpg&#8221; max_width_tablet=&#8221;50px&#8221; button_one_text_size__hover_enabled=&#8221;off&#8221; button_two_text_size__hover_enabled=&#8221;off&#8221; button_one_text_color__hover_enabled=&#8221;off&#8221; button_two_text_color__hover_enabled=&#8221;off&#8221; button_one_border_width__hover_enabled=&#8221;off&#8221; button_two_border_width__hover_enabled=&#8221;off&#8221; button_one_border_color__hover_enabled=&#8221;off&#8221; button_two_border_color__hover_enabled=&#8221;off&#8221; button_one_border_radius__hover_enabled=&#8221;off&#8221; button_two_border_radius__hover_enabled=&#8221;off&#8221; button_one_letter_spacing__hover_enabled=&#8221;off&#8221; button_two_letter_spacing__hover_enabled=&#8221;off&#8221; button_one_bg_color__hover_enabled=&#8221;off&#8221; button_two_bg_color__hover_enabled=&#8221;off&#8221;][\/et_pb_fullwidth_header][\/et_pb_section][et_pb_section fb_built=&#8221;1&#8243; _builder_version=&#8221;3.22.3&#8243; custom_padding=&#8221;0px|||&#8221; transparent_background=&#8221;off&#8221;][et_pb_row column_structure=&#8221;3_4,1_4&#8243; _builder_version=&#8221;3.25&#8243; background_size=&#8221;initial&#8221; background_position=&#8221;top_left&#8221; background_repeat=&#8221;repeat&#8221;][et_pb_column type=&#8221;3_4&#8243; module_class=&#8221;ecc-location-interval&#8221; _builder_version=&#8221;3.25&#8243; custom_padding=&#8221;|||&#8221; custom_padding__hover=&#8221;|||&#8221;][et_pb_text admin_label=&#8221;Texte: Intro&#8221; _builder_version=&#8221;3.27.4&#8243; text_font=&#8221;||||||||&#8221; header_font=&#8221;||||||||&#8221; background_size=&#8221;initial&#8221; background_position=&#8221;top_left&#8221; background_repeat=&#8221;repeat&#8221; text_orientation=&#8221;justified&#8221; module_alignment=&#8221;justified&#8221;]CONGRATULATIONS!<\/p>\n<p>He asked, you said yes, now you search for a French chateau or a wine domaine for your wedding. Now you have both.<\/p>\n<p>At Ch\u00e2teau Rieutort you may organise any wedding style you would like. Perhaps an official seated dinner with classical music or a family &amp; friends pool party. Perhaps champagne and oysters or street food stations and a burger truck.\u00a0 An intimate ceremony with close family or a big party for 200 guests. Celebrate here after your civilor church service or even design your own vows to exchange in the park. French wedding style, c\u00e9r\u00e9monie la\u00efque, humanist wedding ceremony &#8211; all of it is possible at Ch\u00e2teau Rieutort.<\/p>\n<p>Every couple is different and you imagine your big day in a different way. So what now?<\/p>\n<p>Look at the offer below. Check if it meets your expectations. Many elements can be adapted to your needs. Send a message with a brief description of what would you like to organise at the ch\u00e2teau and most importantly check the proposed date(s). Plan a visit if possible.<br \/>\n[\/et_pb_text][et_pb_video src=&#8221;https:\/\/vimeo.com\/224059180&#8243; _builder_version=&#8221;3.0.84&#8243; custom_margin=&#8221;||10px|&#8221; custom_padding=&#8221;||0px|&#8221;][\/et_pb_video][et_pb_text _builder_version=&#8221;3.27.4&#8243; text_font=&#8221;||||||||&#8221; text_text_color=&#8221;#999999&#8243; header_font=&#8221;||||||||&#8221; text_orientation=&#8221;center&#8221; module_alignment=&#8221;center&#8221;]Special thanks to <a href=\"http:\/\/www.gaetan-guerin.com\/\" target=\"_blank\" rel=\"noopener noreferrer\">Gaetan Guerin<\/a> for this amazing video of Vannessa&#8217;s &amp; Thibaut&#8217;s wedding at Ch\u00e2teau Rieutort.<br \/>\nDo not hesitate to contact Gaetan to hire him <span id=\"result_box\" class=\"short_text\" lang=\"en\" tabindex=\"-1\">to immortalise your exceptional day!<\/span><br \/>\n[\/et_pb_text][et_pb_divider show_divider=&#8221;off&#8221; _builder_version=&#8221;3.2&#8243; max_width=&#8221;40%&#8221; module_alignment=&#8221;center&#8221;][\/et_pb_divider][et_pb_text admin_label=&#8221;Texte: Offre&#8221; _builder_version=&#8221;4.3.3&#8243; text_font=&#8221;||||||||&#8221; header_font=&#8221;||||||||&#8221;]<\/p>\n<h2 style=\"text-align: center;\">2021 wedding offer<\/h2>\n<p>Ch\u00e2teau Rieutort is an elegant 30 hectare wine estate dating back to 1755. It is situated in the Languedoc \u2013 Roussillon region, on the banks of the Herault river. The domain includes a 2.5 hectare park with two swimming pools, SPA comprising a giant jacuzzi, sauna and two massage rooms, ch\u00e2teau with its B&#038;B suites as well as historical out buildings namely the orangery, stables and supporting winery buildings which have been converted into g\u00eetes (self catering units).<br \/>\nRieutort can accommodate 61 guests in five ch\u00e2teau rooms and seven g\u00eetes offering in total 21 bedrooms with double and single beds and sofa beds. A further 4 guests may use supplementary folding single beds. The adventurous can pitch their own tents in the park.<\/p>\n<p><strong>The offer includes:<\/strong><\/p>\n<ul style=\"font-size: 18px; background-color: #ffffff;\">\n<li><strong>exclusive use of the ch\u00e2teau, park &amp; swimming pools, SPA, ch\u00e2teau suites &amp; g\u00eetes<\/strong> as well as the reception room where up to 100 guests can be seated. Much bigger events are often hosted at Rieutort but then you need to plan them outdoors (with a possible marquee for safety against the occasional bad weather).<\/li>\n<li><strong>tables and chairs for up to 100 people<\/strong><\/li>\n<li><strong>parking and a parking agent<\/strong> who will help your guests to find a space for their cars<\/li>\n<li><strong>accommodation for up to 65 people <\/strong>in the ch\u00e2teau suites (5) and g\u00eetes (7) as noted above<\/li>\n<li><strong style=\"font-size: 18px;\">one Swedish buffet breakfast <\/strong><span style=\"font-size: 18px;\">for all overnight guests<\/span><\/li>\n<li><strong>access to the SPA with the sauna and jacuzzi<\/strong><\/li>\n<li style=\"font-size: 18px;\"><span style=\"font-size: 18px; font-weight: bold;\">extended period for music<\/span>\u00a0(4 a.m. &#8211; ambiance music from 3 a.m.)<\/li>\n<\/ul>\n<p>Ch\u00e2teau Rieutort \/ Haut Blanville is a fabulous wine domain and you will be obliged to use its wine during your event. A big selection of white, red and ros\u00e9 wines as well as champagne guarantees you can easily choose something you will like. Wine will be available at vineyard boutique prices (without service) or vineyard boutique prices plus 10\u20ac per bottle if the ch\u00e2teau team provide the drinks service. If you will decide for wines from a different wine domain, you will be charged a corkage fee of 5\u20ac per guest. You are welcome to provide your own beer, spirits and soft drinks.<\/p>\n<p>[\/et_pb_text][et_pb_text admin_label=&#8221;Tableau Tarifs&#8221; _builder_version=&#8221;3.27.4&#8243; locked=&#8221;on&#8221;]\n<table id=\"tablepress-5\" class=\"tablepress tablepress-id-5 wedding tablepress-responsive\">\n<thead>\n<tr class=\"row-1\">\n\t<td class=\"column-1\"><\/td><th class=\"column-2\">the day of the event<sup>1<\/sup>until 16h00 the following day<sup>2<\/sup><\/th><th class=\"column-3\">for 2 nights<\/th><th class=\"column-4\">for 3 nights<\/th><th class=\"column-5\">for 4 nights<\/th><th class=\"column-6\">for 7 nights<\/th>\n<\/tr>\n<\/thead>\n<tbody class=\"row-striping row-hover\">\n<tr class=\"row-2\">\n\t<td class=\"column-1\">November to April<\/td><td class=\"column-2\">5 600\u20ac<\/td><td class=\"column-3\">7 200\u20ac<\/td><td class=\"column-4\">8 500\u20ac<\/td><td class=\"column-5\">9 600\u20ac<\/td><td class=\"column-6\">13 000\u20ac<\/td>\n<\/tr>\n<tr class=\"row-3\">\n\t<td class=\"column-1\">May \/ October<\/td><td class=\"column-2\">7 800\u20ac<\/td><td class=\"column-3\">10 500\u20ac<\/td><td class=\"column-4\">12 500\u20ac<\/td><td class=\"column-5\">14 000\u20ac<\/td><td class=\"column-6\">16 000\u20ac<\/td>\n<\/tr>\n<tr class=\"row-4\">\n\t<td class=\"column-1\">June \/ September<\/td><td class=\"column-2\">9 300\u20ac<\/td><td class=\"column-3\">11 800\u20ac<\/td><td class=\"column-4\">13 800\u20ac<\/td><td class=\"column-5\">15 300\u20ac<\/td><td class=\"column-6\">18 000\u20ac<\/td>\n<\/tr>\n<tr class=\"row-5\">\n\t<td class=\"column-1\">July 1st - 15th<\/td><td class=\"column-2\">to negotiate<\/td><td class=\"column-3\">to negotiate<\/td><td class=\"column-4\">17 000\u20ac<\/td><td class=\"column-5\">19 000\u20ac<\/td><td class=\"column-6\">23 000\u20ac<\/td>\n<\/tr>\n<tr class=\"row-6\">\n\t<td class=\"column-1\">mid July - August<\/td><td class=\"column-2\">unavailable<\/td><td class=\"column-3\">unavailable<\/td><td class=\"column-4\">unavailable<\/td><td class=\"column-5\">unavailable<\/td><td class=\"column-6\">unavailable<\/td>\n<\/tr>\n<tr class=\"row-7\">\n\t<td class=\"column-1\">Last week of August<\/td><td class=\"column-2\">to negotiate<\/td><td class=\"column-3\">to negotiate<\/td><td class=\"column-4\">18 000\u20ac<\/td><td class=\"column-5\">20 000\u20ac<\/td><td class=\"column-6\">25 000\u20ac<\/td>\n<\/tr>\n<tr class=\"row-8\">\n\t<td class=\"column-1\">Easter<\/td><td class=\"column-2\">to negotiate<\/td><td class=\"column-3\">to negotiate<\/td><td class=\"column-4\">10 000\u20ac<\/td><td class=\"column-5\">11 500\u20ac<\/td><td class=\"column-6\">14 500\u20ac<\/td>\n<\/tr>\n<tr class=\"row-9\">\n\t<td class=\"column-1\">Christmas \/ New Year<\/td><td class=\"column-2\">to negotiate<\/td><td class=\"column-3\">to negotiate<\/td><td class=\"column-4\">12 000\u20ac<\/td><td class=\"column-5\">15 000\u20ac<\/td><td class=\"column-6\">18 000\u20ac<\/td>\n<\/tr>\n<\/tbody>\n<\/table>\n<!-- #tablepress-5 from cache --><br \/>\n[\/et_pb_text][et_pb_text admin_label=&#8221;Texte : Notes&#8221; _builder_version=&#8221;4.3.3&#8243; text_font=&#8221;||||||||&#8221; header_font=&#8221;||||||||&#8221;]<\/p>\n<p>City tax to be paid on top.<\/p>\n<p>Additional Swedish buffet breakfast for the group (600\u20ac \/ breakfast) or continental breakfast for the group (400\u20ac \/ breakfast).<\/p>\n<p>Additional nights for guests extending their existing accommodation can be booked (depending on the availability) with a discount of 20% from the standard rates. Guests not accommodated at the chateau during the wedding are also welcome to book their stay outside your chosen dates (again depending on the availability) at 10% discount.<\/p>\n<p>You have a free choice of caterer, photographer, band, florist, wedding planner, etc.<\/p>\n<p>With the signed contract, you will receive a dossier with contact details of suppliers who in the past delivered a good service for our guests. You can use them but you do not have to.<\/p>\n<hr \/>\n<p><sup>1<\/sup> rooms and g\u00eetes are available from 15h00 to check in. Room check out is at noon.<br \/> <sup>2<\/sup> Rieutort offers a brunch buffet for 30\u20ac per person (alcoholic drinks at a supplement)<\/p>\n<p>[\/et_pb_text][\/et_pb_column][et_pb_column type=&#8221;1_4&#8243; _builder_version=&#8221;3.25&#8243; custom_padding=&#8221;|||&#8221; custom_padding__hover=&#8221;|||&#8221;][et_pb_text _builder_version=&#8221;3.27.4&#8243;]<br \/>\n[\/et_pb_text][et_pb_cta title=&#8221;Wedding in a French chateau&#8221; button_url=&#8221;https:\/\/www.chateau-rieutort.fr\/wp-content\/uploads\/2021-wedding-offer-eng.pdf&#8221; url_new_window=&#8221;on&#8221; button_text=&#8221;2021 Wedding&#8221; _builder_version=&#8221;4.3.3&#8243; custom_button=&#8221;on&#8221; button_icon=&#8221;%%266%%&#8221; button_icon_placement=&#8221;left&#8221; button_on_hover=&#8221;off&#8221; button_alignment=&#8221;center&#8221; button_custom_padding=&#8221;||||false|false&#8221; module_alignment=&#8221;center&#8221; hover_enabled=&#8221;0&#8243; locked=&#8221;off&#8221;]Download our 2021 wedding offer.[\/et_pb_cta][\/et_pb_column][\/et_pb_row][\/et_pb_section]<\/p>\n","protected":false},"excerpt":{"rendered":"<p>[et_pb_section fb_built=&#8221;1&#8243; fullwidth=&#8221;on&#8221; custom_padding_last_edited=&#8221;off|&#8221; disabled_on=&#8221;off|off|off&#8221; _builder_version=&#8221;3.22.3&#8243;][et_pb_fullwidth_header title=&#8221;Wedding in a French chateau within a vineyard&#8221; text_orientation=&#8221;center&#8221; module_class=&#8221;rieutort&#8221; _builder_version=&#8221;3.16&#8243; background_color=&#8221;rgba(255, 255, 255, 0)&#8221; background_image=&#8221;https:\/\/www.chateau-rieutort.fr\/wp-content\/uploads\/table-de-mariage.jpg&#8221; max_width_tablet=&#8221;50px&#8221; button_one_text_size__hover_enabled=&#8221;off&#8221; button_two_text_size__hover_enabled=&#8221;off&#8221; button_one_text_color__hover_enabled=&#8221;off&#8221; button_two_text_color__hover_enabled=&#8221;off&#8221; button_one_border_width__hover_enabled=&#8221;off&#8221; button_two_border_width__hover_enabled=&#8221;off&#8221; button_one_border_color__hover_enabled=&#8221;off&#8221; button_two_border_color__hover_enabled=&#8221;off&#8221; button_one_border_radius__hover_enabled=&#8221;off&#8221; button_two_border_radius__hover_enabled=&#8221;off&#8221; button_one_letter_spacing__hover_enabled=&#8221;off&#8221; button_two_letter_spacing__hover_enabled=&#8221;off&#8221; button_one_bg_color__hover_enabled=&#8221;off&#8221; button_two_bg_color__hover_enabled=&#8221;off&#8221;][\/et_pb_fullwidth_header][\/et_pb_section][et_pb_section fb_built=&#8221;1&#8243; _builder_version=&#8221;3.22.3&#8243; custom_padding=&#8221;0px|||&#8221; transparent_background=&#8221;off&#8221;][et_pb_row column_structure=&#8221;3_4,1_4&#8243; _builder_version=&#8221;3.25&#8243; background_size=&#8221;initial&#8221; background_position=&#8221;top_left&#8221; background_repeat=&#8221;repeat&#8221;][et_pb_column type=&#8221;3_4&#8243; module_class=&#8221;ecc-location-interval&#8221; _builder_version=&#8221;3.25&#8243; custom_padding=&#8221;|||&#8221; custom_padding__hover=&#8221;|||&#8221;][et_pb_text admin_label=&#8221;Texte: Intro&#8221; _builder_version=&#8221;3.27.4&#8243; text_font=&#8221;||||||||&#8221; [&hellip;]<\/p>\n","protected":false},"author":4,"featured_media":0,"parent":26541,"menu_order":0,"comment_status":"closed","ping_status":"closed","template":"","meta":{"_acf_changed":false,"_et_pb_use_builder":"on","_et_pb_old_content":"","_et_gb_content_width":"","footnotes":""},"class_list":["post-26548","page","type-page","status-publish","hentry"],"acf":[],"yoast_head":"<!-- This site is optimized with the Yoast SEO plugin v26.7 - https:\/\/yoast.com\/wordpress\/plugins\/seo\/ -->\n<title>Wedding in a French Chateau within a vineyard - G\u00eetes &amp; Chambres d&#039;h\u00f4te Ch\u00e2teau Rieutort<\/title>\n<meta name=\"robots\" content=\"index, follow, max-snippet:-1, max-image-preview:large, max-video-preview:-1\" \/>\n<link rel=\"canonical\" href=\"https:\/\/www.chateau-rieutort.fr\/en\/events\/wedding-french-chateau-vineyard\/\" \/>\n<meta property=\"og:locale\" content=\"en_US\" \/>\n<meta property=\"og:type\" content=\"article\" \/>\n<meta property=\"og:title\" content=\"Wedding in a French Chateau within a vineyard - G\u00eetes &amp; Chambres d&#039;h\u00f4te Ch\u00e2teau Rieutort\" \/>\n<meta property=\"og:description\" content=\"[et_pb_section fb_built=&#8221;1&#8243; fullwidth=&#8221;on&#8221; custom_padding_last_edited=&#8221;off|&#8221; disabled_on=&#8221;off|off|off&#8221; _builder_version=&#8221;3.22.3&#8243;][et_pb_fullwidth_header title=&#8221;Wedding in a French chateau within a vineyard&#8221; text_orientation=&#8221;center&#8221; module_class=&#8221;rieutort&#8221; _builder_version=&#8221;3.16&#8243; background_color=&#8221;rgba(255, 255, 255, 0)&#8221; background_image=&#8221;https:\/\/www.chateau-rieutort.fr\/wp-content\/uploads\/table-de-mariage.jpg&#8221; max_width_tablet=&#8221;50px&#8221; button_one_text_size__hover_enabled=&#8221;off&#8221; button_two_text_size__hover_enabled=&#8221;off&#8221; button_one_text_color__hover_enabled=&#8221;off&#8221; button_two_text_color__hover_enabled=&#8221;off&#8221; button_one_border_width__hover_enabled=&#8221;off&#8221; button_two_border_width__hover_enabled=&#8221;off&#8221; button_one_border_color__hover_enabled=&#8221;off&#8221; button_two_border_color__hover_enabled=&#8221;off&#8221; button_one_border_radius__hover_enabled=&#8221;off&#8221; button_two_border_radius__hover_enabled=&#8221;off&#8221; button_one_letter_spacing__hover_enabled=&#8221;off&#8221; button_two_letter_spacing__hover_enabled=&#8221;off&#8221; button_one_bg_color__hover_enabled=&#8221;off&#8221; button_two_bg_color__hover_enabled=&#8221;off&#8221;][\/et_pb_fullwidth_header][\/et_pb_section][et_pb_section fb_built=&#8221;1&#8243; _builder_version=&#8221;3.22.3&#8243; custom_padding=&#8221;0px|||&#8221; transparent_background=&#8221;off&#8221;][et_pb_row column_structure=&#8221;3_4,1_4&#8243; _builder_version=&#8221;3.25&#8243; background_size=&#8221;initial&#8221; background_position=&#8221;top_left&#8221; background_repeat=&#8221;repeat&#8221;][et_pb_column type=&#8221;3_4&#8243; module_class=&#8221;ecc-location-interval&#8221; _builder_version=&#8221;3.25&#8243; custom_padding=&#8221;|||&#8221; custom_padding__hover=&#8221;|||&#8221;][et_pb_text admin_label=&#8221;Texte: Intro&#8221; _builder_version=&#8221;3.27.4&#8243; text_font=&#8221;||||||||&#8221; [&hellip;]\" \/>\n<meta property=\"og:url\" content=\"https:\/\/www.chateau-rieutort.fr\/en\/events\/wedding-french-chateau-vineyard\/\" \/>\n<meta property=\"og:site_name\" content=\"G\u00eetes &amp; Chambres d&#039;h\u00f4te %%sep%% Ch\u00e2teau Rieutort\" \/>\n<meta property=\"article:modified_time\" content=\"2020-05-28T15:18:17+00:00\" \/>\n<meta name=\"twitter:card\" content=\"summary_large_image\" \/>\n<meta name=\"twitter:label1\" content=\"Est. reading time\" \/>\n\t<meta name=\"twitter:data1\" content=\"6 minutes\" \/>\n<script type=\"application\/ld+json\" class=\"yoast-schema-graph\">{\"@context\":\"https:\/\/schema.org\",\"@graph\":[{\"@type\":\"WebPage\",\"@id\":\"https:\/\/www.chateau-rieutort.fr\/en\/events\/wedding-french-chateau-vineyard\/\",\"url\":\"https:\/\/www.chateau-rieutort.fr\/en\/events\/wedding-french-chateau-vineyard\/\",\"name\":\"Wedding in a French Chateau within a vineyard - G\u00eetes &amp; Chambres d&#039;h\u00f4te Ch\u00e2teau Rieutort\",\"isPartOf\":{\"@id\":\"https:\/\/www.chateau-rieutort.fr\/#website\"},\"datePublished\":\"2017-07-12T11:07:44+00:00\",\"dateModified\":\"2020-05-28T15:18:17+00:00\",\"breadcrumb\":{\"@id\":\"https:\/\/www.chateau-rieutort.fr\/en\/events\/wedding-french-chateau-vineyard\/#breadcrumb\"},\"inLanguage\":\"en-US\",\"potentialAction\":[{\"@type\":\"ReadAction\",\"target\":[\"https:\/\/www.chateau-rieutort.fr\/en\/events\/wedding-french-chateau-vineyard\/\"]}]},{\"@type\":\"BreadcrumbList\",\"@id\":\"https:\/\/www.chateau-rieutort.fr\/en\/events\/wedding-french-chateau-vineyard\/#breadcrumb\",\"itemListElement\":[{\"@type\":\"ListItem\",\"position\":1,\"name\":\"Accueil\",\"item\":\"https:\/\/www.chateau-rieutort.fr\/en\/\"},{\"@type\":\"ListItem\",\"position\":2,\"name\":\"Events\",\"item\":\"https:\/\/www.chateau-rieutort.fr\/en\/events\/\"},{\"@type\":\"ListItem\",\"position\":3,\"name\":\"Wedding in a French Chateau within a vineyard\"}]},{\"@type\":\"WebSite\",\"@id\":\"https:\/\/www.chateau-rieutort.fr\/#website\",\"url\":\"https:\/\/www.chateau-rieutort.fr\/\",\"name\":\"G\u00eetes &amp; Chambres d&#039;h\u00f4te %%sep%% Ch\u00e2teau Rieutort\",\"description\":\"Vignoble G\u00eetes Chambres d&#039;h\u00f4tes Languedoc Occitanie\",\"potentialAction\":[{\"@type\":\"SearchAction\",\"target\":{\"@type\":\"EntryPoint\",\"urlTemplate\":\"https:\/\/www.chateau-rieutort.fr\/?s={search_term_string}\"},\"query-input\":{\"@type\":\"PropertyValueSpecification\",\"valueRequired\":true,\"valueName\":\"search_term_string\"}}],\"inLanguage\":\"en-US\"}]}<\/script>\n<!-- \/ Yoast SEO plugin. -->","yoast_head_json":{"title":"Wedding in a French Chateau within a vineyard - G\u00eetes &amp; Chambres d&#039;h\u00f4te Ch\u00e2teau Rieutort","robots":{"index":"index","follow":"follow","max-snippet":"max-snippet:-1","max-image-preview":"max-image-preview:large","max-video-preview":"max-video-preview:-1"},"canonical":"https:\/\/www.chateau-rieutort.fr\/en\/events\/wedding-french-chateau-vineyard\/","og_locale":"en_US","og_type":"article","og_title":"Wedding in a French Chateau within a vineyard - G\u00eetes &amp; Chambres d&#039;h\u00f4te Ch\u00e2teau Rieutort","og_description":"[et_pb_section fb_built=&#8221;1&#8243; fullwidth=&#8221;on&#8221; custom_padding_last_edited=&#8221;off|&#8221; disabled_on=&#8221;off|off|off&#8221; _builder_version=&#8221;3.22.3&#8243;][et_pb_fullwidth_header title=&#8221;Wedding in a French chateau within a vineyard&#8221; text_orientation=&#8221;center&#8221; module_class=&#8221;rieutort&#8221; _builder_version=&#8221;3.16&#8243; background_color=&#8221;rgba(255, 255, 255, 0)&#8221; background_image=&#8221;https:\/\/www.chateau-rieutort.fr\/wp-content\/uploads\/table-de-mariage.jpg&#8221; max_width_tablet=&#8221;50px&#8221; button_one_text_size__hover_enabled=&#8221;off&#8221; button_two_text_size__hover_enabled=&#8221;off&#8221; button_one_text_color__hover_enabled=&#8221;off&#8221; button_two_text_color__hover_enabled=&#8221;off&#8221; button_one_border_width__hover_enabled=&#8221;off&#8221; button_two_border_width__hover_enabled=&#8221;off&#8221; button_one_border_color__hover_enabled=&#8221;off&#8221; button_two_border_color__hover_enabled=&#8221;off&#8221; button_one_border_radius__hover_enabled=&#8221;off&#8221; button_two_border_radius__hover_enabled=&#8221;off&#8221; button_one_letter_spacing__hover_enabled=&#8221;off&#8221; button_two_letter_spacing__hover_enabled=&#8221;off&#8221; button_one_bg_color__hover_enabled=&#8221;off&#8221; button_two_bg_color__hover_enabled=&#8221;off&#8221;][\/et_pb_fullwidth_header][\/et_pb_section][et_pb_section fb_built=&#8221;1&#8243; _builder_version=&#8221;3.22.3&#8243; custom_padding=&#8221;0px|||&#8221; transparent_background=&#8221;off&#8221;][et_pb_row column_structure=&#8221;3_4,1_4&#8243; _builder_version=&#8221;3.25&#8243; background_size=&#8221;initial&#8221; background_position=&#8221;top_left&#8221; background_repeat=&#8221;repeat&#8221;][et_pb_column type=&#8221;3_4&#8243; module_class=&#8221;ecc-location-interval&#8221; _builder_version=&#8221;3.25&#8243; custom_padding=&#8221;|||&#8221; custom_padding__hover=&#8221;|||&#8221;][et_pb_text admin_label=&#8221;Texte: Intro&#8221; _builder_version=&#8221;3.27.4&#8243; text_font=&#8221;||||||||&#8221; [&hellip;]","og_url":"https:\/\/www.chateau-rieutort.fr\/en\/events\/wedding-french-chateau-vineyard\/","og_site_name":"G\u00eetes &amp; Chambres d&#039;h\u00f4te %%sep%% Ch\u00e2teau Rieutort","article_modified_time":"2020-05-28T15:18:17+00:00","twitter_card":"summary_large_image","twitter_misc":{"Est. reading time":"6 minutes"},"schema":{"@context":"https:\/\/schema.org","@graph":[{"@type":"WebPage","@id":"https:\/\/www.chateau-rieutort.fr\/en\/events\/wedding-french-chateau-vineyard\/","url":"https:\/\/www.chateau-rieutort.fr\/en\/events\/wedding-french-chateau-vineyard\/","name":"Wedding in a French Chateau within a vineyard - G\u00eetes &amp; Chambres d&#039;h\u00f4te Ch\u00e2teau Rieutort","isPartOf":{"@id":"https:\/\/www.chateau-rieutort.fr\/#website"},"datePublished":"2017-07-12T11:07:44+00:00","dateModified":"2020-05-28T15:18:17+00:00","breadcrumb":{"@id":"https:\/\/www.chateau-rieutort.fr\/en\/events\/wedding-french-chateau-vineyard\/#breadcrumb"},"inLanguage":"en-US","potentialAction":[{"@type":"ReadAction","target":["https:\/\/www.chateau-rieutort.fr\/en\/events\/wedding-french-chateau-vineyard\/"]}]},{"@type":"BreadcrumbList","@id":"https:\/\/www.chateau-rieutort.fr\/en\/events\/wedding-french-chateau-vineyard\/#breadcrumb","itemListElement":[{"@type":"ListItem","position":1,"name":"Accueil","item":"https:\/\/www.chateau-rieutort.fr\/en\/"},{"@type":"ListItem","position":2,"name":"Events","item":"https:\/\/www.chateau-rieutort.fr\/en\/events\/"},{"@type":"ListItem","position":3,"name":"Wedding in a French Chateau within a vineyard"}]},{"@type":"WebSite","@id":"https:\/\/www.chateau-rieutort.fr\/#website","url":"https:\/\/www.chateau-rieutort.fr\/","name":"G\u00eetes &amp; Chambres d&#039;h\u00f4te %%sep%% Ch\u00e2teau Rieutort","description":"Vignoble G\u00eetes Chambres d&#039;h\u00f4tes Languedoc Occitanie","potentialAction":[{"@type":"SearchAction","target":{"@type":"EntryPoint","urlTemplate":"https:\/\/www.chateau-rieutort.fr\/?s={search_term_string}"},"query-input":{"@type":"PropertyValueSpecification","valueRequired":true,"valueName":"search_term_string"}}],"inLanguage":"en-US"}]}},"_links":{"self":[{"href":"https:\/\/www.chateau-rieutort.fr\/en\/wp-json\/wp\/v2\/pages\/26548","targetHints":{"allow":["GET"]}}],"collection":[{"href":"https:\/\/www.chateau-rieutort.fr\/en\/wp-json\/wp\/v2\/pages"}],"about":[{"href":"https:\/\/www.chateau-rieutort.fr\/en\/wp-json\/wp\/v2\/types\/page"}],"author":[{"embeddable":true,"href":"https:\/\/www.chateau-rieutort.fr\/en\/wp-json\/wp\/v2\/users\/4"}],"replies":[{"embeddable":true,"href":"https:\/\/www.chateau-rieutort.fr\/en\/wp-json\/wp\/v2\/comments?post=26548"}],"version-history":[{"count":24,"href":"https:\/\/www.chateau-rieutort.fr\/en\/wp-json\/wp\/v2\/pages\/26548\/revisions"}],"predecessor-version":[{"id":28050,"href":"https:\/\/www.chateau-rieutort.fr\/en\/wp-json\/wp\/v2\/pages\/26548\/revisions\/28050"}],"up":[{"embeddable":true,"href":"https:\/\/www.chateau-rieutort.fr\/en\/wp-json\/wp\/v2\/pages\/26541"}],"wp:attachment":[{"href":"https:\/\/www.chateau-rieutort.fr\/en\/wp-json\/wp\/v2\/media?parent=26548"}],"curies":[{"name":"wp","href":"https:\/\/api.w.org\/{rel}","templated":true}]}}