{"id":26545,"date":"2017-08-14T11:52:46","date_gmt":"2017-08-14T09:52:46","guid":{"rendered":"https:\/\/www.chateau-rieutort.fr\/events\/pro\/"},"modified":"2025-12-15T10:31:38","modified_gmt":"2025-12-15T09:31:38","slug":"pro","status":"publish","type":"page","link":"https:\/\/www.chateau-rieutort.fr\/en\/events\/pro\/","title":{"rendered":"Evenement Professionnel"},"content":{"rendered":"<p>[et_pb_section fb_built=&#8221;1&#8243; fullwidth=&#8221;on&#8221; disabled_on=&#8221;off|off|off&#8221; custom_padding_last_edited=&#8221;off|&#8221; _builder_version=&#8221;3.0.69&#8243;][et_pb_fullwidth_header title=&#8221;conference, seminar, off-site brainstorming venue&#8221; background_layout=&#8221;dark&#8221; text_orientation=&#8221;center&#8221; module_class=&#8221;rieutort&#8221; _builder_version=&#8221;3.0.85&#8243; background_image=&#8221;https:\/\/www.chateau-rieutort.fr\/wp-content\/uploads\/terrasse-du-chateau.jpg&#8221;][\/et_pb_fullwidth_header][\/et_pb_section][et_pb_section fb_built=&#8221;1&#8243; _builder_version=&#8221;3.0.47&#8243; custom_padding=&#8221;0px|||&#8221; transparent_background=&#8221;off&#8221; locked=&#8221;off&#8221;][et_pb_row parallax_method_1=&#8221;off&#8221; parallax_method_2=&#8221;off&#8221; module_class_1=&#8221;ecc-location-interval&#8221; _builder_version=&#8221;3.0.47&#8243; background_size=&#8221;initial&#8221; background_position=&#8221;top_left&#8221; background_repeat=&#8221;repeat&#8221;][et_pb_column type=&#8221;3_4&#8243; _builder_version=&#8221;3.0.47&#8243; parallax=&#8221;off&#8221; parallax_method=&#8221;off&#8221; module_class=&#8221;ecc-location-interval&#8221;][et_pb_text admin_label=&#8221;Texte: Intro&#8221; _builder_version=&#8221;3.0.84&#8243; text_font=&#8221;||||||||&#8221; header_font=&#8221;||||||||&#8221; background_size=&#8221;initial&#8221; background_position=&#8221;top_left&#8221; background_repeat=&#8221;repeat&#8221; text_orientation=&#8221;justified&#8221; module_alignment=&#8221;justified&#8221;]<\/p>\n<p style=\"text-align: center;\"><strong>A unique venue in France, ideal for team building and off-site brainstorming as well as small conferences and seminars when you want to impress the participants.<\/strong><\/p>\n<p style=\"text-align: center;\">\u00a0Just 50 or so km from Montpellier and 35 km from Beziers international airports, you can get from London to a wine domain in the south of France in some 4 hours using Easyjet or Ryanair. You can also travel with Air France with a Paris connection. <\/p>\n<p>With Ch\u00e2teau Rieutort you can organise an unforgettable business event linked to wine tasting, a banquet or team building.<\/p>\n<p>The historical Orangery will be at your disposal with a projector and screen, an excellent sound system, <span>microphone if needed, flipchart and WiFi. The room <\/span>has plenty of daylight but also <span>has blackout curtains to allow good quality projector presentations. 20 guests can be seated at a U shape table, rather more with theatre style<br \/><\/span><\/p>\n<p>\u200bCoffee breaks\u200b, breakfast, lunch, dinner, wine tasting &amp; a visit to the winery &#8211; all are available on site.<\/p>\n<p>The 21 bedrooms available, 13 have en suite bathrooms while further 8 rooms share 4 bathrooms.<\/p>\n<p>[\/et_pb_text][et_pb_divider color=&#8221;#c1aa7d&#8221; show_divider=&#8221;on&#8221; _builder_version=&#8221;3.0.84&#8243; max_width=&#8221;40%&#8221; module_alignment=&#8221;center&#8221;][\/et_pb_divider][et_pb_text admin_label=&#8221;Texte: Intro&#8221; _builder_version=&#8221;3.0.84&#8243; text_font=&#8221;||||||||&#8221; header_font=&#8221;||||||||&#8221; background_size=&#8221;initial&#8221; background_position=&#8221;top_left&#8221; background_repeat=&#8221;repeat&#8221; text_orientation=&#8221;justified&#8221; module_alignment=&#8221;justified&#8221;]<\/p>\n<h2 style=\"text-align: center;\">Offre professionnelle<\/h2>\n<p>Notre offre au sein de l&#8217;Orangerie comprend :<\/p>\n<ul>\n<li>Une salle de travail climatis\u00e9e (20 personnes, jusqu&#8217;\u00e0 50 en rangs)<\/li>\n<li>Un vid\u00e9o projecteur avec son grand \u00e9cran, son syst\u00e8me son, flipchart et WiFi<\/li>\n<li>Un espace de stationnement pour les voitures<\/li>\n<li>L&#8217;acc\u00e8s aux 2 piscines ext\u00e9rieures, aux v\u00e9los, salle de billard, baby foot et chaise de massage<\/li>\n<li>Une pause caf\u00e9<\/li>\n<li>Une d\u00e9gustation de vin du domaine<\/li>\n<li>2 chambres double dans l&#8217;Orangerie<\/li>\n<\/ul>\n<p>Le Ch\u00e2teau Rieutort s&#8217;occupera de votre journ\u00e9e-s\u00e9minaire avec d\u00e9jeuner, diner, nuit\u00e9e et petit d\u00e9jeuner. Repas \u00e0 la table d&#8217;h\u00f4tes, cocktail d\u00e9jeunatoire et dinatoire. La cuisine maison est r\u00e9alis\u00e9e par la propri\u00e9taire mais nous pouvons \u00e9galement faire appel \u00e0 un traiteur.<\/p>\n<p>La privatisation du ch\u00e2teau est possible pour une ou plusieurs nuit\u00e9es. Cela inclut le parc, les 2 piscines, les 5 chambres \/ suites et 6 g\u00eetes, la salle de r\u00e9ception o\u00f9 jusqu&#8217;\u00e0 100 personnes peuvent \u00eatre assises. Pour accueillir plus de 100 personnes, il faudra pr\u00e9voir l&#8217;accueil de vos invit\u00e9s dans le parc.<\/p>\n\n<table id=\"tablepress-4\" class=\"tablepress tablepress-id-4 tablepress-responsive\">\n<thead>\n<tr class=\"row-1\">\n\t<th class=\"column-1\">L'Orangerie<\/th><th class=\"column-2\">jusqu'\u00e0 10 invit\u00e9s<\/th><th class=\"column-3\">jusqu'\u00e0 20 invit\u00e9s<\/th><th class=\"column-4\">jusqu'\u00e0 30 invit\u00e9s<\/th><td class=\"column-5\"><\/td>\n<\/tr>\n<\/thead>\n<tbody class=\"row-striping row-hover\">\n<tr class=\"row-2\">\n\t<td class=\"column-1\">octobre - avril sauf No\u00ebl et nouvel an<\/td><td class=\"column-2\">500\u20ac<\/td><td class=\"column-3\">750\u20ac<\/td><td class=\"column-4\">900\u20ac<\/td><td class=\"column-5\"><\/td>\n<\/tr>\n<tr class=\"row-3\">\n\t<td class=\"column-1\">Mai - Juin<\/td><td class=\"column-2\">700\u20ac<\/td><td class=\"column-3\">950\u20ac<\/td><td class=\"column-4\">1 100\u20ac<\/td><td class=\"column-5\"><\/td>\n<\/tr>\n<tr class=\"row-4\">\n\t<td class=\"column-1\">mi-juillet - fin ao\u00fbt<\/td><td class=\"column-2\">indisponible<\/td><td class=\"column-3\">indisponible<\/td><td class=\"column-4\">indisponible<\/td><td class=\"column-5\"><\/td>\n<\/tr>\n<tr class=\"row-5\">\n\t<td class=\"column-1\">1\u00e8res semaines de juillet<\/td><td class=\"column-2\">850\u20ac<\/td><td class=\"column-3\">1 100\u20ac<\/td><td class=\"column-4\">1 300\u20ac<\/td><td class=\"column-5\"><\/td>\n<\/tr>\n<\/tbody>\n<\/table>\n<!-- #tablepress-4 from cache -->\n<p>Pour plus d&#8217;informations, conditions et r\u00e9servations, <a href=\"https:\/\/www.chateau-rieutort.fr\/contact\/\">veuillez nous contacter<\/a>.<\/p>\n<p>&nbsp;<\/p>\n<p>[\/et_pb_text][\/et_pb_column][et_pb_column type=&#8221;1_4&#8243; _builder_version=&#8221;3.0.47&#8243; parallax=&#8221;off&#8221; parallax_method=&#8221;off&#8221;][et_pb_code module_class=&#8221;custom-sidebar&#8221; _builder_version=&#8221;3.0.69&#8243;][\/et_pb_code][\/et_pb_column][\/et_pb_row][\/et_pb_section]<\/p>\n","protected":false},"excerpt":{"rendered":"<p>[et_pb_section fb_built=&#8221;1&#8243; fullwidth=&#8221;on&#8221; disabled_on=&#8221;off|off|off&#8221; custom_padding_last_edited=&#8221;off|&#8221; _builder_version=&#8221;3.0.69&#8243;][et_pb_fullwidth_header title=&#8221;conference, seminar, off-site brainstorming venue&#8221; background_layout=&#8221;dark&#8221; text_orientation=&#8221;center&#8221; module_class=&#8221;rieutort&#8221; _builder_version=&#8221;3.0.85&#8243; background_image=&#8221;https:\/\/www.chateau-rieutort.fr\/wp-content\/uploads\/terrasse-du-chateau.jpg&#8221;][\/et_pb_fullwidth_header][\/et_pb_section][et_pb_section fb_built=&#8221;1&#8243; _builder_version=&#8221;3.0.47&#8243; custom_padding=&#8221;0px|||&#8221; transparent_background=&#8221;off&#8221; locked=&#8221;off&#8221;][et_pb_row parallax_method_1=&#8221;off&#8221; parallax_method_2=&#8221;off&#8221; module_class_1=&#8221;ecc-location-interval&#8221; _builder_version=&#8221;3.0.47&#8243; background_size=&#8221;initial&#8221; background_position=&#8221;top_left&#8221; background_repeat=&#8221;repeat&#8221;][et_pb_column type=&#8221;3_4&#8243; _builder_version=&#8221;3.0.47&#8243; parallax=&#8221;off&#8221; parallax_method=&#8221;off&#8221; module_class=&#8221;ecc-location-interval&#8221;][et_pb_text admin_label=&#8221;Texte: Intro&#8221; _builder_version=&#8221;3.0.84&#8243; text_font=&#8221;||||||||&#8221; header_font=&#8221;||||||||&#8221; background_size=&#8221;initial&#8221; background_position=&#8221;top_left&#8221; background_repeat=&#8221;repeat&#8221; text_orientation=&#8221;justified&#8221; module_alignment=&#8221;justified&#8221;] A unique venue in France, ideal for team building and off-site brainstorming [&hellip;]<\/p>\n","protected":false},"author":4,"featured_media":26847,"parent":26541,"menu_order":0,"comment_status":"closed","ping_status":"closed","template":"","meta":{"_acf_changed":false,"_et_pb_use_builder":"on","_et_pb_old_content":"","_et_gb_content_width":"","footnotes":""},"class_list":["post-26545","page","type-page","status-publish","has-post-thumbnail","hentry"],"acf":[],"yoast_head":"<!-- This site is optimized with the Yoast SEO plugin v26.7 - https:\/\/yoast.com\/wordpress\/plugins\/seo\/ -->\n<title>Evenement Professionnel - G\u00eetes &amp; Chambres d&#039;h\u00f4te Ch\u00e2teau Rieutort<\/title>\n<meta name=\"robots\" content=\"index, follow, max-snippet:-1, max-image-preview:large, max-video-preview:-1\" \/>\n<link rel=\"canonical\" href=\"https:\/\/www.chateau-rieutort.fr\/?page_id=25729\" \/>\n<meta property=\"og:locale\" content=\"en_US\" \/>\n<meta property=\"og:type\" content=\"article\" \/>\n<meta property=\"og:title\" content=\"Evenement Professionnel - G\u00eetes &amp; Chambres d&#039;h\u00f4te Ch\u00e2teau Rieutort\" \/>\n<meta property=\"og:description\" content=\"[et_pb_section fb_built=&#8221;1&#8243; fullwidth=&#8221;on&#8221; disabled_on=&#8221;off|off|off&#8221; custom_padding_last_edited=&#8221;off|&#8221; _builder_version=&#8221;3.0.69&#8243;][et_pb_fullwidth_header title=&#8221;conference, seminar, off-site brainstorming venue&#8221; background_layout=&#8221;dark&#8221; text_orientation=&#8221;center&#8221; module_class=&#8221;rieutort&#8221; _builder_version=&#8221;3.0.85&#8243; background_image=&#8221;https:\/\/www.chateau-rieutort.fr\/wp-content\/uploads\/terrasse-du-chateau.jpg&#8221;][\/et_pb_fullwidth_header][\/et_pb_section][et_pb_section fb_built=&#8221;1&#8243; _builder_version=&#8221;3.0.47&#8243; custom_padding=&#8221;0px|||&#8221; transparent_background=&#8221;off&#8221; locked=&#8221;off&#8221;][et_pb_row parallax_method_1=&#8221;off&#8221; parallax_method_2=&#8221;off&#8221; module_class_1=&#8221;ecc-location-interval&#8221; _builder_version=&#8221;3.0.47&#8243; background_size=&#8221;initial&#8221; background_position=&#8221;top_left&#8221; background_repeat=&#8221;repeat&#8221;][et_pb_column type=&#8221;3_4&#8243; _builder_version=&#8221;3.0.47&#8243; parallax=&#8221;off&#8221; parallax_method=&#8221;off&#8221; module_class=&#8221;ecc-location-interval&#8221;][et_pb_text admin_label=&#8221;Texte: Intro&#8221; _builder_version=&#8221;3.0.84&#8243; text_font=&#8221;||||||||&#8221; header_font=&#8221;||||||||&#8221; background_size=&#8221;initial&#8221; background_position=&#8221;top_left&#8221; background_repeat=&#8221;repeat&#8221; text_orientation=&#8221;justified&#8221; module_alignment=&#8221;justified&#8221;] A unique venue in France, ideal for team building and off-site brainstorming [&hellip;]\" \/>\n<meta property=\"og:url\" content=\"https:\/\/www.chateau-rieutort.fr\/?page_id=25729\" \/>\n<meta property=\"og:site_name\" content=\"G\u00eetes &amp; Chambres d&#039;h\u00f4te %%sep%% Ch\u00e2teau Rieutort\" \/>\n<meta property=\"article:modified_time\" content=\"2025-12-15T09:31:38+00:00\" \/>\n<meta property=\"og:image\" content=\"https:\/\/www.chateau-rieutort.fr\/wp-content\/uploads\/terrasse-du-chateau.jpg\" \/>\n\t<meta property=\"og:image:width\" content=\"2048\" \/>\n\t<meta property=\"og:image:height\" content=\"1365\" \/>\n\t<meta property=\"og:image:type\" content=\"image\/jpeg\" \/>\n<meta name=\"twitter:card\" content=\"summary_large_image\" \/>\n<meta name=\"twitter:label1\" content=\"Est. reading time\" \/>\n\t<meta name=\"twitter:data1\" content=\"3 minutes\" \/>\n<script type=\"application\/ld+json\" class=\"yoast-schema-graph\">{\"@context\":\"https:\/\/schema.org\",\"@graph\":[{\"@type\":\"WebPage\",\"@id\":\"https:\/\/www.chateau-rieutort.fr\/?page_id=25729\",\"url\":\"https:\/\/www.chateau-rieutort.fr\/?page_id=25729\",\"name\":\"Evenement Professionnel - G\u00eetes &amp; Chambres d&#039;h\u00f4te Ch\u00e2teau Rieutort\",\"isPartOf\":{\"@id\":\"https:\/\/www.chateau-rieutort.fr\/#website\"},\"primaryImageOfPage\":{\"@id\":\"https:\/\/www.chateau-rieutort.fr\/?page_id=25729#primaryimage\"},\"image\":{\"@id\":\"https:\/\/www.chateau-rieutort.fr\/?page_id=25729#primaryimage\"},\"thumbnailUrl\":\"https:\/\/www.chateau-rieutort.fr\/wp-content\/uploads\/terrasse-du-chateau.jpg\",\"datePublished\":\"2017-08-14T09:52:46+00:00\",\"dateModified\":\"2025-12-15T09:31:38+00:00\",\"breadcrumb\":{\"@id\":\"https:\/\/www.chateau-rieutort.fr\/?page_id=25729#breadcrumb\"},\"inLanguage\":\"en-US\",\"potentialAction\":[{\"@type\":\"ReadAction\",\"target\":[\"https:\/\/www.chateau-rieutort.fr\/?page_id=25729\"]}]},{\"@type\":\"ImageObject\",\"inLanguage\":\"en-US\",\"@id\":\"https:\/\/www.chateau-rieutort.fr\/?page_id=25729#primaryimage\",\"url\":\"https:\/\/www.chateau-rieutort.fr\/wp-content\/uploads\/terrasse-du-chateau.jpg\",\"contentUrl\":\"https:\/\/www.chateau-rieutort.fr\/wp-content\/uploads\/terrasse-du-chateau.jpg\",\"width\":2048,\"height\":1365},{\"@type\":\"BreadcrumbList\",\"@id\":\"https:\/\/www.chateau-rieutort.fr\/?page_id=25729#breadcrumb\",\"itemListElement\":[{\"@type\":\"ListItem\",\"position\":1,\"name\":\"Accueil\",\"item\":\"https:\/\/www.chateau-rieutort.fr\/en\/\"},{\"@type\":\"ListItem\",\"position\":2,\"name\":\"Events\",\"item\":\"https:\/\/www.chateau-rieutort.fr\/en\/events\/\"},{\"@type\":\"ListItem\",\"position\":3,\"name\":\"Evenement Professionnel\"}]},{\"@type\":\"WebSite\",\"@id\":\"https:\/\/www.chateau-rieutort.fr\/#website\",\"url\":\"https:\/\/www.chateau-rieutort.fr\/\",\"name\":\"G\u00eetes &amp; Chambres d&#039;h\u00f4te %%sep%% Ch\u00e2teau Rieutort\",\"description\":\"Vignoble G\u00eetes Chambres d&#039;h\u00f4tes Languedoc Occitanie\",\"potentialAction\":[{\"@type\":\"SearchAction\",\"target\":{\"@type\":\"EntryPoint\",\"urlTemplate\":\"https:\/\/www.chateau-rieutort.fr\/?s={search_term_string}\"},\"query-input\":{\"@type\":\"PropertyValueSpecification\",\"valueRequired\":true,\"valueName\":\"search_term_string\"}}],\"inLanguage\":\"en-US\"}]}<\/script>\n<!-- \/ Yoast SEO plugin. -->","yoast_head_json":{"title":"Evenement Professionnel - G\u00eetes &amp; Chambres d&#039;h\u00f4te Ch\u00e2teau Rieutort","robots":{"index":"index","follow":"follow","max-snippet":"max-snippet:-1","max-image-preview":"max-image-preview:large","max-video-preview":"max-video-preview:-1"},"canonical":"https:\/\/www.chateau-rieutort.fr\/?page_id=25729","og_locale":"en_US","og_type":"article","og_title":"Evenement Professionnel - G\u00eetes &amp; Chambres d&#039;h\u00f4te Ch\u00e2teau Rieutort","og_description":"[et_pb_section fb_built=&#8221;1&#8243; fullwidth=&#8221;on&#8221; disabled_on=&#8221;off|off|off&#8221; custom_padding_last_edited=&#8221;off|&#8221; _builder_version=&#8221;3.0.69&#8243;][et_pb_fullwidth_header title=&#8221;conference, seminar, off-site brainstorming venue&#8221; background_layout=&#8221;dark&#8221; text_orientation=&#8221;center&#8221; module_class=&#8221;rieutort&#8221; _builder_version=&#8221;3.0.85&#8243; background_image=&#8221;https:\/\/www.chateau-rieutort.fr\/wp-content\/uploads\/terrasse-du-chateau.jpg&#8221;][\/et_pb_fullwidth_header][\/et_pb_section][et_pb_section fb_built=&#8221;1&#8243; _builder_version=&#8221;3.0.47&#8243; custom_padding=&#8221;0px|||&#8221; transparent_background=&#8221;off&#8221; locked=&#8221;off&#8221;][et_pb_row parallax_method_1=&#8221;off&#8221; parallax_method_2=&#8221;off&#8221; module_class_1=&#8221;ecc-location-interval&#8221; _builder_version=&#8221;3.0.47&#8243; background_size=&#8221;initial&#8221; background_position=&#8221;top_left&#8221; background_repeat=&#8221;repeat&#8221;][et_pb_column type=&#8221;3_4&#8243; _builder_version=&#8221;3.0.47&#8243; parallax=&#8221;off&#8221; parallax_method=&#8221;off&#8221; module_class=&#8221;ecc-location-interval&#8221;][et_pb_text admin_label=&#8221;Texte: Intro&#8221; _builder_version=&#8221;3.0.84&#8243; text_font=&#8221;||||||||&#8221; header_font=&#8221;||||||||&#8221; background_size=&#8221;initial&#8221; background_position=&#8221;top_left&#8221; background_repeat=&#8221;repeat&#8221; text_orientation=&#8221;justified&#8221; module_alignment=&#8221;justified&#8221;] A unique venue in France, ideal for team building and off-site brainstorming [&hellip;]","og_url":"https:\/\/www.chateau-rieutort.fr\/?page_id=25729","og_site_name":"G\u00eetes &amp; Chambres d&#039;h\u00f4te %%sep%% Ch\u00e2teau Rieutort","article_modified_time":"2025-12-15T09:31:38+00:00","og_image":[{"width":2048,"height":1365,"url":"https:\/\/www.chateau-rieutort.fr\/wp-content\/uploads\/terrasse-du-chateau.jpg","type":"image\/jpeg"}],"twitter_card":"summary_large_image","twitter_misc":{"Est. reading time":"3 minutes"},"schema":{"@context":"https:\/\/schema.org","@graph":[{"@type":"WebPage","@id":"https:\/\/www.chateau-rieutort.fr\/?page_id=25729","url":"https:\/\/www.chateau-rieutort.fr\/?page_id=25729","name":"Evenement Professionnel - G\u00eetes &amp; Chambres d&#039;h\u00f4te Ch\u00e2teau Rieutort","isPartOf":{"@id":"https:\/\/www.chateau-rieutort.fr\/#website"},"primaryImageOfPage":{"@id":"https:\/\/www.chateau-rieutort.fr\/?page_id=25729#primaryimage"},"image":{"@id":"https:\/\/www.chateau-rieutort.fr\/?page_id=25729#primaryimage"},"thumbnailUrl":"https:\/\/www.chateau-rieutort.fr\/wp-content\/uploads\/terrasse-du-chateau.jpg","datePublished":"2017-08-14T09:52:46+00:00","dateModified":"2025-12-15T09:31:38+00:00","breadcrumb":{"@id":"https:\/\/www.chateau-rieutort.fr\/?page_id=25729#breadcrumb"},"inLanguage":"en-US","potentialAction":[{"@type":"ReadAction","target":["https:\/\/www.chateau-rieutort.fr\/?page_id=25729"]}]},{"@type":"ImageObject","inLanguage":"en-US","@id":"https:\/\/www.chateau-rieutort.fr\/?page_id=25729#primaryimage","url":"https:\/\/www.chateau-rieutort.fr\/wp-content\/uploads\/terrasse-du-chateau.jpg","contentUrl":"https:\/\/www.chateau-rieutort.fr\/wp-content\/uploads\/terrasse-du-chateau.jpg","width":2048,"height":1365},{"@type":"BreadcrumbList","@id":"https:\/\/www.chateau-rieutort.fr\/?page_id=25729#breadcrumb","itemListElement":[{"@type":"ListItem","position":1,"name":"Accueil","item":"https:\/\/www.chateau-rieutort.fr\/en\/"},{"@type":"ListItem","position":2,"name":"Events","item":"https:\/\/www.chateau-rieutort.fr\/en\/events\/"},{"@type":"ListItem","position":3,"name":"Evenement Professionnel"}]},{"@type":"WebSite","@id":"https:\/\/www.chateau-rieutort.fr\/#website","url":"https:\/\/www.chateau-rieutort.fr\/","name":"G\u00eetes &amp; Chambres d&#039;h\u00f4te %%sep%% Ch\u00e2teau Rieutort","description":"Vignoble G\u00eetes Chambres d&#039;h\u00f4tes Languedoc Occitanie","potentialAction":[{"@type":"SearchAction","target":{"@type":"EntryPoint","urlTemplate":"https:\/\/www.chateau-rieutort.fr\/?s={search_term_string}"},"query-input":{"@type":"PropertyValueSpecification","valueRequired":true,"valueName":"search_term_string"}}],"inLanguage":"en-US"}]}},"_links":{"self":[{"href":"https:\/\/www.chateau-rieutort.fr\/en\/wp-json\/wp\/v2\/pages\/26545","targetHints":{"allow":["GET"]}}],"collection":[{"href":"https:\/\/www.chateau-rieutort.fr\/en\/wp-json\/wp\/v2\/pages"}],"about":[{"href":"https:\/\/www.chateau-rieutort.fr\/en\/wp-json\/wp\/v2\/types\/page"}],"author":[{"embeddable":true,"href":"https:\/\/www.chateau-rieutort.fr\/en\/wp-json\/wp\/v2\/users\/4"}],"replies":[{"embeddable":true,"href":"https:\/\/www.chateau-rieutort.fr\/en\/wp-json\/wp\/v2\/comments?post=26545"}],"version-history":[{"count":7,"href":"https:\/\/www.chateau-rieutort.fr\/en\/wp-json\/wp\/v2\/pages\/26545\/revisions"}],"predecessor-version":[{"id":27575,"href":"https:\/\/www.chateau-rieutort.fr\/en\/wp-json\/wp\/v2\/pages\/26545\/revisions\/27575"}],"up":[{"embeddable":true,"href":"https:\/\/www.chateau-rieutort.fr\/en\/wp-json\/wp\/v2\/pages\/26541"}],"wp:featuredmedia":[{"embeddable":true,"href":"https:\/\/www.chateau-rieutort.fr\/en\/wp-json\/wp\/v2\/media\/26847"}],"wp:attachment":[{"href":"https:\/\/www.chateau-rieutort.fr\/en\/wp-json\/wp\/v2\/media?parent=26545"}],"curies":[{"name":"wp","href":"https:\/\/api.w.org\/{rel}","templated":true}]}}