{"id":26499,"date":"2017-10-27T09:50:13","date_gmt":"2017-10-27T07:50:13","guid":{"rendered":"https:\/\/www.chateau-rieutort.fr\/?page_id=26499"},"modified":"2019-07-31T14:14:36","modified_gmt":"2019-07-31T12:14:36","slug":"booking","status":"publish","type":"page","link":"https:\/\/www.chateau-rieutort.fr\/en\/booking\/","title":{"rendered":"Booking"},"content":{"rendered":"<p>[et_pb_section fb_built=&#8221;1&#8243; fullwidth=&#8221;on&#8221; custom_padding_last_edited=&#8221;off|&#8221; disabled_on=&#8221;off|off|off&#8221; _builder_version=&#8221;3.22.3&#8243;][et_pb_fullwidth_header title=&#8221;Booking&#8221; text_orientation=&#8221;center&#8221; module_class=&#8221;rieutort&#8221; _builder_version=&#8221;3.16&#8243; background_color=&#8221;rgba(255, 255, 255, 0)&#8221; background_image=&#8221;https:\/\/www.chateau-rieutort.fr\/wp-content\/uploads\/notebook.jpg&#8221; button_one_text_size__hover_enabled=&#8221;off&#8221; button_two_text_size__hover_enabled=&#8221;off&#8221; button_one_text_color__hover_enabled=&#8221;off&#8221; button_two_text_color__hover_enabled=&#8221;off&#8221; button_one_border_width__hover_enabled=&#8221;off&#8221; button_two_border_width__hover_enabled=&#8221;off&#8221; button_one_border_color__hover_enabled=&#8221;off&#8221; button_two_border_color__hover_enabled=&#8221;off&#8221; button_one_border_radius__hover_enabled=&#8221;off&#8221; button_two_border_radius__hover_enabled=&#8221;off&#8221; button_one_letter_spacing__hover_enabled=&#8221;off&#8221; button_two_letter_spacing__hover_enabled=&#8221;off&#8221; button_one_bg_color__hover_enabled=&#8221;off&#8221; button_two_bg_color__hover_enabled=&#8221;off&#8221;][\/et_pb_fullwidth_header][\/et_pb_section][et_pb_section fb_built=&#8221;1&#8243; _builder_version=&#8221;3.22.3&#8243;][et_pb_row make_equal=&#8221;on&#8221; background_position_1=&#8221;top_left&#8221; background_position_2=&#8221;top_left&#8221; background_repeat_1=&#8221;no-repeat&#8221; background_repeat_2=&#8221;no-repeat&#8221; module_class_1=&#8221;border-right&#8221; _builder_version=&#8221;3.22.3&#8243;][et_pb_column type=&#8221;3_4&#8243; _builder_version=&#8221;3.0.47&#8243;][et_pb_code disabled_on=&#8221;off|off|off&#8221; _builder_version=&#8221;3.22.5&#8243;]<iframe src=\"https:\/\/chateaurieutort.cloudbeds.com\/\" class=\"reservation\"><\/iframe>[\/et_pb_code][et_pb_text _builder_version=&#8221;3.0.87&#8243; module_alignment=&#8221;left&#8221; border_style=&#8221;solid&#8221;]<br \/>\n[\/et_pb_text][\/et_pb_column][et_pb_column type=&#8221;1_4&#8243; _builder_version=&#8221;3.0.47&#8243;][et_pb_text admin_label=&#8221;Bon Cadeau&#8221; _builder_version=&#8221;3.0.87&#8243; text_orientation=&#8221;center&#8221; module_alignment=&#8221;center&#8221; custom_margin=&#8221;||50px|&#8221; border_style=&#8221;solid&#8221;]<a href=\"https:\/\/www.chateau-rieutort.fr\/reservation\/bon-cadeau\/\"><img decoding=\"async\" class=\"alignnone wp-image-25867 size-full\" src=\"https:\/\/www.chateau-rieutort.fr\/wp-content\/uploads\/moment-a-la-carte.png\" alt=\"Moment \u00e0 la carte\" \/><br \/>\nOffrez un s\u00e9jour au Ch\u00e2teau<\/a><br \/>\n[\/et_pb_text][\/et_pb_column][\/et_pb_row][\/et_pb_section]<\/p>\n","protected":false},"excerpt":{"rendered":"<p>[et_pb_section fb_built=&#8221;1&#8243; fullwidth=&#8221;on&#8221; custom_padding_last_edited=&#8221;off|&#8221; disabled_on=&#8221;off|off|off&#8221; _builder_version=&#8221;3.22.3&#8243;][et_pb_fullwidth_header title=&#8221;Booking&#8221; text_orientation=&#8221;center&#8221; module_class=&#8221;rieutort&#8221; _builder_version=&#8221;3.16&#8243; background_color=&#8221;rgba(255, 255, 255, 0)&#8221; background_image=&#8221;https:\/\/www.chateau-rieutort.fr\/wp-content\/uploads\/notebook.jpg&#8221; button_one_text_size__hover_enabled=&#8221;off&#8221; button_two_text_size__hover_enabled=&#8221;off&#8221; button_one_text_color__hover_enabled=&#8221;off&#8221; button_two_text_color__hover_enabled=&#8221;off&#8221; button_one_border_width__hover_enabled=&#8221;off&#8221; button_two_border_width__hover_enabled=&#8221;off&#8221; button_one_border_color__hover_enabled=&#8221;off&#8221; button_two_border_color__hover_enabled=&#8221;off&#8221; button_one_border_radius__hover_enabled=&#8221;off&#8221; button_two_border_radius__hover_enabled=&#8221;off&#8221; button_one_letter_spacing__hover_enabled=&#8221;off&#8221; button_two_letter_spacing__hover_enabled=&#8221;off&#8221; button_one_bg_color__hover_enabled=&#8221;off&#8221; button_two_bg_color__hover_enabled=&#8221;off&#8221;][\/et_pb_fullwidth_header][\/et_pb_section][et_pb_section fb_built=&#8221;1&#8243; _builder_version=&#8221;3.22.3&#8243;][et_pb_row make_equal=&#8221;on&#8221; background_position_1=&#8221;top_left&#8221; background_position_2=&#8221;top_left&#8221; background_repeat_1=&#8221;no-repeat&#8221; background_repeat_2=&#8221;no-repeat&#8221; module_class_1=&#8221;border-right&#8221; _builder_version=&#8221;3.22.3&#8243;][et_pb_column type=&#8221;3_4&#8243; _builder_version=&#8221;3.0.47&#8243;][et_pb_code disabled_on=&#8221;off|off|off&#8221; _builder_version=&#8221;3.22.5&#8243;][\/et_pb_code][et_pb_text _builder_version=&#8221;3.0.87&#8243; module_alignment=&#8221;left&#8221; border_style=&#8221;solid&#8221;] [\/et_pb_text][\/et_pb_column][et_pb_column type=&#8221;1_4&#8243; _builder_version=&#8221;3.0.47&#8243;][et_pb_text admin_label=&#8221;Bon Cadeau&#8221; _builder_version=&#8221;3.0.87&#8243; text_orientation=&#8221;center&#8221; module_alignment=&#8221;center&#8221; custom_margin=&#8221;||50px|&#8221; border_style=&#8221;solid&#8221;] [&hellip;]<\/p>\n","protected":false},"author":4,"featured_media":26850,"parent":0,"menu_order":0,"comment_status":"closed","ping_status":"closed","template":"","meta":{"_acf_changed":false,"_et_pb_use_builder":"on","_et_pb_old_content":"","_et_gb_content_width":"","footnotes":""},"class_list":["post-26499","page","type-page","status-publish","has-post-thumbnail","hentry"],"acf":[],"yoast_head":"<!-- This site is optimized with the Yoast SEO plugin v26.7 - https:\/\/yoast.com\/wordpress\/plugins\/seo\/ -->\n<title>Booking - G\u00eetes &amp; Chambres d&#039;h\u00f4te Ch\u00e2teau Rieutort<\/title>\n<meta name=\"robots\" content=\"index, follow, max-snippet:-1, max-image-preview:large, max-video-preview:-1\" \/>\n<link rel=\"canonical\" href=\"https:\/\/www.chateau-rieutort.fr\/reservation\/\" \/>\n<meta property=\"og:locale\" content=\"en_US\" \/>\n<meta property=\"og:type\" content=\"article\" \/>\n<meta property=\"og:title\" content=\"Booking - G\u00eetes &amp; Chambres d&#039;h\u00f4te Ch\u00e2teau Rieutort\" \/>\n<meta property=\"og:description\" content=\"[et_pb_section fb_built=&#8221;1&#8243; fullwidth=&#8221;on&#8221; custom_padding_last_edited=&#8221;off|&#8221; disabled_on=&#8221;off|off|off&#8221; _builder_version=&#8221;3.22.3&#8243;][et_pb_fullwidth_header title=&#8221;Booking&#8221; text_orientation=&#8221;center&#8221; module_class=&#8221;rieutort&#8221; _builder_version=&#8221;3.16&#8243; background_color=&#8221;rgba(255, 255, 255, 0)&#8221; background_image=&#8221;https:\/\/www.chateau-rieutort.fr\/wp-content\/uploads\/notebook.jpg&#8221; button_one_text_size__hover_enabled=&#8221;off&#8221; button_two_text_size__hover_enabled=&#8221;off&#8221; button_one_text_color__hover_enabled=&#8221;off&#8221; button_two_text_color__hover_enabled=&#8221;off&#8221; button_one_border_width__hover_enabled=&#8221;off&#8221; button_two_border_width__hover_enabled=&#8221;off&#8221; button_one_border_color__hover_enabled=&#8221;off&#8221; button_two_border_color__hover_enabled=&#8221;off&#8221; button_one_border_radius__hover_enabled=&#8221;off&#8221; button_two_border_radius__hover_enabled=&#8221;off&#8221; button_one_letter_spacing__hover_enabled=&#8221;off&#8221; button_two_letter_spacing__hover_enabled=&#8221;off&#8221; button_one_bg_color__hover_enabled=&#8221;off&#8221; button_two_bg_color__hover_enabled=&#8221;off&#8221;][\/et_pb_fullwidth_header][\/et_pb_section][et_pb_section fb_built=&#8221;1&#8243; _builder_version=&#8221;3.22.3&#8243;][et_pb_row make_equal=&#8221;on&#8221; background_position_1=&#8221;top_left&#8221; background_position_2=&#8221;top_left&#8221; background_repeat_1=&#8221;no-repeat&#8221; background_repeat_2=&#8221;no-repeat&#8221; module_class_1=&#8221;border-right&#8221; _builder_version=&#8221;3.22.3&#8243;][et_pb_column type=&#8221;3_4&#8243; _builder_version=&#8221;3.0.47&#8243;][et_pb_code disabled_on=&#8221;off|off|off&#8221; _builder_version=&#8221;3.22.5&#8243;][\/et_pb_code][et_pb_text _builder_version=&#8221;3.0.87&#8243; module_alignment=&#8221;left&#8221; border_style=&#8221;solid&#8221;] [\/et_pb_text][\/et_pb_column][et_pb_column type=&#8221;1_4&#8243; _builder_version=&#8221;3.0.47&#8243;][et_pb_text admin_label=&#8221;Bon Cadeau&#8221; _builder_version=&#8221;3.0.87&#8243; text_orientation=&#8221;center&#8221; module_alignment=&#8221;center&#8221; custom_margin=&#8221;||50px|&#8221; border_style=&#8221;solid&#8221;] [&hellip;]\" \/>\n<meta property=\"og:url\" content=\"https:\/\/www.chateau-rieutort.fr\/reservation\/\" \/>\n<meta property=\"og:site_name\" content=\"G\u00eetes &amp; Chambres d&#039;h\u00f4te %%sep%% Ch\u00e2teau Rieutort\" \/>\n<meta property=\"article:modified_time\" content=\"2019-07-31T12:14:36+00:00\" \/>\n<meta property=\"og:image\" content=\"https:\/\/www.chateau-rieutort.fr\/wp-content\/uploads\/notebook.jpg\" \/>\n\t<meta property=\"og:image:width\" content=\"2048\" \/>\n\t<meta property=\"og:image:height\" content=\"1367\" \/>\n\t<meta property=\"og:image:type\" content=\"image\/jpeg\" \/>\n<meta name=\"twitter:card\" content=\"summary_large_image\" \/>\n<meta name=\"twitter:label1\" content=\"Est. reading time\" \/>\n\t<meta name=\"twitter:data1\" content=\"1 minute\" \/>\n<script type=\"application\/ld+json\" class=\"yoast-schema-graph\">{\"@context\":\"https:\/\/schema.org\",\"@graph\":[{\"@type\":\"WebPage\",\"@id\":\"https:\/\/www.chateau-rieutort.fr\/reservation\/\",\"url\":\"https:\/\/www.chateau-rieutort.fr\/reservation\/\",\"name\":\"Booking - G\u00eetes &amp; Chambres d&#039;h\u00f4te Ch\u00e2teau Rieutort\",\"isPartOf\":{\"@id\":\"https:\/\/www.chateau-rieutort.fr\/#website\"},\"primaryImageOfPage\":{\"@id\":\"https:\/\/www.chateau-rieutort.fr\/reservation\/#primaryimage\"},\"image\":{\"@id\":\"https:\/\/www.chateau-rieutort.fr\/reservation\/#primaryimage\"},\"thumbnailUrl\":\"https:\/\/www.chateau-rieutort.fr\/wp-content\/uploads\/notebook.jpg\",\"datePublished\":\"2017-10-27T07:50:13+00:00\",\"dateModified\":\"2019-07-31T12:14:36+00:00\",\"breadcrumb\":{\"@id\":\"https:\/\/www.chateau-rieutort.fr\/reservation\/#breadcrumb\"},\"inLanguage\":\"en-US\",\"potentialAction\":[{\"@type\":\"ReadAction\",\"target\":[\"https:\/\/www.chateau-rieutort.fr\/reservation\/\"]}]},{\"@type\":\"ImageObject\",\"inLanguage\":\"en-US\",\"@id\":\"https:\/\/www.chateau-rieutort.fr\/reservation\/#primaryimage\",\"url\":\"https:\/\/www.chateau-rieutort.fr\/wp-content\/uploads\/notebook.jpg\",\"contentUrl\":\"https:\/\/www.chateau-rieutort.fr\/wp-content\/uploads\/notebook.jpg\",\"width\":2048,\"height\":1367},{\"@type\":\"BreadcrumbList\",\"@id\":\"https:\/\/www.chateau-rieutort.fr\/reservation\/#breadcrumb\",\"itemListElement\":[{\"@type\":\"ListItem\",\"position\":1,\"name\":\"Accueil\",\"item\":\"https:\/\/www.chateau-rieutort.fr\/en\/\"},{\"@type\":\"ListItem\",\"position\":2,\"name\":\"Booking\"}]},{\"@type\":\"WebSite\",\"@id\":\"https:\/\/www.chateau-rieutort.fr\/#website\",\"url\":\"https:\/\/www.chateau-rieutort.fr\/\",\"name\":\"G\u00eetes &amp; Chambres d&#039;h\u00f4te %%sep%% Ch\u00e2teau Rieutort\",\"description\":\"Vignoble G\u00eetes Chambres d&#039;h\u00f4tes Languedoc Occitanie\",\"potentialAction\":[{\"@type\":\"SearchAction\",\"target\":{\"@type\":\"EntryPoint\",\"urlTemplate\":\"https:\/\/www.chateau-rieutort.fr\/?s={search_term_string}\"},\"query-input\":{\"@type\":\"PropertyValueSpecification\",\"valueRequired\":true,\"valueName\":\"search_term_string\"}}],\"inLanguage\":\"en-US\"}]}<\/script>\n<!-- \/ Yoast SEO plugin. -->","yoast_head_json":{"title":"Booking - G\u00eetes &amp; Chambres d&#039;h\u00f4te Ch\u00e2teau Rieutort","robots":{"index":"index","follow":"follow","max-snippet":"max-snippet:-1","max-image-preview":"max-image-preview:large","max-video-preview":"max-video-preview:-1"},"canonical":"https:\/\/www.chateau-rieutort.fr\/reservation\/","og_locale":"en_US","og_type":"article","og_title":"Booking - G\u00eetes &amp; Chambres d&#039;h\u00f4te Ch\u00e2teau Rieutort","og_description":"[et_pb_section fb_built=&#8221;1&#8243; fullwidth=&#8221;on&#8221; custom_padding_last_edited=&#8221;off|&#8221; disabled_on=&#8221;off|off|off&#8221; _builder_version=&#8221;3.22.3&#8243;][et_pb_fullwidth_header title=&#8221;Booking&#8221; text_orientation=&#8221;center&#8221; module_class=&#8221;rieutort&#8221; _builder_version=&#8221;3.16&#8243; background_color=&#8221;rgba(255, 255, 255, 0)&#8221; background_image=&#8221;https:\/\/www.chateau-rieutort.fr\/wp-content\/uploads\/notebook.jpg&#8221; button_one_text_size__hover_enabled=&#8221;off&#8221; button_two_text_size__hover_enabled=&#8221;off&#8221; button_one_text_color__hover_enabled=&#8221;off&#8221; button_two_text_color__hover_enabled=&#8221;off&#8221; button_one_border_width__hover_enabled=&#8221;off&#8221; button_two_border_width__hover_enabled=&#8221;off&#8221; button_one_border_color__hover_enabled=&#8221;off&#8221; button_two_border_color__hover_enabled=&#8221;off&#8221; button_one_border_radius__hover_enabled=&#8221;off&#8221; button_two_border_radius__hover_enabled=&#8221;off&#8221; button_one_letter_spacing__hover_enabled=&#8221;off&#8221; button_two_letter_spacing__hover_enabled=&#8221;off&#8221; button_one_bg_color__hover_enabled=&#8221;off&#8221; button_two_bg_color__hover_enabled=&#8221;off&#8221;][\/et_pb_fullwidth_header][\/et_pb_section][et_pb_section fb_built=&#8221;1&#8243; _builder_version=&#8221;3.22.3&#8243;][et_pb_row make_equal=&#8221;on&#8221; background_position_1=&#8221;top_left&#8221; background_position_2=&#8221;top_left&#8221; background_repeat_1=&#8221;no-repeat&#8221; background_repeat_2=&#8221;no-repeat&#8221; module_class_1=&#8221;border-right&#8221; _builder_version=&#8221;3.22.3&#8243;][et_pb_column type=&#8221;3_4&#8243; _builder_version=&#8221;3.0.47&#8243;][et_pb_code disabled_on=&#8221;off|off|off&#8221; _builder_version=&#8221;3.22.5&#8243;][\/et_pb_code][et_pb_text _builder_version=&#8221;3.0.87&#8243; module_alignment=&#8221;left&#8221; border_style=&#8221;solid&#8221;] [\/et_pb_text][\/et_pb_column][et_pb_column type=&#8221;1_4&#8243; _builder_version=&#8221;3.0.47&#8243;][et_pb_text admin_label=&#8221;Bon Cadeau&#8221; _builder_version=&#8221;3.0.87&#8243; text_orientation=&#8221;center&#8221; module_alignment=&#8221;center&#8221; custom_margin=&#8221;||50px|&#8221; border_style=&#8221;solid&#8221;] [&hellip;]","og_url":"https:\/\/www.chateau-rieutort.fr\/reservation\/","og_site_name":"G\u00eetes &amp; Chambres d&#039;h\u00f4te %%sep%% Ch\u00e2teau Rieutort","article_modified_time":"2019-07-31T12:14:36+00:00","og_image":[{"width":2048,"height":1367,"url":"https:\/\/www.chateau-rieutort.fr\/wp-content\/uploads\/notebook.jpg","type":"image\/jpeg"}],"twitter_card":"summary_large_image","twitter_misc":{"Est. reading time":"1 minute"},"schema":{"@context":"https:\/\/schema.org","@graph":[{"@type":"WebPage","@id":"https:\/\/www.chateau-rieutort.fr\/reservation\/","url":"https:\/\/www.chateau-rieutort.fr\/reservation\/","name":"Booking - G\u00eetes &amp; Chambres d&#039;h\u00f4te Ch\u00e2teau Rieutort","isPartOf":{"@id":"https:\/\/www.chateau-rieutort.fr\/#website"},"primaryImageOfPage":{"@id":"https:\/\/www.chateau-rieutort.fr\/reservation\/#primaryimage"},"image":{"@id":"https:\/\/www.chateau-rieutort.fr\/reservation\/#primaryimage"},"thumbnailUrl":"https:\/\/www.chateau-rieutort.fr\/wp-content\/uploads\/notebook.jpg","datePublished":"2017-10-27T07:50:13+00:00","dateModified":"2019-07-31T12:14:36+00:00","breadcrumb":{"@id":"https:\/\/www.chateau-rieutort.fr\/reservation\/#breadcrumb"},"inLanguage":"en-US","potentialAction":[{"@type":"ReadAction","target":["https:\/\/www.chateau-rieutort.fr\/reservation\/"]}]},{"@type":"ImageObject","inLanguage":"en-US","@id":"https:\/\/www.chateau-rieutort.fr\/reservation\/#primaryimage","url":"https:\/\/www.chateau-rieutort.fr\/wp-content\/uploads\/notebook.jpg","contentUrl":"https:\/\/www.chateau-rieutort.fr\/wp-content\/uploads\/notebook.jpg","width":2048,"height":1367},{"@type":"BreadcrumbList","@id":"https:\/\/www.chateau-rieutort.fr\/reservation\/#breadcrumb","itemListElement":[{"@type":"ListItem","position":1,"name":"Accueil","item":"https:\/\/www.chateau-rieutort.fr\/en\/"},{"@type":"ListItem","position":2,"name":"Booking"}]},{"@type":"WebSite","@id":"https:\/\/www.chateau-rieutort.fr\/#website","url":"https:\/\/www.chateau-rieutort.fr\/","name":"G\u00eetes &amp; Chambres d&#039;h\u00f4te %%sep%% Ch\u00e2teau Rieutort","description":"Vignoble G\u00eetes Chambres d&#039;h\u00f4tes Languedoc Occitanie","potentialAction":[{"@type":"SearchAction","target":{"@type":"EntryPoint","urlTemplate":"https:\/\/www.chateau-rieutort.fr\/?s={search_term_string}"},"query-input":{"@type":"PropertyValueSpecification","valueRequired":true,"valueName":"search_term_string"}}],"inLanguage":"en-US"}]}},"_links":{"self":[{"href":"https:\/\/www.chateau-rieutort.fr\/en\/wp-json\/wp\/v2\/pages\/26499","targetHints":{"allow":["GET"]}}],"collection":[{"href":"https:\/\/www.chateau-rieutort.fr\/en\/wp-json\/wp\/v2\/pages"}],"about":[{"href":"https:\/\/www.chateau-rieutort.fr\/en\/wp-json\/wp\/v2\/types\/page"}],"author":[{"embeddable":true,"href":"https:\/\/www.chateau-rieutort.fr\/en\/wp-json\/wp\/v2\/users\/4"}],"replies":[{"embeddable":true,"href":"https:\/\/www.chateau-rieutort.fr\/en\/wp-json\/wp\/v2\/comments?post=26499"}],"version-history":[{"count":2,"href":"https:\/\/www.chateau-rieutort.fr\/en\/wp-json\/wp\/v2\/pages\/26499\/revisions"}],"predecessor-version":[{"id":27678,"href":"https:\/\/www.chateau-rieutort.fr\/en\/wp-json\/wp\/v2\/pages\/26499\/revisions\/27678"}],"wp:featuredmedia":[{"embeddable":true,"href":"https:\/\/www.chateau-rieutort.fr\/en\/wp-json\/wp\/v2\/media\/26850"}],"wp:attachment":[{"href":"https:\/\/www.chateau-rieutort.fr\/en\/wp-json\/wp\/v2\/media?parent=26499"}],"curies":[{"name":"wp","href":"https:\/\/api.w.org\/{rel}","templated":true}]}}